{"id":5054,"date":"2024-11-16T12:54:27","date_gmt":"2024-11-16T11:54:27","guid":{"rendered":"https:\/\/webmuestra.com\/quelagrow\/ernesto-rivera\/"},"modified":"2026-01-19T12:21:07","modified_gmt":"2026-01-19T11:21:07","slug":"ernesto-rivera","status":"publish","type":"page","link":"https:\/\/www.quelagrow.com\/fr\/ernesto-rivera\/","title":{"rendered":"Ernesto Rivera"},"content":{"rendered":"\t\t<div data-elementor-type=\"wp-page\" data-elementor-id=\"5054\" class=\"elementor elementor-5054 elementor-4542\" data-elementor-post-type=\"page\">\n\t\t\t\t<div class=\"elementor-element elementor-element-b6709c0 e-flex e-con-boxed e-con e-parent\" data-id=\"b6709c0\" data-element_type=\"container\" data-e-type=\"container\" data-settings=\"{&quot;background_background&quot;:&quot;classic&quot;}\">\n\t\t\t\t\t<div class=\"e-con-inner\">\n\t\t\t\t<div class=\"elementor-element elementor-element-5cf361b elementor-widget elementor-widget-heading\" data-id=\"5cf361b\" data-element_type=\"widget\" data-e-type=\"widget\" data-widget_type=\"heading.default\">\n\t\t\t\t<div class=\"elementor-widget-container\">\n\t\t\t\t\t<h1 class=\"elementor-heading-title elementor-size-default\"><strong>Ernesto Rivera<\/strong>, agronome et sp\u00e9cialiste de l'agriculture durable<\/h1>\t\t\t\t<\/div>\n\t\t\t\t<\/div>\n\t\t\t\t\t<\/div>\n\t\t\t\t<\/div>\n\t\t<div class=\"elementor-element elementor-element-3252d36 e-flex e-con-boxed e-con e-parent\" data-id=\"3252d36\" data-element_type=\"container\" data-e-type=\"container\">\n\t\t\t\t\t<div class=\"e-con-inner\">\n\t\t\t\t<div class=\"elementor-element elementor-element-ec4fdf5 elementor-widget elementor-widget-text-editor\" data-id=\"ec4fdf5\" data-element_type=\"widget\" data-e-type=\"widget\" data-widget_type=\"text-editor.default\">\n\t\t\t\t<div class=\"elementor-widget-container\">\n\t\t\t\t\t\t\t\t\t<p><span style=\"font-weight: 400;\">Ernesto Rivera dirige Quelagrow en tant que r\u00e9f\u00e9rence en mati\u00e8re d&rsquo;innovation agricole et de durabilit\u00e9, en d\u00e9veloppant des solutions qui am\u00e9liorent les rendements des cultures et respectent l&rsquo;environnement.<\/span><\/p>\n\t\t\t\t\t\t\t\t<\/div>\n\t\t\t\t<\/div>\n\t\t\t\t\t<\/div>\n\t\t\t\t<\/div>\n\t\t<div class=\"elementor-element elementor-element-3feba8b e-flex e-con-boxed e-con e-parent\" data-id=\"3feba8b\" data-element_type=\"container\" data-e-type=\"container\">\n\t\t\t\t\t<div class=\"e-con-inner\">\n\t\t<div class=\"elementor-element elementor-element-b569249 e-con-full e-flex e-con e-child\" data-id=\"b569249\" data-element_type=\"container\" data-e-type=\"container\">\n\t\t\t\t<div class=\"elementor-element elementor-element-f2ed474 elementor-widget elementor-widget-image\" data-id=\"f2ed474\" data-element_type=\"widget\" data-e-type=\"widget\" data-widget_type=\"image.default\">\n\t\t\t\t<div class=\"elementor-widget-container\">\n\t\t\t\t\t\t\t\t\t\t\t\t\t\t\t<img fetchpriority=\"high\" decoding=\"async\" width=\"796\" height=\"791\" src=\"https:\/\/www.quelagrow.com\/wp-content\/uploads\/Captura-de-pantalla-2026-01-19-121302.png\" class=\"attachment-large size-large wp-image-7822\" alt=\"ernesto rivera ceo de quelagrow\" srcset=\"https:\/\/www.quelagrow.com\/wp-content\/uploads\/Captura-de-pantalla-2026-01-19-121302.png 796w, https:\/\/www.quelagrow.com\/wp-content\/uploads\/Captura-de-pantalla-2026-01-19-121302-300x298.png 300w, https:\/\/www.quelagrow.com\/wp-content\/uploads\/Captura-de-pantalla-2026-01-19-121302-150x150.png 150w, https:\/\/www.quelagrow.com\/wp-content\/uploads\/Captura-de-pantalla-2026-01-19-121302-768x763.png 768w, https:\/\/www.quelagrow.com\/wp-content\/uploads\/Captura-de-pantalla-2026-01-19-121302-100x100.png 100w\" sizes=\"(max-width: 796px) 100vw, 796px\" \/>\t\t\t\t\t\t\t\t\t\t\t\t\t\t\t<\/div>\n\t\t\t\t<\/div>\n\t\t<div class=\"elementor-element elementor-element-9145136 e-con-full e-flex e-con e-child\" data-id=\"9145136\" data-element_type=\"container\" data-e-type=\"container\">\n\t\t\t\t<div class=\"elementor-element elementor-element-b98cc25 elementor-widget elementor-widget-text-editor\" data-id=\"b98cc25\" data-element_type=\"widget\" data-e-type=\"widget\" data-widget_type=\"text-editor.default\">\n\t\t\t\t<div class=\"elementor-widget-container\">\n\t\t\t\t\t\t\t\t\t<p><a href=\"https:\/\/www.linkedin.com\/in\/ernesto-rivera-q-127b3077\/\" target=\"_blank\" rel=\"noopener\">Profil Linkedin d&rsquo;Ernesto Rivera<\/a><\/p>\n\t\t\t\t\t\t\t\t<\/div>\n\t\t\t\t<\/div>\n\t\t\t\t<div class=\"elementor-element elementor-element-d42564d elementor-widget__width-initial elementor-shape-rounded elementor-grid-0 e-grid-align-center elementor-widget elementor-widget-social-icons\" data-id=\"d42564d\" data-element_type=\"widget\" data-e-type=\"widget\" data-widget_type=\"social-icons.default\">\n\t\t\t\t<div class=\"elementor-widget-container\">\n\t\t\t\t\t\t\t<div class=\"elementor-social-icons-wrapper elementor-grid\">\n\t\t\t\t\t\t\t<span class=\"elementor-grid-item\">\n\t\t\t\t\t<a class=\"elementor-icon elementor-social-icon elementor-social-icon-linkedin elementor-repeater-item-3f65c33\" href=\"https:\/\/www.linkedin.com\/in\/ernesto-rivera-q-127b3077\/\" target=\"_blank\" rel=\"noopener\">\n\t\t\t\t\t\t<span class=\"elementor-screen-only\">Linkedin<\/span>\n\t\t\t\t\t\t<svg aria-hidden=\"true\" class=\"e-font-icon-svg e-fab-linkedin\" viewBox=\"0 0 448 512\" xmlns=\"http:\/\/www.w3.org\/2000\/svg\"><path d=\"M416 32H31.9C14.3 32 0 46.5 0 64.3v383.4C0 465.5 14.3 480 31.9 480H416c17.6 0 32-14.5 32-32.3V64.3c0-17.8-14.4-32.3-32-32.3zM135.4 416H69V202.2h66.5V416zm-33.2-243c-21.3 0-38.5-17.3-38.5-38.5S80.9 96 102.2 96c21.2 0 38.5 17.3 38.5 38.5 0 21.3-17.2 38.5-38.5 38.5zm282.1 243h-66.4V312c0-24.8-.5-56.7-34.5-56.7-34.6 0-39.9 27-39.9 54.9V416h-66.4V202.2h63.7v29.2h.9c8.9-16.8 30.6-34.5 62.9-34.5 67.2 0 79.7 44.3 79.7 101.9V416z\"><\/path><\/svg>\t\t\t\t\t<\/a>\n\t\t\t\t<\/span>\n\t\t\t\t\t<\/div>\n\t\t\t\t\t\t<\/div>\n\t\t\t\t<\/div>\n\t\t\t\t<\/div>\n\t\t\t\t<\/div>\n\t\t<div class=\"elementor-element elementor-element-83af4c1 e-con-full e-flex e-con e-child\" data-id=\"83af4c1\" data-element_type=\"container\" data-e-type=\"container\">\n\t\t\t\t<div class=\"elementor-element elementor-element-dc2ee3a elementor-widget elementor-widget-heading\" data-id=\"dc2ee3a\" data-element_type=\"widget\" data-e-type=\"widget\" data-widget_type=\"heading.default\">\n\t\t\t\t<div class=\"elementor-widget-container\">\n\t\t\t\t\t<h2 class=\"elementor-heading-title elementor-size-default\">Exp\u00e9rience professionnelle<\/h2>\t\t\t\t<\/div>\n\t\t\t\t<\/div>\n\t\t\t\t<div class=\"elementor-element elementor-element-ed6f259 elementor-align-left elementor-widget elementor-widget-xpro-infolist\" data-id=\"ed6f259\" data-element_type=\"widget\" data-e-type=\"widget\" data-widget_type=\"xpro-infolist.default\">\n\t\t\t\t<div class=\"elementor-widget-container\">\n\t\t\t\t\t<ul class=\"xpro-infolist-wrapper xpro-infolist-layout-vertical\">\n\t\t\t<li class=\"xpro-infolist-item elementor-repeater-item-819218d\">\n\t\t\t\t\t\t\t\t\t\t<div class=\"xpro-infolist-media xpro-infolist-media-type-icon\">\n\t\t\t\t\t<svg aria-hidden=\"true\" class=\"e-font-icon-svg e-fas-check\" viewBox=\"0 0 512 512\" xmlns=\"http:\/\/www.w3.org\/2000\/svg\"><path d=\"M173.898 439.404l-166.4-166.4c-9.997-9.997-9.997-26.206 0-36.204l36.203-36.204c9.997-9.998 26.207-9.998 36.204 0L192 312.69 432.095 72.596c9.997-9.997 26.207-9.997 36.204 0l36.203 36.204c9.997 9.997 9.997 26.206 0 36.204l-294.4 294.401c-9.998 9.997-26.207 9.997-36.204-.001z\"><\/path><\/svg>\t\t\t\t<\/div>\n\t\t\t\n\t\t\t<div class=\"xpro-infolist-content\">\n\t\t\t\t                <h3 class=\"xpro-infolist-title\"> Directeur g\u00e9n\u00e9ral - Quelagrow Ib\u00e9rica (2008 - en cours) <\/h3>\n                \t\t\t\t\t\t\t\t\t<p class=\"xpro-infolist-desc\">Responsable de la strat\u00e9gie globale de Quelagrow et du d\u00e9veloppement de produits sp\u00e9cialis\u00e9s.\n<\/p>\n\t\t\t\t\t\t\t<\/div>\n\t\t\t\t\t<\/li>\n\t\t\t<li class=\"xpro-infolist-item elementor-repeater-item-444c2b2\">\n\t\t\t\t\t\t\t\t\t\t<div class=\"xpro-infolist-media xpro-infolist-media-type-icon\">\n\t\t\t\t\t<svg aria-hidden=\"true\" class=\"e-font-icon-svg e-fas-check\" viewBox=\"0 0 512 512\" xmlns=\"http:\/\/www.w3.org\/2000\/svg\"><path d=\"M173.898 439.404l-166.4-166.4c-9.997-9.997-9.997-26.206 0-36.204l36.203-36.204c9.997-9.998 26.207-9.998 36.204 0L192 312.69 432.095 72.596c9.997-9.997 26.207-9.997 36.204 0l36.203 36.204c9.997 9.997 9.997 26.206 0 36.204l-294.4 294.401c-9.998 9.997-26.207 9.997-36.204-.001z\"><\/path><\/svg>\t\t\t\t<\/div>\n\t\t\t\n\t\t\t<div class=\"xpro-infolist-content\">\n\t\t\t\t                <h3 class=\"xpro-infolist-title\"> Administrateur - Quelagrow Ib\u00e9rica (2008 - pr\u00e9sent) <\/h3>\n                \t\t\t\t\t\t\t\t\t<p class=\"xpro-infolist-desc\">Elle supervise le d\u00e9veloppement et la production d'engrais, en veillant \u00e0 l'adaptabilit\u00e9 des produits et des emballages.<\/p>\n\t\t\t\t\t\t\t<\/div>\n\t\t\t\t\t<\/li>\n\t\t\t<li class=\"xpro-infolist-item elementor-repeater-item-5ed7e6c\">\n\t\t\t\t\t\t\t\t\t\t<div class=\"xpro-infolist-media xpro-infolist-media-type-icon\">\n\t\t\t\t\t<svg aria-hidden=\"true\" class=\"e-font-icon-svg e-fas-check\" viewBox=\"0 0 512 512\" xmlns=\"http:\/\/www.w3.org\/2000\/svg\"><path d=\"M173.898 439.404l-166.4-166.4c-9.997-9.997-9.997-26.206 0-36.204l36.203-36.204c9.997-9.998 26.207-9.998 36.204 0L192 312.69 432.095 72.596c9.997-9.997 26.207-9.997 36.204 0l36.203 36.204c9.997 9.997 9.997 26.206 0 36.204l-294.4 294.401c-9.998 9.997-26.207 9.997-36.204-.001z\"><\/path><\/svg>\t\t\t\t<\/div>\n\t\t\t\n\t\t\t<div class=\"xpro-infolist-content\">\n\t\t\t\t                <h3 class=\"xpro-infolist-title\"> Administrateur - INAGRO (2004 - 2007) <\/h3>\n                \t\t\t\t\t\t\t\t\t<p class=\"xpro-infolist-desc\">Gestion et optimisation des op\u00e9rations agricoles.<\/p>\n\t\t\t\t\t\t\t<\/div>\n\t\t\t\t\t<\/li>\n\t\t\t<li class=\"xpro-infolist-item elementor-repeater-item-66ccd8f\">\n\t\t\t\t\t\t\t\t\t\t<div class=\"xpro-infolist-media xpro-infolist-media-type-icon\">\n\t\t\t\t\t<svg aria-hidden=\"true\" class=\"e-font-icon-svg e-fas-check\" viewBox=\"0 0 512 512\" xmlns=\"http:\/\/www.w3.org\/2000\/svg\"><path d=\"M173.898 439.404l-166.4-166.4c-9.997-9.997-9.997-26.206 0-36.204l36.203-36.204c9.997-9.998 26.207-9.998 36.204 0L192 312.69 432.095 72.596c9.997-9.997 26.207-9.997 36.204 0l36.203 36.204c9.997 9.997 9.997 26.206 0 36.204l-294.4 294.401c-9.998 9.997-26.207 9.997-36.204-.001z\"><\/path><\/svg>\t\t\t\t<\/div>\n\t\t\t\n\t\t\t<div class=\"xpro-infolist-content\">\n\t\t\t\t                <h3 class=\"xpro-infolist-title\"> Directeur - Laboratoires Quiver (2002 - 2003) <\/h3>\n                \t\t\t\t\t\t\t\t\t<p class=\"xpro-infolist-desc\">Il a dirig\u00e9 la gestion de l'entreprise d'Almeria, qui d\u00e9veloppe des produits phytosanitaires.<\/p>\n\t\t\t\t\t\t\t<\/div>\n\t\t\t\t\t<\/li>\n\t\t\t<li class=\"xpro-infolist-item elementor-repeater-item-083a046\">\n\t\t\t\t\t\t\t\t\t\t<div class=\"xpro-infolist-media xpro-infolist-media-type-icon\">\n\t\t\t\t\t<svg aria-hidden=\"true\" class=\"e-font-icon-svg e-fas-check\" viewBox=\"0 0 512 512\" xmlns=\"http:\/\/www.w3.org\/2000\/svg\"><path d=\"M173.898 439.404l-166.4-166.4c-9.997-9.997-9.997-26.206 0-36.204l36.203-36.204c9.997-9.998 26.207-9.998 36.204 0L192 312.69 432.095 72.596c9.997-9.997 26.207-9.997 36.204 0l36.203 36.204c9.997 9.997 9.997 26.206 0 36.204l-294.4 294.401c-9.998 9.997-26.207 9.997-36.204-.001z\"><\/path><\/svg>\t\t\t\t<\/div>\n\t\t\t\n\t\t\t<div class=\"xpro-infolist-content\">\n\t\t\t\t                <h3 class=\"xpro-infolist-title\"> Chef de section - Centres commerciaux Continente (Groupe Carrefour) (2000 - 2002) <\/h3>\n                \t\t\t\t\t\t\t\t\t<p class=\"xpro-infolist-desc\">Gestion de sections commerciales, d\u00e9veloppement de comp\u00e9tences en mati\u00e8re de leadership et d'organisation.<\/p>\n\t\t\t\t\t\t\t<\/div>\n\t\t\t\t\t<\/li>\n\t<\/ul>\n\t\t\t\t<\/div>\n\t\t\t\t<\/div>\n\t\t\t\t<\/div>\n\t\t\t\t\t<\/div>\n\t\t\t\t<\/div>\n\t\t<div class=\"elementor-element elementor-element-481c27d e-flex e-con-boxed e-con e-parent\" data-id=\"481c27d\" data-element_type=\"container\" data-e-type=\"container\">\n\t\t\t\t\t<div class=\"e-con-inner\">\n\t\t<div class=\"elementor-element elementor-element-a0eafdd e-con-full e-flex e-con e-child\" data-id=\"a0eafdd\" data-element_type=\"container\" data-e-type=\"container\" data-settings=\"{&quot;background_background&quot;:&quot;classic&quot;}\">\n\t\t\t\t<div class=\"elementor-element elementor-element-fd71dc0 elementor-widget elementor-widget-heading\" data-id=\"fd71dc0\" data-element_type=\"widget\" data-e-type=\"widget\" data-widget_type=\"heading.default\">\n\t\t\t\t<div class=\"elementor-widget-container\">\n\t\t\t\t\t<h2 class=\"elementor-heading-title elementor-size-default\">Formation<\/h2>\t\t\t\t<\/div>\n\t\t\t\t<\/div>\n\t\t\t\t<div class=\"elementor-element elementor-element-2c3a086 elementor-align-left elementor-widget elementor-widget-xpro-infolist\" data-id=\"2c3a086\" data-element_type=\"widget\" data-e-type=\"widget\" data-widget_type=\"xpro-infolist.default\">\n\t\t\t\t<div class=\"elementor-widget-container\">\n\t\t\t\t\t<ul class=\"xpro-infolist-wrapper xpro-infolist-layout-vertical\">\n\t\t\t<li class=\"xpro-infolist-item elementor-repeater-item-819218d\">\n\t\t\t\t\t\t\t\t\t\t<div class=\"xpro-infolist-media xpro-infolist-media-type-icon\">\n\t\t\t\t\t<svg aria-hidden=\"true\" class=\"e-font-icon-svg e-fas-check\" viewBox=\"0 0 512 512\" xmlns=\"http:\/\/www.w3.org\/2000\/svg\"><path d=\"M173.898 439.404l-166.4-166.4c-9.997-9.997-9.997-26.206 0-36.204l36.203-36.204c9.997-9.998 26.207-9.998 36.204 0L192 312.69 432.095 72.596c9.997-9.997 26.207-9.997 36.204 0l36.203 36.204c9.997 9.997 9.997 26.206 0 36.204l-294.4 294.401c-9.998 9.997-26.207 9.997-36.204-.001z\"><\/path><\/svg>\t\t\t\t<\/div>\n\t\t\t\n\t\t\t<div class=\"xpro-infolist-content\">\n\t\t\t\t                <h3 class=\"xpro-infolist-title\">  Ing\u00e9nieur agronome - ETSIAM C\u00f3rdoba (1990 - 1996) <\/h3>\n                \t\t\t\t\t\t\t\t\t<p class=\"xpro-infolist-desc\">Ing\u00e9nieur agronome dipl\u00f4m\u00e9, sp\u00e9cialis\u00e9 dans l'optimisation des syst\u00e8mes agricoles et l'am\u00e9lioration de la production.<\/p>\n\t\t\t\t\t\t\t<\/div>\n\t\t\t\t\t<\/li>\n\t\t\t<li class=\"xpro-infolist-item elementor-repeater-item-444c2b2\">\n\t\t\t\t\t\t\t\t\t\t<div class=\"xpro-infolist-media xpro-infolist-media-type-icon\">\n\t\t\t\t\t<svg aria-hidden=\"true\" class=\"e-font-icon-svg e-fas-check\" viewBox=\"0 0 512 512\" xmlns=\"http:\/\/www.w3.org\/2000\/svg\"><path d=\"M173.898 439.404l-166.4-166.4c-9.997-9.997-9.997-26.206 0-36.204l36.203-36.204c9.997-9.998 26.207-9.998 36.204 0L192 312.69 432.095 72.596c9.997-9.997 26.207-9.997 36.204 0l36.203 36.204c9.997 9.997 9.997 26.206 0 36.204l-294.4 294.401c-9.998 9.997-26.207 9.997-36.204-.001z\"><\/path><\/svg>\t\t\t\t<\/div>\n\t\t\t\n\t\t\t<div class=\"xpro-infolist-content\">\n\t\t\t\t                <h3 class=\"xpro-infolist-title\"> Master en gestion de l&#039;environnement - Universit\u00e9 et entreprise (2004) <\/h3>\n                \t\t\t\t\t\t\t\t\t<p class=\"xpro-infolist-desc\">Sp\u00e9cialisation dans les pratiques agricoles durables et le respect de l'environnement.\n<\/p>\n\t\t\t\t\t\t\t<\/div>\n\t\t\t\t\t<\/li>\n\t\t\t<li class=\"xpro-infolist-item elementor-repeater-item-5ed7e6c\">\n\t\t\t\t\t\t\t\t\t\t<div class=\"xpro-infolist-media xpro-infolist-media-type-icon\">\n\t\t\t\t\t<svg aria-hidden=\"true\" class=\"e-font-icon-svg e-fas-check\" viewBox=\"0 0 512 512\" xmlns=\"http:\/\/www.w3.org\/2000\/svg\"><path d=\"M173.898 439.404l-166.4-166.4c-9.997-9.997-9.997-26.206 0-36.204l36.203-36.204c9.997-9.998 26.207-9.998 36.204 0L192 312.69 432.095 72.596c9.997-9.997 26.207-9.997 36.204 0l36.203 36.204c9.997 9.997 9.997 26.206 0 36.204l-294.4 294.401c-9.998 9.997-26.207 9.997-36.204-.001z\"><\/path><\/svg>\t\t\t\t<\/div>\n\t\t\t\n\t\t\t<div class=\"xpro-infolist-content\">\n\t\t\t\t                <h3 class=\"xpro-infolist-title\"> Master en gestion de la qualit\u00e9 - Universit\u00e9 et entreprise (2003) <\/h3>\n                \t\t\t\t\t\t\t\t\t<p class=\"xpro-infolist-desc\">Formation aux techniques permettant de garantir des normes \u00e9lev\u00e9es dans les processus de production.\n<\/p>\n\t\t\t\t\t\t\t<\/div>\n\t\t\t\t\t<\/li>\n\t\t\t<li class=\"xpro-infolist-item elementor-repeater-item-66ccd8f\">\n\t\t\t\t\t\t\t\t\t\t<div class=\"xpro-infolist-media xpro-infolist-media-type-icon\">\n\t\t\t\t\t<svg aria-hidden=\"true\" class=\"e-font-icon-svg e-fas-check\" viewBox=\"0 0 512 512\" xmlns=\"http:\/\/www.w3.org\/2000\/svg\"><path d=\"M173.898 439.404l-166.4-166.4c-9.997-9.997-9.997-26.206 0-36.204l36.203-36.204c9.997-9.998 26.207-9.998 36.204 0L192 312.69 432.095 72.596c9.997-9.997 26.207-9.997 36.204 0l36.203 36.204c9.997 9.997 9.997 26.206 0 36.204l-294.4 294.401c-9.998 9.997-26.207 9.997-36.204-.001z\"><\/path><\/svg>\t\t\t\t<\/div>\n\t\t\t\n\t\t\t<div class=\"xpro-infolist-content\">\n\t\t\t\t                <h3 class=\"xpro-infolist-title\"> Ma\u00eetrise en pr\u00e9vention des risques professionnels, sp\u00e9cialit\u00e9 s\u00e9curit\u00e9 - Universit\u00e9 et entreprise (2002) <\/h3>\n                \t\t\t\t\t\t\t\t\t<p class=\"xpro-infolist-desc\">L'accent est mis sur la s\u00e9curit\u00e9 au travail dans l'agriculture.<\/p>\n\t\t\t\t\t\t\t<\/div>\n\t\t\t\t\t<\/li>\n\t<\/ul>\n\t\t\t\t<\/div>\n\t\t\t\t<\/div>\n\t\t\t\t<\/div>\n\t\t<div class=\"elementor-element elementor-element-300ab5b e-con-full e-flex e-con e-child\" data-id=\"300ab5b\" data-element_type=\"container\" data-e-type=\"container\">\n\t\t\t\t<div class=\"elementor-element elementor-element-d643756 elementor-widget elementor-widget-heading\" data-id=\"d643756\" data-element_type=\"widget\" data-e-type=\"widget\" data-widget_type=\"heading.default\">\n\t\t\t\t<div class=\"elementor-widget-container\">\n\t\t\t\t\t<h2 class=\"elementor-heading-title elementor-size-default\">Articles \u00e9crits par Ernesto<\/h2>\t\t\t\t<\/div>\n\t\t\t\t<\/div>\n\t\t\t\t<div class=\"elementor-element elementor-element-ff25efc elementor-grid-1 elementor-posts--thumbnail-none elementor-grid-tablet-2 elementor-grid-mobile-1 elementor-widget elementor-widget-posts\" data-id=\"ff25efc\" data-element_type=\"widget\" data-e-type=\"widget\" data-settings=\"{&quot;classic_columns&quot;:&quot;1&quot;,&quot;classic_row_gap&quot;:{&quot;unit&quot;:&quot;px&quot;,&quot;size&quot;:25,&quot;sizes&quot;:[]},&quot;classic_columns_tablet&quot;:&quot;2&quot;,&quot;classic_columns_mobile&quot;:&quot;1&quot;,&quot;classic_row_gap_tablet&quot;:{&quot;unit&quot;:&quot;px&quot;,&quot;size&quot;:&quot;&quot;,&quot;sizes&quot;:[]},&quot;classic_row_gap_mobile&quot;:{&quot;unit&quot;:&quot;px&quot;,&quot;size&quot;:&quot;&quot;,&quot;sizes&quot;:[]}}\" data-widget_type=\"posts.classic\">\n\t\t\t\t<div class=\"elementor-widget-container\">\n\t\t\t\t\t\t\t<div class=\"elementor-posts-container elementor-posts elementor-posts--skin-classic elementor-grid\" role=\"list\">\n\t\t\t\t<article class=\"elementor-post elementor-grid-item post-8154 post type-post status-publish format-standard has-post-thumbnail hentry category-engrais\" role=\"listitem\">\n\t\t\t\t<div class=\"elementor-post__text\">\n\t\t\t\t<p class=\"elementor-post__title\">\n\t\t\t<a href=\"https:\/\/www.quelagrow.com\/fr\/blog\/engrais-a-haute-efficacite-optimisent-le-rendement-des-cultures\/\">\n\t\t\t\tEngrais \u00e0 haut rendement : guide technique pour optimiser le rendement de vos cultures\t\t\t<\/a>\n\t\t<\/p>\n\t\t\t\t<div class=\"elementor-post__meta-data\">\n\t\t\t\t\t<span class=\"elementor-post-date\">\n\t\t\t16 f\u00e9vrier 2026\t\t<\/span>\n\t\t\t\t<\/div>\n\t\t\n\t\t<a class=\"elementor-post__read-more\" href=\"https:\/\/www.quelagrow.com\/fr\/blog\/engrais-a-haute-efficacite-optimisent-le-rendement-des-cultures\/\" aria-label=\"En savoir plus sur Engrais \u00e0 haut rendement : guide technique pour optimiser le rendement de vos cultures\" tabindex=\"-1\">\n\t\t\tEn savoir plus \u00bb\t\t<\/a>\n\n\t\t\t\t<\/div>\n\t\t\t\t<\/article>\n\t\t\t\t<article class=\"elementor-post elementor-grid-item post-8150 post type-post status-publish format-standard has-post-thumbnail hentry category-engrais\" role=\"listitem\">\n\t\t\t\t<div class=\"elementor-post__text\">\n\t\t\t\t<p class=\"elementor-post__title\">\n\t\t\t<a href=\"https:\/\/www.quelagrow.com\/fr\/blog\/fertilisation-ecologique-agriculture-durable\/\">\n\t\t\t\tFertilisation biologique : guide complet pour une agriculture durable et productive\t\t\t<\/a>\n\t\t<\/p>\n\t\t\t\t<div class=\"elementor-post__meta-data\">\n\t\t\t\t\t<span class=\"elementor-post-date\">\n\t\t\t16 f\u00e9vrier 2026\t\t<\/span>\n\t\t\t\t<\/div>\n\t\t\n\t\t<a class=\"elementor-post__read-more\" href=\"https:\/\/www.quelagrow.com\/fr\/blog\/fertilisation-ecologique-agriculture-durable\/\" aria-label=\"En savoir plus sur Fertilisation biologique : guide complet pour une agriculture durable et productive\" tabindex=\"-1\">\n\t\t\tEn savoir plus \u00bb\t\t<\/a>\n\n\t\t\t\t<\/div>\n\t\t\t\t<\/article>\n\t\t\t\t<article class=\"elementor-post elementor-grid-item post-8146 post type-post status-publish format-standard has-post-thumbnail hentry category-bioprotection\" role=\"listitem\">\n\t\t\t\t<div class=\"elementor-post__text\">\n\t\t\t\t<p class=\"elementor-post__title\">\n\t\t\t<a href=\"https:\/\/www.quelagrow.com\/fr\/blog\/meilleur-insecticide-pour-les-tomates-guide-complet-protection-polyvalente\/\">\n\t\t\t\tQuel est le meilleur insecticide pour les tomates ? Guide complet sur la protection polyvalente\t\t\t<\/a>\n\t\t<\/p>\n\t\t\t\t<div class=\"elementor-post__meta-data\">\n\t\t\t\t\t<span class=\"elementor-post-date\">\n\t\t\t20 janvier 2026\t\t<\/span>\n\t\t\t\t<\/div>\n\t\t\n\t\t<a class=\"elementor-post__read-more\" href=\"https:\/\/www.quelagrow.com\/fr\/blog\/meilleur-insecticide-pour-les-tomates-guide-complet-protection-polyvalente\/\" aria-label=\"En savoir plus sur Quel est le meilleur insecticide pour les tomates ? Guide complet sur la protection polyvalente\" tabindex=\"-1\">\n\t\t\tEn savoir plus \u00bb\t\t<\/a>\n\n\t\t\t\t<\/div>\n\t\t\t\t<\/article>\n\t\t\t\t<article class=\"elementor-post elementor-grid-item post-7994 post type-post status-publish format-standard has-post-thumbnail hentry category-bioprotection\" role=\"listitem\">\n\t\t\t\t<div class=\"elementor-post__text\">\n\t\t\t\t<p class=\"elementor-post__title\">\n\t\t\t<a href=\"https:\/\/www.quelagrow.com\/fr\/blog\/meilleur-insecticide-contre-les-thrips\/\">\n\t\t\t\tQuel est le meilleur insecticide contre les thrips ? Guide complet\t\t\t<\/a>\n\t\t<\/p>\n\t\t\t\t<div class=\"elementor-post__meta-data\">\n\t\t\t\t\t<span class=\"elementor-post-date\">\n\t\t\t19 janvier 2026\t\t<\/span>\n\t\t\t\t<\/div>\n\t\t\n\t\t<a class=\"elementor-post__read-more\" href=\"https:\/\/www.quelagrow.com\/fr\/blog\/meilleur-insecticide-contre-les-thrips\/\" aria-label=\"En savoir plus sur Quel est le meilleur insecticide contre les thrips ? Guide complet\" tabindex=\"-1\">\n\t\t\tEn savoir plus \u00bb\t\t<\/a>\n\n\t\t\t\t<\/div>\n\t\t\t\t<\/article>\n\t\t\t\t<article class=\"elementor-post elementor-grid-item post-8003 post type-post status-publish format-standard has-post-thumbnail hentry category-bioprotection\" role=\"listitem\">\n\t\t\t\t<div class=\"elementor-post__text\">\n\t\t\t\t<p class=\"elementor-post__title\">\n\t\t\t<a href=\"https:\/\/www.quelagrow.com\/fr\/blog\/meilleur-insecticide-contre-la-mouche-blanche\/\">\n\t\t\t\tGuide complet : le meilleur insecticide contre les aleurodes dans vos cultures\t\t\t<\/a>\n\t\t<\/p>\n\t\t\t\t<div class=\"elementor-post__meta-data\">\n\t\t\t\t\t<span class=\"elementor-post-date\">\n\t\t\t26 d\u00e9cembre 2025\t\t<\/span>\n\t\t\t\t<\/div>\n\t\t\n\t\t<a class=\"elementor-post__read-more\" href=\"https:\/\/www.quelagrow.com\/fr\/blog\/meilleur-insecticide-contre-la-mouche-blanche\/\" aria-label=\"En savoir plus sur Guide complet : le meilleur insecticide contre les aleurodes dans vos cultures\" tabindex=\"-1\">\n\t\t\tEn savoir plus \u00bb\t\t<\/a>\n\n\t\t\t\t<\/div>\n\t\t\t\t<\/article>\n\t\t\t\t<article class=\"elementor-post elementor-grid-item post-7999 post type-post status-publish format-standard has-post-thumbnail hentry category-bioprotection\" role=\"listitem\">\n\t\t\t\t<div class=\"elementor-post__text\">\n\t\t\t\t<p class=\"elementor-post__title\">\n\t\t\t<a href=\"https:\/\/www.quelagrow.com\/fr\/blog\/meilleur-insecticide-contre-la-tuta-absoluta-guide-complet\/\">\n\t\t\t\tGuide complet : le meilleur insecticide contre la tuta absoluta\t\t\t<\/a>\n\t\t<\/p>\n\t\t\t\t<div class=\"elementor-post__meta-data\">\n\t\t\t\t\t<span class=\"elementor-post-date\">\n\t\t\t22 novembre 2025\t\t<\/span>\n\t\t\t\t<\/div>\n\t\t\n\t\t<a class=\"elementor-post__read-more\" href=\"https:\/\/www.quelagrow.com\/fr\/blog\/meilleur-insecticide-contre-la-tuta-absoluta-guide-complet\/\" aria-label=\"En savoir plus sur Guide complet : le meilleur insecticide contre la tuta absoluta\" tabindex=\"-1\">\n\t\t\tEn savoir plus \u00bb\t\t<\/a>\n\n\t\t\t\t<\/div>\n\t\t\t\t<\/article>\n\t\t\t\t<\/div>\n\t\t\n\t\t\t\t\t\t<\/div>\n\t\t\t\t<\/div>\n\t\t\t\t<\/div>\n\t\t\t\t\t<\/div>\n\t\t\t\t<\/div>\n\t\t\t\t<\/div>\n\t\t","protected":false},"excerpt":{"rendered":"<p>Ernesto Rivera, agronome et sp\u00e9cialiste de l&rsquo;agriculture durable Ernesto Rivera dirige Quelagrow en tant que r\u00e9f\u00e9rence en mati\u00e8re d&rsquo;innovation agricole et de durabilit\u00e9, en d\u00e9veloppant<\/p>\n","protected":false},"author":1,"featured_media":0,"parent":0,"menu_order":0,"comment_status":"closed","ping_status":"closed","template":"","meta":{"_acf_changed":false,"footnotes":""},"class_list":["post-5054","page","type-page","status-publish","hentry"],"acf":[],"_links":{"self":[{"href":"https:\/\/www.quelagrow.com\/fr\/wp-json\/wp\/v2\/pages\/5054","targetHints":{"allow":["GET"]}}],"collection":[{"href":"https:\/\/www.quelagrow.com\/fr\/wp-json\/wp\/v2\/pages"}],"about":[{"href":"https:\/\/www.quelagrow.com\/fr\/wp-json\/wp\/v2\/types\/page"}],"author":[{"embeddable":true,"href":"https:\/\/www.quelagrow.com\/fr\/wp-json\/wp\/v2\/users\/1"}],"replies":[{"embeddable":true,"href":"https:\/\/www.quelagrow.com\/fr\/wp-json\/wp\/v2\/comments?post=5054"}],"version-history":[{"count":4,"href":"https:\/\/www.quelagrow.com\/fr\/wp-json\/wp\/v2\/pages\/5054\/revisions"}],"predecessor-version":[{"id":7833,"href":"https:\/\/www.quelagrow.com\/fr\/wp-json\/wp\/v2\/pages\/5054\/revisions\/7833"}],"wp:attachment":[{"href":"https:\/\/www.quelagrow.com\/fr\/wp-json\/wp\/v2\/media?parent=5054"}],"curies":[{"name":"wp","href":"https:\/\/api.w.org\/{rel}","templated":true}]}}