{"id":5159,"date":"2024-10-03T11:12:31","date_gmt":"2024-10-03T09:12:31","guid":{"rendered":"https:\/\/webmuestra.com\/quelagrow\/non class\u00e9\/engrais-acide\/"},"modified":"2024-10-03T11:12:31","modified_gmt":"2024-10-03T09:12:31","slug":"engrais-acide","status":"publish","type":"product","link":"https:\/\/www.quelagrow.com\/fr\/engrais\/ameliorations-du-sol\/engrais-acide\/","title":{"rendered":"QUELAFERT\u00ae ORGANIC40"},"content":{"rendered":"<p><strong>QUELAFERT\u00ae ORGANIC<\/strong> est un amendement organique fabriqu\u00e9 \u00e0 partir de sous-produits v\u00e9g\u00e9taux \u00e0 haute teneur en mati\u00e8re organique.<\/p>\n<p>Son utilisation am\u00e9liore la structure du sol, augmente l&rsquo;absorption des macro et micronutriments, favorise et active le m\u00e9tabolisme de la plante et d\u00e9veloppe les racines. <\/p>\n<p>Gr\u00e2ce au processus de microfiltration, <strong>QUELAFERT\u00ae ORGANIC<\/strong> n&rsquo;obstrue pas les filtres et peut \u00eatre m\u00e9lang\u00e9 avec des micro-\u00e9l\u00e9ments, du calcium, des acides amin\u00e9s et la plupart des engrais. <\/p>\n","protected":false},"excerpt":{"rendered":"<p>QUELAFERT\u00ae ORGANIC est un amendement organique fabriqu\u00e9 \u00e0 partir de sous-produits v\u00e9g\u00e9taux \u00e0 haute teneur en mati\u00e8re organique. Son utilisation am\u00e9liore la structure du sol, augmente l&rsquo;absorption des macro et micronutriments, favorise et active le m\u00e9tabolisme de la plante et d\u00e9veloppe les racines. Gr\u00e2ce au processus de microfiltration, QUELAFERT\u00ae ORGANIC n&rsquo;obstrue pas les filtres et [&hellip;]<\/p>\n","protected":false},"featured_media":6731,"comment_status":"closed","ping_status":"closed","template":"","meta":{"_acf_changed":false},"product_brand":[],"product_cat":[163,157],"product_tag":[117,129],"class_list":{"0":"post-5159","1":"product","2":"type-product","3":"status-publish","4":"has-post-thumbnail","6":"product_cat-ameliorations-du-sol","7":"product_cat-engrais","8":"product_tag-acides-humiques-organiques-et-matieres-organiques","9":"product_tag-ecologique","11":"first","12":"instock","13":"taxable","14":"shipping-taxable","15":"product-type-simple"},"acf":[],"_links":{"self":[{"href":"https:\/\/www.quelagrow.com\/fr\/wp-json\/wp\/v2\/product\/5159","targetHints":{"allow":["GET"]}}],"collection":[{"href":"https:\/\/www.quelagrow.com\/fr\/wp-json\/wp\/v2\/product"}],"about":[{"href":"https:\/\/www.quelagrow.com\/fr\/wp-json\/wp\/v2\/types\/product"}],"replies":[{"embeddable":true,"href":"https:\/\/www.quelagrow.com\/fr\/wp-json\/wp\/v2\/comments?post=5159"}],"version-history":[{"count":0,"href":"https:\/\/www.quelagrow.com\/fr\/wp-json\/wp\/v2\/product\/5159\/revisions"}],"wp:featuredmedia":[{"embeddable":true,"href":"https:\/\/www.quelagrow.com\/fr\/wp-json\/wp\/v2\/media\/6731"}],"wp:attachment":[{"href":"https:\/\/www.quelagrow.com\/fr\/wp-json\/wp\/v2\/media?parent=5159"}],"wp:term":[{"taxonomy":"product_brand","embeddable":true,"href":"https:\/\/www.quelagrow.com\/fr\/wp-json\/wp\/v2\/product_brand?post=5159"},{"taxonomy":"product_cat","embeddable":true,"href":"https:\/\/www.quelagrow.com\/fr\/wp-json\/wp\/v2\/product_cat?post=5159"},{"taxonomy":"product_tag","embeddable":true,"href":"https:\/\/www.quelagrow.com\/fr\/wp-json\/wp\/v2\/product_tag?post=5159"}],"curies":[{"name":"wp","href":"https:\/\/api.w.org\/{rel}","templated":true}]}}