{"id":5162,"date":"2024-10-14T15:42:08","date_gmt":"2024-10-14T13:42:08","guid":{"rendered":"https:\/\/webmuestra.com\/quelagrow\/non class\u00e9\/liquides\/"},"modified":"2024-10-14T15:42:08","modified_gmt":"2024-10-14T13:42:08","slug":"liquides","status":"publish","type":"product","link":"https:\/\/www.quelagrow.com\/fr\/engrais\/engrais-foliaires\/liquides\/","title":{"rendered":"QUELAFERT\u00ae FOLIARES L\u00cdQUIDOS"},"content":{"rendered":"<p>Diff\u00e9rentes formulations foliaires enrichies en myco\u00e9l\u00e9ments (fer, cuivre, zinc, mangan\u00e8se sous forme ch\u00e9lat\u00e9e et bore et molybd\u00e8ne sous forme min\u00e9rale), faciles \u00e0 appliquer et \u00e0 dissoudre.<\/p>\n<p>Ces formulations ont \u00e9t\u00e9 d\u00e9velopp\u00e9es pour \u00eatre appliqu\u00e9es aux diff\u00e9rents stades de d\u00e9veloppement des cultures fruiti\u00e8res et l\u00e9gumi\u00e8res.<\/p>\n","protected":false},"excerpt":{"rendered":"<p>Diff\u00e9rentes formulations foliaires enrichies en myco\u00e9l\u00e9ments (fer, cuivre, zinc, mangan\u00e8se sous forme ch\u00e9lat\u00e9e et bore et molybd\u00e8ne sous forme min\u00e9rale), faciles \u00e0 appliquer et \u00e0 dissoudre. Ces formulations ont \u00e9t\u00e9 d\u00e9velopp\u00e9es pour \u00eatre appliqu\u00e9es aux diff\u00e9rents stades de d\u00e9veloppement des cultures fruiti\u00e8res et l\u00e9gumi\u00e8res.<\/p>\n","protected":false},"featured_media":7449,"comment_status":"closed","ping_status":"closed","template":"","meta":{"_acf_changed":false},"product_brand":[],"product_cat":[157,158],"product_tag":[234],"class_list":{"0":"post-5162","1":"product","2":"type-product","3":"status-publish","4":"has-post-thumbnail","6":"product_cat-engrais","7":"product_cat-engrais-foliaires","8":"product_tag-engrais-foliaires-liquides-organiques","10":"first","11":"instock","12":"taxable","13":"shipping-taxable","14":"product-type-simple"},"acf":[],"_links":{"self":[{"href":"https:\/\/www.quelagrow.com\/fr\/wp-json\/wp\/v2\/product\/5162","targetHints":{"allow":["GET"]}}],"collection":[{"href":"https:\/\/www.quelagrow.com\/fr\/wp-json\/wp\/v2\/product"}],"about":[{"href":"https:\/\/www.quelagrow.com\/fr\/wp-json\/wp\/v2\/types\/product"}],"replies":[{"embeddable":true,"href":"https:\/\/www.quelagrow.com\/fr\/wp-json\/wp\/v2\/comments?post=5162"}],"version-history":[{"count":0,"href":"https:\/\/www.quelagrow.com\/fr\/wp-json\/wp\/v2\/product\/5162\/revisions"}],"wp:featuredmedia":[{"embeddable":true,"href":"https:\/\/www.quelagrow.com\/fr\/wp-json\/wp\/v2\/media\/7449"}],"wp:attachment":[{"href":"https:\/\/www.quelagrow.com\/fr\/wp-json\/wp\/v2\/media?parent=5162"}],"wp:term":[{"taxonomy":"product_brand","embeddable":true,"href":"https:\/\/www.quelagrow.com\/fr\/wp-json\/wp\/v2\/product_brand?post=5162"},{"taxonomy":"product_cat","embeddable":true,"href":"https:\/\/www.quelagrow.com\/fr\/wp-json\/wp\/v2\/product_cat?post=5162"},{"taxonomy":"product_tag","embeddable":true,"href":"https:\/\/www.quelagrow.com\/fr\/wp-json\/wp\/v2\/product_tag?post=5162"}],"curies":[{"name":"wp","href":"https:\/\/api.w.org\/{rel}","templated":true}]}}