{"id":5167,"date":"2024-10-14T17:13:13","date_gmt":"2024-10-14T15:13:13","guid":{"rendered":"https:\/\/webmuestra.com\/quelagrow\/non class\u00e9\/fer-chelate-6-eddha-4-8-orto-orto\/"},"modified":"2024-10-14T17:13:13","modified_gmt":"2024-10-14T15:13:13","slug":"fer-chelate-6-eddha-4-8-orto-orto","status":"publish","type":"product","link":"https:\/\/www.quelagrow.com\/fr\/engrais\/correcteurs-de-carence\/fer-chelate-6-eddha-4-8-orto-orto\/","title":{"rendered":"QUELAFERT\u00ae HIERRO"},"content":{"rendered":"<p>Correcteur de carence en fer tr\u00e8s efficace gr\u00e2ce \u00e0 l&rsquo;agent ch\u00e9lateur et au rapport Ortho-Ortho qui assure une plage de stabilit\u00e9 de la fraction ch\u00e9lat\u00e9e pour un pH de 3 \u00e0 11.<\/p>\n<p><strong>QUELAFERT\u00ae HIERRO<\/strong> pr\u00e9vient les carences en fer des arbres fruitiers, des plantes horticoles et ornementales dues \u00e0 l&rsquo;effet du pH, qui peut \u00eatre accentu\u00e9 par un exc\u00e8s d&rsquo;eau, un manque d&rsquo;a\u00e9ration du sol ou par l&rsquo;action antagoniste d&rsquo;autres oligo-\u00e9l\u00e9ments.<\/p>\n","protected":false},"excerpt":{"rendered":"<p>Correcteur de carence en fer tr\u00e8s efficace gr\u00e2ce \u00e0 l&rsquo;agent ch\u00e9lateur et au rapport Ortho-Ortho qui assure une plage de stabilit\u00e9 de la fraction ch\u00e9lat\u00e9e pour un pH de 3 \u00e0 11. QUELAFERT\u00ae HIERRO pr\u00e9vient les carences en fer des arbres fruitiers, des plantes horticoles et ornementales dues \u00e0 l&rsquo;effet du pH, qui peut \u00eatre [&hellip;]<\/p>\n","protected":false},"featured_media":6472,"comment_status":"closed","ping_status":"closed","template":"","meta":{"_acf_changed":false},"product_brand":[],"product_cat":[159,157],"product_tag":[],"class_list":{"0":"post-5167","1":"product","2":"type-product","3":"status-publish","4":"has-post-thumbnail","6":"product_cat-correcteurs-de-carence","7":"product_cat-engrais","9":"first","10":"instock","11":"taxable","12":"shipping-taxable","13":"product-type-simple"},"acf":[],"_links":{"self":[{"href":"https:\/\/www.quelagrow.com\/fr\/wp-json\/wp\/v2\/product\/5167","targetHints":{"allow":["GET"]}}],"collection":[{"href":"https:\/\/www.quelagrow.com\/fr\/wp-json\/wp\/v2\/product"}],"about":[{"href":"https:\/\/www.quelagrow.com\/fr\/wp-json\/wp\/v2\/types\/product"}],"replies":[{"embeddable":true,"href":"https:\/\/www.quelagrow.com\/fr\/wp-json\/wp\/v2\/comments?post=5167"}],"version-history":[{"count":0,"href":"https:\/\/www.quelagrow.com\/fr\/wp-json\/wp\/v2\/product\/5167\/revisions"}],"wp:featuredmedia":[{"embeddable":true,"href":"https:\/\/www.quelagrow.com\/fr\/wp-json\/wp\/v2\/media\/6472"}],"wp:attachment":[{"href":"https:\/\/www.quelagrow.com\/fr\/wp-json\/wp\/v2\/media?parent=5167"}],"wp:term":[{"taxonomy":"product_brand","embeddable":true,"href":"https:\/\/www.quelagrow.com\/fr\/wp-json\/wp\/v2\/product_brand?post=5167"},{"taxonomy":"product_cat","embeddable":true,"href":"https:\/\/www.quelagrow.com\/fr\/wp-json\/wp\/v2\/product_cat?post=5167"},{"taxonomy":"product_tag","embeddable":true,"href":"https:\/\/www.quelagrow.com\/fr\/wp-json\/wp\/v2\/product_tag?post=5167"}],"curies":[{"name":"wp","href":"https:\/\/api.w.org\/{rel}","templated":true}]}}