{"id":5168,"date":"2024-10-14T17:19:45","date_gmt":"2024-10-14T15:19:45","guid":{"rendered":"https:\/\/webmuestra.com\/quelagrow\/non class\u00e9\/chelates-de-cuivre\/"},"modified":"2024-10-14T17:19:45","modified_gmt":"2024-10-14T15:19:45","slug":"chelates-de-cuivre","status":"publish","type":"product","link":"https:\/\/www.quelagrow.com\/fr\/engrais\/correcteurs-de-carence\/chelates-de-cuivre\/","title":{"rendered":"QUELAFERT\u00ae COBRE"},"content":{"rendered":"<p>Ch\u00e9late de cuivre sous forme de microgranules dispersibles destin\u00e9 \u00e0 pr\u00e9venir ou corriger les carences en cuivre dans les cultures ligneuses ou herbac\u00e9es. Le cuivre agit comme un catalyseur dans de nombreux processus physiologiques de la plante :<\/p>\n<ol>\n<li>Il fait partie de nombreuses prot\u00e9ines.<\/li>\n<li>Il est pr\u00e9sent \u00e0 diff\u00e9rents stades du processus de photosynth\u00e8se.<\/li>\n<li>Favorise l&rsquo;utilisation de l&rsquo;azote et la synth\u00e8se des prot\u00e9ines.<\/li>\n<\/ol>\n<p>Le cuivre est un \u00e9l\u00e9ment peu mobile qui se fixe au sol. Cette fixation augmente dans les sols riches en mati\u00e8re organique, les sols argileux ou les sols \u00e0 forte teneur en phosphates.<\/p>\n<p>De plus, les sols avec un exc\u00e8s de chaux ou une augmentation du pH r\u00e9duisent son assimilation par la plante. Le cuivre \u00e9tant ch\u00e9lat\u00e9 par l&rsquo;agent de compl\u00e9mentation EDTA, on s&rsquo;assure que le cuivre est sous une forme assimilable par la plante.<\/p>\n<p>Les carences en cet \u00e9l\u00e9ment sont d&rsquo;abord visibles dans les jeunes tissus, en raison de leur faible mobilit\u00e9. Les sympt\u00f4mes sont les suivants : d\u00e9coloration blanch\u00e2tre ou jaune p\u00e2le de l&rsquo;extr\u00e9mit\u00e9 des feuilles, manque de turgescence et m\u00eame n\u00e9crose.<\/p>\n<p>Les feuilles plus \u00e2g\u00e9es pr\u00e9sentent des extr\u00e9mit\u00e9s s\u00e8ches. Tout cela entra\u00eene une diminution de la qualit\u00e9 du rendement. La plage de stabilit\u00e9 du ch\u00e9late de cuivre se situe \u00e0 un pH de 4 \u00e0 9.   <\/p>\n","protected":false},"excerpt":{"rendered":"<p>Ch\u00e9late de cuivre sous forme de microgranules dispersibles destin\u00e9 \u00e0 pr\u00e9venir ou corriger les carences en cuivre dans les cultures ligneuses ou herbac\u00e9es. Le cuivre agit comme un catalyseur dans de nombreux processus physiologiques de la plante : Il fait partie de nombreuses prot\u00e9ines. Il est pr\u00e9sent \u00e0 diff\u00e9rents stades du processus de photosynth\u00e8se. Favorise [&hellip;]<\/p>\n","protected":false},"featured_media":6454,"comment_status":"closed","ping_status":"closed","template":"","meta":{"_acf_changed":false},"product_brand":[],"product_cat":[159,157],"product_tag":[],"class_list":{"0":"post-5168","1":"product","2":"type-product","3":"status-publish","4":"has-post-thumbnail","6":"product_cat-correcteurs-de-carence","7":"product_cat-engrais","9":"first","10":"instock","11":"taxable","12":"shipping-taxable","13":"product-type-simple"},"acf":[],"_links":{"self":[{"href":"https:\/\/www.quelagrow.com\/fr\/wp-json\/wp\/v2\/product\/5168","targetHints":{"allow":["GET"]}}],"collection":[{"href":"https:\/\/www.quelagrow.com\/fr\/wp-json\/wp\/v2\/product"}],"about":[{"href":"https:\/\/www.quelagrow.com\/fr\/wp-json\/wp\/v2\/types\/product"}],"replies":[{"embeddable":true,"href":"https:\/\/www.quelagrow.com\/fr\/wp-json\/wp\/v2\/comments?post=5168"}],"version-history":[{"count":0,"href":"https:\/\/www.quelagrow.com\/fr\/wp-json\/wp\/v2\/product\/5168\/revisions"}],"wp:featuredmedia":[{"embeddable":true,"href":"https:\/\/www.quelagrow.com\/fr\/wp-json\/wp\/v2\/media\/6454"}],"wp:attachment":[{"href":"https:\/\/www.quelagrow.com\/fr\/wp-json\/wp\/v2\/media?parent=5168"}],"wp:term":[{"taxonomy":"product_brand","embeddable":true,"href":"https:\/\/www.quelagrow.com\/fr\/wp-json\/wp\/v2\/product_brand?post=5168"},{"taxonomy":"product_cat","embeddable":true,"href":"https:\/\/www.quelagrow.com\/fr\/wp-json\/wp\/v2\/product_cat?post=5168"},{"taxonomy":"product_tag","embeddable":true,"href":"https:\/\/www.quelagrow.com\/fr\/wp-json\/wp\/v2\/product_tag?post=5168"}],"curies":[{"name":"wp","href":"https:\/\/api.w.org\/{rel}","templated":true}]}}