{"id":5169,"date":"2024-10-14T17:27:22","date_gmt":"2024-10-14T15:27:22","guid":{"rendered":"https:\/\/webmuestra.com\/quelagrow\/non class\u00e9\/calcium-sans-nitrates\/"},"modified":"2024-10-14T17:27:22","modified_gmt":"2024-10-14T15:27:22","slug":"calcium-sans-nitrates","status":"publish","type":"product","link":"https:\/\/www.quelagrow.com\/fr\/engrais\/correcteurs-de-carence\/calcium-sans-nitrates\/","title":{"rendered":"QUELAFERT\u00ae SorbCa"},"content":{"rendered":"<p>Produit liquide contenant 12% d&rsquo;oxyde de calcium, exempt de nitrates et de chlorures, ce qui en fait une excellente source de calcium, en particulier lorsque l&rsquo;ajout de nitrates doit \u00eatre \u00e9vit\u00e9.<\/p>\n<p>L&rsquo;ajout de calcium sans azote permet d&rsquo;\u00e9viter diverses maladies des cultures telles que le bitter-pit (pomme), le blosson-en-rot (l\u00e9gumes-fruits), le tip-burn (l\u00e9gumes-feuilles et fraise), le cracking (cerise et prune).<\/p>\n<p>La pr\u00e9sence suppl\u00e9mentaire de bore assure une meilleure assimilation du calcium par la plante.<\/p>\n","protected":false},"excerpt":{"rendered":"<p>Produit liquide contenant 12% d&rsquo;oxyde de calcium, exempt de nitrates et de chlorures, ce qui en fait une excellente source de calcium, en particulier lorsque l&rsquo;ajout de nitrates doit \u00eatre \u00e9vit\u00e9. L&rsquo;ajout de calcium sans azote permet d&rsquo;\u00e9viter diverses maladies des cultures telles que le bitter-pit (pomme), le blosson-en-rot (l\u00e9gumes-fruits), le tip-burn (l\u00e9gumes-feuilles et fraise), [&hellip;]<\/p>\n","protected":false},"featured_media":7094,"comment_status":"closed","ping_status":"closed","template":"","meta":{"_acf_changed":false},"product_brand":[],"product_cat":[159,157],"product_tag":[126,129],"class_list":{"0":"post-5169","1":"product","2":"type-product","3":"status-publish","4":"has-post-thumbnail","6":"product_cat-correcteurs-de-carence","7":"product_cat-engrais","8":"product_tag-correcteurs-de-carence-ecologique","9":"product_tag-ecologique","11":"first","12":"instock","13":"taxable","14":"shipping-taxable","15":"product-type-simple"},"acf":[],"_links":{"self":[{"href":"https:\/\/www.quelagrow.com\/fr\/wp-json\/wp\/v2\/product\/5169","targetHints":{"allow":["GET"]}}],"collection":[{"href":"https:\/\/www.quelagrow.com\/fr\/wp-json\/wp\/v2\/product"}],"about":[{"href":"https:\/\/www.quelagrow.com\/fr\/wp-json\/wp\/v2\/types\/product"}],"replies":[{"embeddable":true,"href":"https:\/\/www.quelagrow.com\/fr\/wp-json\/wp\/v2\/comments?post=5169"}],"version-history":[{"count":0,"href":"https:\/\/www.quelagrow.com\/fr\/wp-json\/wp\/v2\/product\/5169\/revisions"}],"wp:featuredmedia":[{"embeddable":true,"href":"https:\/\/www.quelagrow.com\/fr\/wp-json\/wp\/v2\/media\/7094"}],"wp:attachment":[{"href":"https:\/\/www.quelagrow.com\/fr\/wp-json\/wp\/v2\/media?parent=5169"}],"wp:term":[{"taxonomy":"product_brand","embeddable":true,"href":"https:\/\/www.quelagrow.com\/fr\/wp-json\/wp\/v2\/product_brand?post=5169"},{"taxonomy":"product_cat","embeddable":true,"href":"https:\/\/www.quelagrow.com\/fr\/wp-json\/wp\/v2\/product_cat?post=5169"},{"taxonomy":"product_tag","embeddable":true,"href":"https:\/\/www.quelagrow.com\/fr\/wp-json\/wp\/v2\/product_tag?post=5169"}],"curies":[{"name":"wp","href":"https:\/\/api.w.org\/{rel}","templated":true}]}}