{"id":5170,"date":"2024-10-14T17:39:45","date_gmt":"2024-10-14T15:39:45","guid":{"rendered":"https:\/\/webmuestra.com\/quelagrow\/non class\u00e9\/complexe-liquide\/"},"modified":"2024-10-14T17:39:45","modified_gmt":"2024-10-14T15:39:45","slug":"complexe-liquide","status":"publish","type":"product","link":"https:\/\/www.quelagrow.com\/fr\/engrais\/correcteurs-de-carence\/complexe-liquide\/","title":{"rendered":"QUELAFERT\u00ae BORO"},"content":{"rendered":"<p>Correcteur liquide de bore, pr\u00e9par\u00e9 pour maintenir les niveaux de ce micro-\u00e9l\u00e9ment dans les cultures exigeantes en bore. <strong>QUELAFERT\u00ae BORO<\/strong> peut \u00eatre appliqu\u00e9 aussi bien par pulv\u00e9risation foliaire que par fertigation.<\/p>\n<p>La pr\u00e9sence de l&rsquo;agent complexant \u00e9thanolamine renforce le coefficient d&rsquo;assimilation du bore, facilitant la p\u00e9n\u00e9tration et l&rsquo;action rapide de cet oligo-\u00e9l\u00e9ment dans la plante.<\/p>\n","protected":false},"excerpt":{"rendered":"<p>Correcteur liquide de bore, pr\u00e9par\u00e9 pour maintenir les niveaux de ce micro-\u00e9l\u00e9ment dans les cultures exigeantes en bore. QUELAFERT\u00ae BORO peut \u00eatre appliqu\u00e9 aussi bien par pulv\u00e9risation foliaire que par fertigation. La pr\u00e9sence de l&rsquo;agent complexant \u00e9thanolamine renforce le coefficient d&rsquo;assimilation du bore, facilitant la p\u00e9n\u00e9tration et l&rsquo;action rapide de cet oligo-\u00e9l\u00e9ment dans la plante.<\/p>\n","protected":false},"featured_media":6570,"comment_status":"closed","ping_status":"closed","template":"","meta":{"_acf_changed":false},"product_brand":[],"product_cat":[159,157],"product_tag":[126,129],"class_list":{"0":"post-5170","1":"product","2":"type-product","3":"status-publish","4":"has-post-thumbnail","6":"product_cat-correcteurs-de-carence","7":"product_cat-engrais","8":"product_tag-correcteurs-de-carence-ecologique","9":"product_tag-ecologique","11":"first","12":"instock","13":"taxable","14":"shipping-taxable","15":"product-type-simple"},"acf":[],"_links":{"self":[{"href":"https:\/\/www.quelagrow.com\/fr\/wp-json\/wp\/v2\/product\/5170","targetHints":{"allow":["GET"]}}],"collection":[{"href":"https:\/\/www.quelagrow.com\/fr\/wp-json\/wp\/v2\/product"}],"about":[{"href":"https:\/\/www.quelagrow.com\/fr\/wp-json\/wp\/v2\/types\/product"}],"replies":[{"embeddable":true,"href":"https:\/\/www.quelagrow.com\/fr\/wp-json\/wp\/v2\/comments?post=5170"}],"version-history":[{"count":0,"href":"https:\/\/www.quelagrow.com\/fr\/wp-json\/wp\/v2\/product\/5170\/revisions"}],"wp:featuredmedia":[{"embeddable":true,"href":"https:\/\/www.quelagrow.com\/fr\/wp-json\/wp\/v2\/media\/6570"}],"wp:attachment":[{"href":"https:\/\/www.quelagrow.com\/fr\/wp-json\/wp\/v2\/media?parent=5170"}],"wp:term":[{"taxonomy":"product_brand","embeddable":true,"href":"https:\/\/www.quelagrow.com\/fr\/wp-json\/wp\/v2\/product_brand?post=5170"},{"taxonomy":"product_cat","embeddable":true,"href":"https:\/\/www.quelagrow.com\/fr\/wp-json\/wp\/v2\/product_cat?post=5170"},{"taxonomy":"product_tag","embeddable":true,"href":"https:\/\/www.quelagrow.com\/fr\/wp-json\/wp\/v2\/product_tag?post=5170"}],"curies":[{"name":"wp","href":"https:\/\/api.w.org\/{rel}","templated":true}]}}