{"id":5171,"date":"2024-10-14T17:49:56","date_gmt":"2024-10-14T15:49:56","guid":{"rendered":"https:\/\/webmuestra.com\/quelagrow\/non class\u00e9\/correcteur-de-calcium\/"},"modified":"2024-10-14T17:49:56","modified_gmt":"2024-10-14T15:49:56","slug":"correcteur-de-calcium","status":"publish","type":"product","link":"https:\/\/www.quelagrow.com\/fr\/engrais\/correcteurs-de-carence\/correcteur-de-calcium\/","title":{"rendered":"QUELAFERT\u00ae CALCIO"},"content":{"rendered":"<p><strong>QUELAFERT\u00ae CALCIO<\/strong> est une source active de calcium pour les cultures gr\u00e2ce \u00e0 sa composition riche en acides polycarboxyliques et en sucres r\u00e9ducteurs qui facilitent l&rsquo;absorption du calcium par la plante tout en la stimulant.<\/p>\n<p>Avec <strong>QUELAFERT\u00ae CALCIO<\/strong> nous \u00e9vitons plusieurs physiopathologies dont souffrent les cultures comme le bitter-pit (pommier), le blosson-en-rot (l\u00e9gumes-fruits), le tip-burn (l\u00e9gumes-feuilles et fraise), le cracking (cerise et prune) et il apporte \u00e9galement des nutriments essentiels pour le d\u00e9veloppement de la culture.<\/p>\n<p>Produit exempt de chlorures et de sulfates.<\/p>\n","protected":false},"excerpt":{"rendered":"<p>QUELAFERT\u00ae CALCIO est une source active de calcium pour les cultures gr\u00e2ce \u00e0 sa composition riche en acides polycarboxyliques et en sucres r\u00e9ducteurs qui facilitent l&rsquo;absorption du calcium par la plante tout en la stimulant. Avec QUELAFERT\u00ae CALCIO nous \u00e9vitons plusieurs physiopathologies dont souffrent les cultures comme le bitter-pit (pommier), le blosson-en-rot (l\u00e9gumes-fruits), le tip-burn [&hellip;]<\/p>\n","protected":false},"featured_media":7079,"comment_status":"closed","ping_status":"closed","template":"","meta":{"_acf_changed":false},"product_brand":[],"product_cat":[159,157],"product_tag":[],"class_list":{"0":"post-5171","1":"product","2":"type-product","3":"status-publish","4":"has-post-thumbnail","6":"product_cat-correcteurs-de-carence","7":"product_cat-engrais","9":"first","10":"instock","11":"taxable","12":"shipping-taxable","13":"product-type-simple"},"acf":[],"_links":{"self":[{"href":"https:\/\/www.quelagrow.com\/fr\/wp-json\/wp\/v2\/product\/5171","targetHints":{"allow":["GET"]}}],"collection":[{"href":"https:\/\/www.quelagrow.com\/fr\/wp-json\/wp\/v2\/product"}],"about":[{"href":"https:\/\/www.quelagrow.com\/fr\/wp-json\/wp\/v2\/types\/product"}],"replies":[{"embeddable":true,"href":"https:\/\/www.quelagrow.com\/fr\/wp-json\/wp\/v2\/comments?post=5171"}],"version-history":[{"count":0,"href":"https:\/\/www.quelagrow.com\/fr\/wp-json\/wp\/v2\/product\/5171\/revisions"}],"wp:featuredmedia":[{"embeddable":true,"href":"https:\/\/www.quelagrow.com\/fr\/wp-json\/wp\/v2\/media\/7079"}],"wp:attachment":[{"href":"https:\/\/www.quelagrow.com\/fr\/wp-json\/wp\/v2\/media?parent=5171"}],"wp:term":[{"taxonomy":"product_brand","embeddable":true,"href":"https:\/\/www.quelagrow.com\/fr\/wp-json\/wp\/v2\/product_brand?post=5171"},{"taxonomy":"product_cat","embeddable":true,"href":"https:\/\/www.quelagrow.com\/fr\/wp-json\/wp\/v2\/product_cat?post=5171"},{"taxonomy":"product_tag","embeddable":true,"href":"https:\/\/www.quelagrow.com\/fr\/wp-json\/wp\/v2\/product_tag?post=5171"}],"curies":[{"name":"wp","href":"https:\/\/api.w.org\/{rel}","templated":true}]}}