{"id":5172,"date":"2024-10-14T17:55:39","date_gmt":"2024-10-14T15:55:39","guid":{"rendered":"https:\/\/webmuestra.com\/quelagrow\/non class\u00e9\/calcium-magnesium-microelements\/"},"modified":"2024-10-14T17:55:39","modified_gmt":"2024-10-14T15:55:39","slug":"calcium-magnesium-microelements","status":"publish","type":"product","link":"https:\/\/www.quelagrow.com\/fr\/engrais\/correcteurs-de-carence\/calcium-magnesium-microelements\/","title":{"rendered":"QUELAFERT\u00ae CALCIPLUS"},"content":{"rendered":"<p><strong>QUELAFERT\u00ae CALCI-PLUS<\/strong> est une source naturelle de calcium et de magn\u00e9sium gr\u00e2ce \u00e0 sa composition riche en acides polycarboxyliques et en enzymes qui facilitent l&rsquo;absorption du calcium par la plante tout en la stimulant.<\/p>\n<p>Il est \u00e9galement compl\u00e9t\u00e9 par une s\u00e9rie de micro-\u00e9l\u00e9ments ch\u00e9lat\u00e9s qui r\u00e9duisent la possibilit\u00e9 de physiopathologies dans la plante dues au manque d&rsquo;un micro-\u00e9l\u00e9ment. <\/p>\n<p>Avec <strong>QUELAFERT\u00ae CALCI-PLUS<\/strong>, nous \u00e9vitons plusieurs physiopathologies dont souffrent les cultures comme le bitter-pit (pommier), le blosson-en-rot (l\u00e9gumes-fruits), le tip-burn (l\u00e9gumes-feuilles et fraise), le cracking (cerise et prune) d\u00fb \u00e0 des carences en calcium. <\/p>\n","protected":false},"excerpt":{"rendered":"<p>QUELAFERT\u00ae CALCI-PLUS est une source naturelle de calcium et de magn\u00e9sium gr\u00e2ce \u00e0 sa composition riche en acides polycarboxyliques et en enzymes qui facilitent l&rsquo;absorption du calcium par la plante tout en la stimulant. Il est \u00e9galement compl\u00e9t\u00e9 par une s\u00e9rie de micro-\u00e9l\u00e9ments ch\u00e9lat\u00e9s qui r\u00e9duisent la possibilit\u00e9 de physiopathologies dans la plante dues au [&hellip;]<\/p>\n","protected":false},"featured_media":6581,"comment_status":"closed","ping_status":"closed","template":"","meta":{"_acf_changed":false},"product_brand":[],"product_cat":[159,157],"product_tag":[],"class_list":{"0":"post-5172","1":"product","2":"type-product","3":"status-publish","4":"has-post-thumbnail","6":"product_cat-correcteurs-de-carence","7":"product_cat-engrais","9":"first","10":"instock","11":"taxable","12":"shipping-taxable","13":"product-type-simple"},"acf":[],"_links":{"self":[{"href":"https:\/\/www.quelagrow.com\/fr\/wp-json\/wp\/v2\/product\/5172","targetHints":{"allow":["GET"]}}],"collection":[{"href":"https:\/\/www.quelagrow.com\/fr\/wp-json\/wp\/v2\/product"}],"about":[{"href":"https:\/\/www.quelagrow.com\/fr\/wp-json\/wp\/v2\/types\/product"}],"replies":[{"embeddable":true,"href":"https:\/\/www.quelagrow.com\/fr\/wp-json\/wp\/v2\/comments?post=5172"}],"version-history":[{"count":0,"href":"https:\/\/www.quelagrow.com\/fr\/wp-json\/wp\/v2\/product\/5172\/revisions"}],"wp:featuredmedia":[{"embeddable":true,"href":"https:\/\/www.quelagrow.com\/fr\/wp-json\/wp\/v2\/media\/6581"}],"wp:attachment":[{"href":"https:\/\/www.quelagrow.com\/fr\/wp-json\/wp\/v2\/media?parent=5172"}],"wp:term":[{"taxonomy":"product_brand","embeddable":true,"href":"https:\/\/www.quelagrow.com\/fr\/wp-json\/wp\/v2\/product_brand?post=5172"},{"taxonomy":"product_cat","embeddable":true,"href":"https:\/\/www.quelagrow.com\/fr\/wp-json\/wp\/v2\/product_cat?post=5172"},{"taxonomy":"product_tag","embeddable":true,"href":"https:\/\/www.quelagrow.com\/fr\/wp-json\/wp\/v2\/product_tag?post=5172"}],"curies":[{"name":"wp","href":"https:\/\/api.w.org\/{rel}","templated":true}]}}