{"id":5176,"date":"2024-10-14T18:29:10","date_gmt":"2024-10-14T16:29:10","guid":{"rendered":"https:\/\/webmuestra.com\/quelagrow\/non class\u00e9\/bioinducteur-floraison-bore-molybdene\/"},"modified":"2024-10-14T18:29:10","modified_gmt":"2024-10-14T16:29:10","slug":"bioinducteur-floraison-bore-molybdene","status":"publish","type":"product","link":"https:\/\/www.quelagrow.com\/fr\/engrais\/correcteurs-de-carence\/bioinducteur-floraison-bore-molybdene\/","title":{"rendered":"QUELAFERT\u00ae ECOCUAJE"},"content":{"rendered":"<p>Formulation en poudre \u00e0 base de bore et de molybd\u00e8ne pour favoriser la floraison et la nouaison.<\/p>\n<p>Sa teneur \u00e9lev\u00e9e en potassium et en magn\u00e9sium favorise les processus physiologiques dans lesquels ces micro-\u00e9l\u00e9ments sont impliqu\u00e9s.<\/p>\n<p><strong>QUELAFERT\u00ae ECOCUAJE<\/strong> pr\u00e9vient ou corrige les carences ou les d\u00e9s\u00e9quilibres dans l&rsquo;assimilation des micro-\u00e9l\u00e9ments bore et molybd\u00e8ne, essentiels pour la plante dans les processus de floraison et de nouaison.<\/p>\n<p>Il contient des coadjuvants qui favorisent l&rsquo;absorption foliaire et racinaire des micro-\u00e9l\u00e9ments qu&rsquo;il apporte. <\/p>\n","protected":false},"excerpt":{"rendered":"<p>Formulation en poudre \u00e0 base de bore et de molybd\u00e8ne pour favoriser la floraison et la nouaison. Sa teneur \u00e9lev\u00e9e en potassium et en magn\u00e9sium favorise les processus physiologiques dans lesquels ces micro-\u00e9l\u00e9ments sont impliqu\u00e9s. QUELAFERT\u00ae ECOCUAJE pr\u00e9vient ou corrige les carences ou les d\u00e9s\u00e9quilibres dans l&rsquo;assimilation des micro-\u00e9l\u00e9ments bore et molybd\u00e8ne, essentiels pour la [&hellip;]<\/p>\n","protected":false},"featured_media":6483,"comment_status":"closed","ping_status":"closed","template":"","meta":{"_acf_changed":false},"product_brand":[],"product_cat":[159,157],"product_tag":[126,129],"class_list":{"0":"post-5176","1":"product","2":"type-product","3":"status-publish","4":"has-post-thumbnail","6":"product_cat-correcteurs-de-carence","7":"product_cat-engrais","8":"product_tag-correcteurs-de-carence-ecologique","9":"product_tag-ecologique","11":"first","12":"instock","13":"taxable","14":"shipping-taxable","15":"product-type-simple"},"acf":[],"_links":{"self":[{"href":"https:\/\/www.quelagrow.com\/fr\/wp-json\/wp\/v2\/product\/5176","targetHints":{"allow":["GET"]}}],"collection":[{"href":"https:\/\/www.quelagrow.com\/fr\/wp-json\/wp\/v2\/product"}],"about":[{"href":"https:\/\/www.quelagrow.com\/fr\/wp-json\/wp\/v2\/types\/product"}],"replies":[{"embeddable":true,"href":"https:\/\/www.quelagrow.com\/fr\/wp-json\/wp\/v2\/comments?post=5176"}],"version-history":[{"count":0,"href":"https:\/\/www.quelagrow.com\/fr\/wp-json\/wp\/v2\/product\/5176\/revisions"}],"wp:featuredmedia":[{"embeddable":true,"href":"https:\/\/www.quelagrow.com\/fr\/wp-json\/wp\/v2\/media\/6483"}],"wp:attachment":[{"href":"https:\/\/www.quelagrow.com\/fr\/wp-json\/wp\/v2\/media?parent=5176"}],"wp:term":[{"taxonomy":"product_brand","embeddable":true,"href":"https:\/\/www.quelagrow.com\/fr\/wp-json\/wp\/v2\/product_brand?post=5176"},{"taxonomy":"product_cat","embeddable":true,"href":"https:\/\/www.quelagrow.com\/fr\/wp-json\/wp\/v2\/product_cat?post=5176"},{"taxonomy":"product_tag","embeddable":true,"href":"https:\/\/www.quelagrow.com\/fr\/wp-json\/wp\/v2\/product_tag?post=5176"}],"curies":[{"name":"wp","href":"https:\/\/api.w.org\/{rel}","templated":true}]}}