{"id":5178,"date":"2024-10-14T18:33:37","date_gmt":"2024-10-14T16:33:37","guid":{"rendered":"https:\/\/webmuestra.com\/quelagrow\/non class\u00e9\/bioactivateur-racinaire\/"},"modified":"2024-10-14T18:33:37","modified_gmt":"2024-10-14T16:33:37","slug":"bioactivateur-racinaire","status":"publish","type":"product","link":"https:\/\/www.quelagrow.com\/fr\/engrais\/phyto-regulateurs\/bioactivateur-racinaire\/","title":{"rendered":"QUELAFERT\u00ae RAIZ"},"content":{"rendered":"<p><strong>QUELAFERT\u00ae RAIZ<\/strong> Formulation liquide qui, gr\u00e2ce \u00e0 ses acides amin\u00e9s et ses phytohormones, favorise le d\u00e9veloppement racinaire de la plante, ce qui permet une meilleure absorption des nutriments et donc une meilleure production de la culture.<br \/>\nAvantages:<\/p>\n<ul>\n<li><strong>Am\u00e9liore le rendement et la qualit\u00e9<\/strong> de la r\u00e9colte, gr\u00e2ce \u00e0 un meilleur enracinement de la plante dans les premiers stades de l&rsquo;enracinement.<\/li>\n<li><strong>Effet anti-stress<\/strong> dans des conditions climatiques d\u00e9favorables, gr\u00e2ce aux acides amin\u00e9s.<\/li>\n<li><strong>Stimulant du syst\u00e8me racinaire<\/strong> en d\u00e9but de cycle et dans les p\u00e9riodes critiques (repiquage, p\u00e9riode hivernale, etc.).<\/li>\n<\/ul>\n","protected":false},"excerpt":{"rendered":"<p>QUELAFERT\u00ae RAIZ Formulation liquide qui, gr\u00e2ce \u00e0 ses acides amin\u00e9s et ses phytohormones, favorise le d\u00e9veloppement racinaire de la plante, ce qui permet une meilleure absorption des nutriments et donc une meilleure production de la culture. Avantages: Am\u00e9liore le rendement et la qualit\u00e9 de la r\u00e9colte, gr\u00e2ce \u00e0 un meilleur enracinement de la plante dans [&hellip;]<\/p>\n","protected":false},"featured_media":3223,"comment_status":"closed","ping_status":"closed","template":"","meta":{"_acf_changed":false},"product_brand":[],"product_cat":[157,162],"product_tag":[],"class_list":{"0":"post-5178","1":"product","2":"type-product","3":"status-publish","4":"has-post-thumbnail","6":"product_cat-engrais","7":"product_cat-phyto-regulateurs","9":"first","10":"instock","11":"taxable","12":"shipping-taxable","13":"product-type-simple"},"acf":[],"_links":{"self":[{"href":"https:\/\/www.quelagrow.com\/fr\/wp-json\/wp\/v2\/product\/5178","targetHints":{"allow":["GET"]}}],"collection":[{"href":"https:\/\/www.quelagrow.com\/fr\/wp-json\/wp\/v2\/product"}],"about":[{"href":"https:\/\/www.quelagrow.com\/fr\/wp-json\/wp\/v2\/types\/product"}],"replies":[{"embeddable":true,"href":"https:\/\/www.quelagrow.com\/fr\/wp-json\/wp\/v2\/comments?post=5178"}],"version-history":[{"count":0,"href":"https:\/\/www.quelagrow.com\/fr\/wp-json\/wp\/v2\/product\/5178\/revisions"}],"wp:featuredmedia":[{"embeddable":true,"href":"https:\/\/www.quelagrow.com\/fr\/wp-json\/wp\/v2\/media\/3223"}],"wp:attachment":[{"href":"https:\/\/www.quelagrow.com\/fr\/wp-json\/wp\/v2\/media?parent=5178"}],"wp:term":[{"taxonomy":"product_brand","embeddable":true,"href":"https:\/\/www.quelagrow.com\/fr\/wp-json\/wp\/v2\/product_brand?post=5178"},{"taxonomy":"product_cat","embeddable":true,"href":"https:\/\/www.quelagrow.com\/fr\/wp-json\/wp\/v2\/product_cat?post=5178"},{"taxonomy":"product_tag","embeddable":true,"href":"https:\/\/www.quelagrow.com\/fr\/wp-json\/wp\/v2\/product_tag?post=5178"}],"curies":[{"name":"wp","href":"https:\/\/api.w.org\/{rel}","templated":true}]}}