{"id":5179,"date":"2024-10-14T17:03:28","date_gmt":"2024-10-14T15:03:28","guid":{"rendered":"https:\/\/webmuestra.com\/quelagrow\/non class\u00e9\/microelements-chelates-liquides\/"},"modified":"2024-10-14T17:03:28","modified_gmt":"2024-10-14T15:03:28","slug":"microelements-chelates-liquides","status":"publish","type":"product","link":"https:\/\/www.quelagrow.com\/fr\/engrais\/correcteurs-de-carence\/microelements-chelates-liquides\/","title":{"rendered":"QUELAFERT\u00ae MICROS-L"},"content":{"rendered":"<p>Concentr\u00e9 soluble \u00e0 haute teneur en micronutriments. Les \u00e9l\u00e9ments m\u00e9talliques sont ch\u00e9lat\u00e9s par l&rsquo;EDTA et les \u00e9l\u00e9ments non m\u00e9talliques sont solubles dans l&rsquo;eau. <strong>QUELAFERT\u00ae MICROS-L<\/strong> \u00e9tant une formulation liquide, pr\u00e9sente de grands avantages par rapport aux formulations solides : son dosage est plus facile, il ne produit pas de s\u00e9dimentation ou de mottage, sa solubilit\u00e9 est totale et il n&rsquo;obstrue pas les syst\u00e8mes de filtration des syst\u00e8mes d&rsquo;irrigation modernes. <strong>QUELAFERT\u00ae MICROS-L<\/strong> a une teneur \u00e9lev\u00e9e en fer (Fe) (5,2 %), ce qui en fait une formulation tr\u00e8s appropri\u00e9e pour les traitements correctifs urgents (traitements de sauvetage) de la chlorose ferrique, car la r\u00e9ponse de la plante trait\u00e9e est imm\u00e9diate.<br \/>\nPlage de pH dans laquelle une bonne stabilit\u00e9 de la fraction ch\u00e9lat\u00e9e est garantie : pH entre 2 et 10. <\/p>\n","protected":false},"excerpt":{"rendered":"<p>Concentr\u00e9 soluble \u00e0 haute teneur en micronutriments. Les \u00e9l\u00e9ments m\u00e9talliques sont ch\u00e9lat\u00e9s par l&rsquo;EDTA et les \u00e9l\u00e9ments non m\u00e9talliques sont solubles dans l&rsquo;eau. QUELAFERT\u00ae MICROS-L \u00e9tant une formulation liquide, pr\u00e9sente de grands avantages par rapport aux formulations solides : son dosage est plus facile, il ne produit pas de s\u00e9dimentation ou de mottage, sa solubilit\u00e9 [&hellip;]<\/p>\n","protected":false},"featured_media":7089,"comment_status":"closed","ping_status":"closed","template":"","meta":{"_acf_changed":false},"product_brand":[],"product_cat":[159,157],"product_tag":[],"class_list":{"0":"post-5179","1":"product","2":"type-product","3":"status-publish","4":"has-post-thumbnail","6":"product_cat-correcteurs-de-carence","7":"product_cat-engrais","9":"first","10":"instock","11":"taxable","12":"shipping-taxable","13":"product-type-simple"},"acf":[],"_links":{"self":[{"href":"https:\/\/www.quelagrow.com\/fr\/wp-json\/wp\/v2\/product\/5179","targetHints":{"allow":["GET"]}}],"collection":[{"href":"https:\/\/www.quelagrow.com\/fr\/wp-json\/wp\/v2\/product"}],"about":[{"href":"https:\/\/www.quelagrow.com\/fr\/wp-json\/wp\/v2\/types\/product"}],"replies":[{"embeddable":true,"href":"https:\/\/www.quelagrow.com\/fr\/wp-json\/wp\/v2\/comments?post=5179"}],"version-history":[{"count":0,"href":"https:\/\/www.quelagrow.com\/fr\/wp-json\/wp\/v2\/product\/5179\/revisions"}],"wp:featuredmedia":[{"embeddable":true,"href":"https:\/\/www.quelagrow.com\/fr\/wp-json\/wp\/v2\/media\/7089"}],"wp:attachment":[{"href":"https:\/\/www.quelagrow.com\/fr\/wp-json\/wp\/v2\/media?parent=5179"}],"wp:term":[{"taxonomy":"product_brand","embeddable":true,"href":"https:\/\/www.quelagrow.com\/fr\/wp-json\/wp\/v2\/product_brand?post=5179"},{"taxonomy":"product_cat","embeddable":true,"href":"https:\/\/www.quelagrow.com\/fr\/wp-json\/wp\/v2\/product_cat?post=5179"},{"taxonomy":"product_tag","embeddable":true,"href":"https:\/\/www.quelagrow.com\/fr\/wp-json\/wp\/v2\/product_tag?post=5179"}],"curies":[{"name":"wp","href":"https:\/\/api.w.org\/{rel}","templated":true}]}}