{"id":5180,"date":"2024-10-14T18:44:06","date_gmt":"2024-10-14T16:44:06","guid":{"rendered":"https:\/\/webmuestra.com\/quelagrow\/non%20class\u00e9\/enrizante\/"},"modified":"2024-11-26T09:29:12","modified_gmt":"2024-11-26T08:29:12","slug":"enracinant","status":"publish","type":"product","link":"https:\/\/www.quelagrow.com\/fr\/engrais\/phyto-regulateurs\/enracinant\/","title":{"rendered":"QUELAFERT\u00ae RAICINE"},"content":{"rendered":"<p>Formulation compl\u00e8te comprenant une s\u00e9rie de composants qui favorisent le d\u00e9veloppement racinaire de la plante, en particulier en p\u00e9riode de stress. Gr\u00e2ce aux acides amin\u00e9s, polysaccharides, acides polycarboxyliques et phytohormones d&rsquo;origine naturelle provenant d&rsquo;extraits d&rsquo;algues s\u00e9ch\u00e9es, on obtient un d\u00e9veloppement rapide et important des racines. <strong>QUELAFERT\u00ae RAICINE<\/strong> peut \u00eatre appliqu\u00e9 au d\u00e9but de la culture ou lorsque la plante est en pleine production pour aider la racine \u00e0 obtenir les nutriments n\u00e9cessaires demand\u00e9s par la partie a\u00e9rienne de la plante.<\/p>\n","protected":false},"excerpt":{"rendered":"<p>Formulation compl\u00e8te comprenant une s\u00e9rie de composants qui favorisent le d\u00e9veloppement racinaire de la plante, en particulier en p\u00e9riode de stress. Gr\u00e2ce aux acides amin\u00e9s, polysaccharides, acides polycarboxyliques et phytohormones d&rsquo;origine naturelle provenant d&rsquo;extraits d&rsquo;algues s\u00e9ch\u00e9es, on obtient un d\u00e9veloppement rapide et important des racines. QUELAFERT\u00ae RAICINE peut \u00eatre appliqu\u00e9 au d\u00e9but de la culture [&hellip;]<\/p>\n","protected":false},"featured_media":6608,"comment_status":"closed","ping_status":"closed","template":"","meta":{"_acf_changed":false},"product_brand":[],"product_cat":[157,162],"product_tag":[239],"class_list":{"0":"post-5180","1":"product","2":"type-product","3":"status-publish","4":"has-post-thumbnail","6":"product_cat-engrais","7":"product_cat-phyto-regulateurs","8":"product_tag-phytohormones-ecologiques","10":"first","11":"instock","12":"taxable","13":"shipping-taxable","14":"product-type-simple"},"acf":[],"_links":{"self":[{"href":"https:\/\/www.quelagrow.com\/fr\/wp-json\/wp\/v2\/product\/5180","targetHints":{"allow":["GET"]}}],"collection":[{"href":"https:\/\/www.quelagrow.com\/fr\/wp-json\/wp\/v2\/product"}],"about":[{"href":"https:\/\/www.quelagrow.com\/fr\/wp-json\/wp\/v2\/types\/product"}],"replies":[{"embeddable":true,"href":"https:\/\/www.quelagrow.com\/fr\/wp-json\/wp\/v2\/comments?post=5180"}],"version-history":[{"count":0,"href":"https:\/\/www.quelagrow.com\/fr\/wp-json\/wp\/v2\/product\/5180\/revisions"}],"wp:featuredmedia":[{"embeddable":true,"href":"https:\/\/www.quelagrow.com\/fr\/wp-json\/wp\/v2\/media\/6608"}],"wp:attachment":[{"href":"https:\/\/www.quelagrow.com\/fr\/wp-json\/wp\/v2\/media?parent=5180"}],"wp:term":[{"taxonomy":"product_brand","embeddable":true,"href":"https:\/\/www.quelagrow.com\/fr\/wp-json\/wp\/v2\/product_brand?post=5180"},{"taxonomy":"product_cat","embeddable":true,"href":"https:\/\/www.quelagrow.com\/fr\/wp-json\/wp\/v2\/product_cat?post=5180"},{"taxonomy":"product_tag","embeddable":true,"href":"https:\/\/www.quelagrow.com\/fr\/wp-json\/wp\/v2\/product_tag?post=5180"}],"curies":[{"name":"wp","href":"https:\/\/api.w.org\/{rel}","templated":true}]}}