{"id":5181,"date":"2024-10-14T18:55:34","date_gmt":"2024-10-14T16:55:34","guid":{"rendered":"https:\/\/webmuestra.com\/quelagrow\/non%20class\u00e9\/bioactivador-cuajado-maduracion\/"},"modified":"2026-05-08T09:51:57","modified_gmt":"2026-05-08T07:51:57","slug":"max-bioactivateur-maturation","status":"publish","type":"product","link":"https:\/\/www.quelagrow.com\/fr\/engrais\/phyto-regulateurs\/max-bioactivateur-maturation\/","title":{"rendered":"QUELAFERT\u00ae MAX"},"content":{"rendered":"<p>Formulation liquide destin\u00e9e \u00e0 \u00eatre appliqu\u00e9e dans les cultures horticoles et fruiti\u00e8res, pour stimuler et favoriser de mani\u00e8re naturelle les processus de nouaison et d&rsquo;engraissement des fruits.<br \/>\nMAX est un produit \u00e0 base d&rsquo;extraits marins, de polysaccharides et de prot\u00e9ines.<\/p>\n<p>Les extraits marins sont des sources naturelles de phytohormones naturelles, qui influencent les processus de floraison et d&rsquo;engraissement du fruit, en favorisant la division cellulaire du fruit.<\/p>\n<p>Ce produit contient un m\u00e9lange de benzylad\u00e9nine et d&rsquo;acides amin\u00e9s synth\u00e9tiques qui renforcent les effets des extraits marins qu&rsquo;il contient.<\/p>\n","protected":false},"excerpt":{"rendered":"<p>Formulation liquide destin\u00e9e \u00e0 \u00eatre appliqu\u00e9e dans les cultures horticoles et fruiti\u00e8res, pour stimuler et favoriser de mani\u00e8re naturelle les processus de nouaison et d&rsquo;engraissement des fruits. MAX est un produit \u00e0 base d&rsquo;extraits marins, de polysaccharides et de prot\u00e9ines. Les extraits marins sont des sources naturelles de phytohormones naturelles, qui influencent les processus de [&hellip;]<\/p>\n","protected":false},"featured_media":7105,"comment_status":"closed","ping_status":"closed","template":"","meta":{"_acf_changed":false},"product_brand":[],"product_cat":[157,162],"product_tag":[],"class_list":{"0":"post-5181","1":"product","2":"type-product","3":"status-publish","4":"has-post-thumbnail","6":"product_cat-engrais","7":"product_cat-phyto-regulateurs","9":"first","10":"instock","11":"taxable","12":"shipping-taxable","13":"product-type-simple"},"acf":[],"_links":{"self":[{"href":"https:\/\/www.quelagrow.com\/fr\/wp-json\/wp\/v2\/product\/5181","targetHints":{"allow":["GET"]}}],"collection":[{"href":"https:\/\/www.quelagrow.com\/fr\/wp-json\/wp\/v2\/product"}],"about":[{"href":"https:\/\/www.quelagrow.com\/fr\/wp-json\/wp\/v2\/types\/product"}],"replies":[{"embeddable":true,"href":"https:\/\/www.quelagrow.com\/fr\/wp-json\/wp\/v2\/comments?post=5181"}],"version-history":[{"count":1,"href":"https:\/\/www.quelagrow.com\/fr\/wp-json\/wp\/v2\/product\/5181\/revisions"}],"predecessor-version":[{"id":8173,"href":"https:\/\/www.quelagrow.com\/fr\/wp-json\/wp\/v2\/product\/5181\/revisions\/8173"}],"wp:featuredmedia":[{"embeddable":true,"href":"https:\/\/www.quelagrow.com\/fr\/wp-json\/wp\/v2\/media\/7105"}],"wp:attachment":[{"href":"https:\/\/www.quelagrow.com\/fr\/wp-json\/wp\/v2\/media?parent=5181"}],"wp:term":[{"taxonomy":"product_brand","embeddable":true,"href":"https:\/\/www.quelagrow.com\/fr\/wp-json\/wp\/v2\/product_brand?post=5181"},{"taxonomy":"product_cat","embeddable":true,"href":"https:\/\/www.quelagrow.com\/fr\/wp-json\/wp\/v2\/product_cat?post=5181"},{"taxonomy":"product_tag","embeddable":true,"href":"https:\/\/www.quelagrow.com\/fr\/wp-json\/wp\/v2\/product_tag?post=5181"}],"curies":[{"name":"wp","href":"https:\/\/api.w.org\/{rel}","templated":true}]}}