{"id":5182,"date":"2024-10-14T19:21:37","date_gmt":"2024-10-14T17:21:37","guid":{"rendered":"https:\/\/webmuestra.com\/quelagrow\/non%20class\u00e9\/bioactivador-cuajado-engorde\/"},"modified":"2024-11-26T09:29:40","modified_gmt":"2024-11-26T08:29:40","slug":"bioactivateur-engraissement","status":"publish","type":"product","link":"https:\/\/www.quelagrow.com\/fr\/engrais\/phyto-regulateurs\/bioactivateur-engraissement\/","title":{"rendered":"QUELAFERT\u00ae HORM"},"content":{"rendered":"<p><strong>QUELAFERT\u00ae HORM<\/strong> est une formule qui induit et am\u00e9liore les processus de floraison, de nouaison et d&rsquo;engraissement des cultures.<\/p>\n<p>C&rsquo;est un compos\u00e9 d&rsquo;acides amin\u00e9s enrichi d&rsquo;acides organiques et de peptides qui favorisent la nouaison et stimulent la croissance des fruits dans les stades pr\u00e9coces.<\/p>\n","protected":false},"excerpt":{"rendered":"<p>QUELAFERT\u00ae HORM est une formule qui induit et am\u00e9liore les processus de floraison, de nouaison et d&rsquo;engraissement des cultures. C&rsquo;est un compos\u00e9 d&rsquo;acides amin\u00e9s enrichi d&rsquo;acides organiques et de peptides qui favorisent la nouaison et stimulent la croissance des fruits dans les stades pr\u00e9coces.<\/p>\n","protected":false},"featured_media":6613,"comment_status":"closed","ping_status":"closed","template":"","meta":{"_acf_changed":false},"product_brand":[],"product_cat":[157,162],"product_tag":[],"class_list":{"0":"post-5182","1":"product","2":"type-product","3":"status-publish","4":"has-post-thumbnail","6":"product_cat-engrais","7":"product_cat-phyto-regulateurs","9":"first","10":"instock","11":"taxable","12":"shipping-taxable","13":"product-type-simple"},"acf":[],"_links":{"self":[{"href":"https:\/\/www.quelagrow.com\/fr\/wp-json\/wp\/v2\/product\/5182","targetHints":{"allow":["GET"]}}],"collection":[{"href":"https:\/\/www.quelagrow.com\/fr\/wp-json\/wp\/v2\/product"}],"about":[{"href":"https:\/\/www.quelagrow.com\/fr\/wp-json\/wp\/v2\/types\/product"}],"replies":[{"embeddable":true,"href":"https:\/\/www.quelagrow.com\/fr\/wp-json\/wp\/v2\/comments?post=5182"}],"version-history":[{"count":0,"href":"https:\/\/www.quelagrow.com\/fr\/wp-json\/wp\/v2\/product\/5182\/revisions"}],"wp:featuredmedia":[{"embeddable":true,"href":"https:\/\/www.quelagrow.com\/fr\/wp-json\/wp\/v2\/media\/6613"}],"wp:attachment":[{"href":"https:\/\/www.quelagrow.com\/fr\/wp-json\/wp\/v2\/media?parent=5182"}],"wp:term":[{"taxonomy":"product_brand","embeddable":true,"href":"https:\/\/www.quelagrow.com\/fr\/wp-json\/wp\/v2\/product_brand?post=5182"},{"taxonomy":"product_cat","embeddable":true,"href":"https:\/\/www.quelagrow.com\/fr\/wp-json\/wp\/v2\/product_cat?post=5182"},{"taxonomy":"product_tag","embeddable":true,"href":"https:\/\/www.quelagrow.com\/fr\/wp-json\/wp\/v2\/product_tag?post=5182"}],"curies":[{"name":"wp","href":"https:\/\/api.w.org\/{rel}","templated":true}]}}