{"id":5184,"date":"2024-10-14T19:37:18","date_gmt":"2024-10-14T17:37:18","guid":{"rendered":"https:\/\/webmuestra.com\/quelagrow\/non class\u00e9\/quelafert-quelagib-16\/"},"modified":"2024-10-14T19:37:18","modified_gmt":"2024-10-14T17:37:18","slug":"quelafert-quelagib-16","status":"publish","type":"product","link":"https:\/\/www.quelagrow.com\/fr\/engrais\/phyto-regulateurs\/quelafert-quelagib-16\/","title":{"rendered":"QUELAFERT\u00ae QUELAGIB 1.6"},"content":{"rendered":"<p><strong>QUELAGIB 1.6<\/strong> est une formulation de prot\u00e9ines, d&rsquo;acides amin\u00e9s et de gibb\u00e9rellines. <strong>QUELAGIB 1.6<\/strong> favorise les processus phytohormonaux qui influencent la floraison jusqu&rsquo;\u00e0 la maturation, ce qui permet d&rsquo;obtenir une meilleure f\u00e9condation et des fruits plus homog\u00e8nes. <strong>QUELAGIB 1.6<\/strong> agit en homog\u00e9n\u00e9isant la floraison, ce qui permet d&rsquo;obtenir une meilleure nouaison et un meilleur d\u00e9veloppement des fruits. Il est appliqu\u00e9 sur : tomate, concombre et past\u00e8que, en pleine floraison et jusqu&rsquo;\u00e0 21 jours avant la r\u00e9colte. Dans les agrumes, un mois avant la r\u00e9colte. Dans les raisins avec p\u00e9pins, avec des grappes de 2-4 cm de longueur, et sans p\u00e9pins avant la floraison, en pleine floraison, et lorsque les p\u00e9tales tombent.<\/p>\n","protected":false},"excerpt":{"rendered":"<p>QUELAGIB 1.6 est une formulation de prot\u00e9ines, d&rsquo;acides amin\u00e9s et de gibb\u00e9rellines. QUELAGIB 1.6 favorise les processus phytohormonaux qui influencent la floraison jusqu&rsquo;\u00e0 la maturation, ce qui permet d&rsquo;obtenir une meilleure f\u00e9condation et des fruits plus homog\u00e8nes. QUELAGIB 1.6 agit en homog\u00e9n\u00e9isant la floraison, ce qui permet d&rsquo;obtenir une meilleure nouaison et un meilleur d\u00e9veloppement [&hellip;]<\/p>\n","protected":false},"featured_media":7099,"comment_status":"closed","ping_status":"closed","template":"","meta":{"_acf_changed":false},"product_brand":[],"product_cat":[157,162],"product_tag":[],"class_list":{"0":"post-5184","1":"product","2":"type-product","3":"status-publish","4":"has-post-thumbnail","6":"product_cat-engrais","7":"product_cat-phyto-regulateurs","9":"first","10":"instock","11":"taxable","12":"shipping-taxable","13":"product-type-simple"},"acf":[],"_links":{"self":[{"href":"https:\/\/www.quelagrow.com\/fr\/wp-json\/wp\/v2\/product\/5184","targetHints":{"allow":["GET"]}}],"collection":[{"href":"https:\/\/www.quelagrow.com\/fr\/wp-json\/wp\/v2\/product"}],"about":[{"href":"https:\/\/www.quelagrow.com\/fr\/wp-json\/wp\/v2\/types\/product"}],"replies":[{"embeddable":true,"href":"https:\/\/www.quelagrow.com\/fr\/wp-json\/wp\/v2\/comments?post=5184"}],"version-history":[{"count":0,"href":"https:\/\/www.quelagrow.com\/fr\/wp-json\/wp\/v2\/product\/5184\/revisions"}],"wp:featuredmedia":[{"embeddable":true,"href":"https:\/\/www.quelagrow.com\/fr\/wp-json\/wp\/v2\/media\/7099"}],"wp:attachment":[{"href":"https:\/\/www.quelagrow.com\/fr\/wp-json\/wp\/v2\/media?parent=5184"}],"wp:term":[{"taxonomy":"product_brand","embeddable":true,"href":"https:\/\/www.quelagrow.com\/fr\/wp-json\/wp\/v2\/product_brand?post=5184"},{"taxonomy":"product_cat","embeddable":true,"href":"https:\/\/www.quelagrow.com\/fr\/wp-json\/wp\/v2\/product_cat?post=5184"},{"taxonomy":"product_tag","embeddable":true,"href":"https:\/\/www.quelagrow.com\/fr\/wp-json\/wp\/v2\/product_tag?post=5184"}],"curies":[{"name":"wp","href":"https:\/\/api.w.org\/{rel}","templated":true}]}}