{"id":5186,"date":"2024-10-22T19:56:02","date_gmt":"2024-10-22T17:56:02","guid":{"rendered":"https:\/\/webmuestra.com\/quelagrow\/non class\u00e9\/quelafert-quelamin-24\/"},"modified":"2024-10-22T19:56:02","modified_gmt":"2024-10-22T17:56:02","slug":"quelafert-quelamin-24","status":"publish","type":"product","link":"https:\/\/www.quelagrow.com\/fr\/engrais\/acides-amines\/quelafert-quelamin-24\/","title":{"rendered":"QUELAFERT\u00ae QUELAMIN 24"},"content":{"rendered":"<p><strong>QUELAMIN 24<\/strong> est un bioactivateur \u00e0 base d&rsquo;acides amin\u00e9s v\u00e9g\u00e9taux hydrolys\u00e9s de faible poids mol\u00e9culaire, facilement absorb\u00e9s par les tissus v\u00e9g\u00e9taux.<\/p>\n<p>Il pr\u00e9sente une teneur \u00e9lev\u00e9e en acides amin\u00e9s essentiels et en mati\u00e8re organique qui, avec les micro\u00e9l\u00e9ments qu&rsquo;il apporte, devient un produit qui am\u00e9liore l&rsquo;activit\u00e9 photosynth\u00e9tique et la synth\u00e8se des prot\u00e9ines, et en g\u00e9n\u00e9ral, tout processus physiologique depuis l&rsquo;ajout d&rsquo;acides amin\u00e9s \u00e0 la culture s&rsquo;est av\u00e9r\u00e9 grandement am\u00e9lior\u00e9 mesurer de nombreux processus naturels de la plante.<\/p>\n","protected":false},"excerpt":{"rendered":"<p>QUELAMIN 24 est un bioactivateur \u00e0 base d&rsquo;acides amin\u00e9s v\u00e9g\u00e9taux hydrolys\u00e9s de faible poids mol\u00e9culaire, facilement absorb\u00e9s par les tissus v\u00e9g\u00e9taux. Il pr\u00e9sente une teneur \u00e9lev\u00e9e en acides amin\u00e9s essentiels et en mati\u00e8re organique qui, avec les micro\u00e9l\u00e9ments qu&rsquo;il apporte, devient un produit qui am\u00e9liore l&rsquo;activit\u00e9 photosynth\u00e9tique et la synth\u00e8se des prot\u00e9ines, et en g\u00e9n\u00e9ral, [&hellip;]<\/p>\n","protected":false},"featured_media":6812,"comment_status":"closed","ping_status":"closed","template":"","meta":{"_acf_changed":false},"product_brand":[],"product_cat":[160,157],"product_tag":[120,129],"class_list":{"0":"post-5186","1":"product","2":"type-product","3":"status-publish","4":"has-post-thumbnail","6":"product_cat-acides-amines","7":"product_cat-engrais","8":"product_tag-acides-amines-organiques","9":"product_tag-ecologique","11":"first","12":"instock","13":"taxable","14":"shipping-taxable","15":"product-type-simple"},"acf":[],"_links":{"self":[{"href":"https:\/\/www.quelagrow.com\/fr\/wp-json\/wp\/v2\/product\/5186","targetHints":{"allow":["GET"]}}],"collection":[{"href":"https:\/\/www.quelagrow.com\/fr\/wp-json\/wp\/v2\/product"}],"about":[{"href":"https:\/\/www.quelagrow.com\/fr\/wp-json\/wp\/v2\/types\/product"}],"replies":[{"embeddable":true,"href":"https:\/\/www.quelagrow.com\/fr\/wp-json\/wp\/v2\/comments?post=5186"}],"version-history":[{"count":0,"href":"https:\/\/www.quelagrow.com\/fr\/wp-json\/wp\/v2\/product\/5186\/revisions"}],"wp:featuredmedia":[{"embeddable":true,"href":"https:\/\/www.quelagrow.com\/fr\/wp-json\/wp\/v2\/media\/6812"}],"wp:attachment":[{"href":"https:\/\/www.quelagrow.com\/fr\/wp-json\/wp\/v2\/media?parent=5186"}],"wp:term":[{"taxonomy":"product_brand","embeddable":true,"href":"https:\/\/www.quelagrow.com\/fr\/wp-json\/wp\/v2\/product_brand?post=5186"},{"taxonomy":"product_cat","embeddable":true,"href":"https:\/\/www.quelagrow.com\/fr\/wp-json\/wp\/v2\/product_cat?post=5186"},{"taxonomy":"product_tag","embeddable":true,"href":"https:\/\/www.quelagrow.com\/fr\/wp-json\/wp\/v2\/product_tag?post=5186"}],"curies":[{"name":"wp","href":"https:\/\/api.w.org\/{rel}","templated":true}]}}