{"id":5187,"date":"2024-10-22T19:57:59","date_gmt":"2024-10-22T17:57:59","guid":{"rendered":"https:\/\/webmuestra.com\/quelagrow\/non%20class\u00e9\/liquido\/"},"modified":"2024-11-26T09:30:36","modified_gmt":"2024-11-26T08:30:36","slug":"liquide","status":"publish","type":"product","link":"https:\/\/www.quelagrow.com\/fr\/engrais\/acides-amines\/liquide\/","title":{"rendered":"QUELAFERT\u00ae AMINO 60"},"content":{"rendered":"<p><strong>QUELAFERT\u00ae AMINO 60<\/strong> est un produit liquide \u00e0 base d&rsquo;acides amin\u00e9s, de peptides, de polypeptides et de polysaccharides issus de l&rsquo;hydrolyse de prot\u00e9ines purifi\u00e9es d&rsquo;origine animale (\u00e9pith\u00e9lium) et \u00e0 haute teneur en mati\u00e8re organique.<\/p>\n<p>Avec <strong>QUELAFERT\u00ae AMINO 60<\/strong> aide la plante en situation de stress (s\u00e9cheresse, temp\u00e9ratures extr\u00eames, maladies,&#8230;) et la nouaison et le d\u00e9veloppement des fruits sont favoris\u00e9s.<\/p>\n","protected":false},"excerpt":{"rendered":"<p>QUELAFERT\u00ae AMINO 60 est un produit liquide \u00e0 base d&rsquo;acides amin\u00e9s, de peptides, de polypeptides et de polysaccharides issus de l&rsquo;hydrolyse de prot\u00e9ines purifi\u00e9es d&rsquo;origine animale (\u00e9pith\u00e9lium) et \u00e0 haute teneur en mati\u00e8re organique. Avec QUELAFERT\u00ae AMINO 60 aide la plante en situation de stress (s\u00e9cheresse, temp\u00e9ratures extr\u00eames, maladies,&#8230;) et la nouaison et le d\u00e9veloppement [&hellip;]<\/p>\n","protected":false},"featured_media":6817,"comment_status":"closed","ping_status":"closed","template":"","meta":{"_acf_changed":false},"product_brand":[],"product_cat":[160,157],"product_tag":[120,129],"class_list":{"0":"post-5187","1":"product","2":"type-product","3":"status-publish","4":"has-post-thumbnail","6":"product_cat-acides-amines","7":"product_cat-engrais","8":"product_tag-acides-amines-organiques","9":"product_tag-ecologique","11":"first","12":"instock","13":"taxable","14":"shipping-taxable","15":"product-type-simple"},"acf":[],"_links":{"self":[{"href":"https:\/\/www.quelagrow.com\/fr\/wp-json\/wp\/v2\/product\/5187","targetHints":{"allow":["GET"]}}],"collection":[{"href":"https:\/\/www.quelagrow.com\/fr\/wp-json\/wp\/v2\/product"}],"about":[{"href":"https:\/\/www.quelagrow.com\/fr\/wp-json\/wp\/v2\/types\/product"}],"replies":[{"embeddable":true,"href":"https:\/\/www.quelagrow.com\/fr\/wp-json\/wp\/v2\/comments?post=5187"}],"version-history":[{"count":0,"href":"https:\/\/www.quelagrow.com\/fr\/wp-json\/wp\/v2\/product\/5187\/revisions"}],"wp:featuredmedia":[{"embeddable":true,"href":"https:\/\/www.quelagrow.com\/fr\/wp-json\/wp\/v2\/media\/6817"}],"wp:attachment":[{"href":"https:\/\/www.quelagrow.com\/fr\/wp-json\/wp\/v2\/media?parent=5187"}],"wp:term":[{"taxonomy":"product_brand","embeddable":true,"href":"https:\/\/www.quelagrow.com\/fr\/wp-json\/wp\/v2\/product_brand?post=5187"},{"taxonomy":"product_cat","embeddable":true,"href":"https:\/\/www.quelagrow.com\/fr\/wp-json\/wp\/v2\/product_cat?post=5187"},{"taxonomy":"product_tag","embeddable":true,"href":"https:\/\/www.quelagrow.com\/fr\/wp-json\/wp\/v2\/product_tag?post=5187"}],"curies":[{"name":"wp","href":"https:\/\/api.w.org\/{rel}","templated":true}]}}