{"id":5194,"date":"2024-10-22T21:32:45","date_gmt":"2024-10-22T19:32:45","guid":{"rendered":"https:\/\/webmuestra.com\/quelagrow\/non%20class\u00e9\/estimulante-desarrollo-fruto\/"},"modified":"2024-11-26T10:35:00","modified_gmt":"2024-11-26T09:35:00","slug":"stimulant-developpement-fruit","status":"publish","type":"product","link":"https:\/\/www.quelagrow.com\/fr\/engrais\/acides-amines\/stimulant-developpement-fruit\/","title":{"rendered":"QUELAFERT\u00ae POWER-H"},"content":{"rendered":"<p><strong>QUELAFERT\u00ae POWER-H<\/strong> est une formulation solide qui contient du calcium, du zinc, du mangan\u00e8se, des acides amin\u00e9s s\u00e9lectionn\u00e9s, des vitamines et des enzymes, con\u00e7ue pour :<\/p>\n<ul>\n<li>Augmenter la production v\u00e9g\u00e9tale, gr\u00e2ce au fait qu&rsquo;il favorise l&rsquo;engraissement du fruit d\u00e8s les premiers stades de son d\u00e9veloppement.<\/li>\n<li>Donner plus de consistance au fruit gr\u00e2ce \u00e0 l&rsquo;apport de micro\u00e9l\u00e9ments, qui favorisent le transport.<\/li>\n<\/ul>\n","protected":false},"excerpt":{"rendered":"<p>QUELAFERT\u00ae POWER-H est une formulation solide qui contient du calcium, du zinc, du mangan\u00e8se, des acides amin\u00e9s s\u00e9lectionn\u00e9s, des vitamines et des enzymes, con\u00e7ue pour : Augmenter la production v\u00e9g\u00e9tale, gr\u00e2ce au fait qu&rsquo;il favorise l&rsquo;engraissement du fruit d\u00e8s les premiers stades de son d\u00e9veloppement. Donner plus de consistance au fruit gr\u00e2ce \u00e0 l&rsquo;apport de [&hellip;]<\/p>\n","protected":false},"featured_media":6443,"comment_status":"closed","ping_status":"closed","template":"","meta":{"_acf_changed":false},"product_brand":[],"product_cat":[160,157],"product_tag":[],"class_list":{"0":"post-5194","1":"product","2":"type-product","3":"status-publish","4":"has-post-thumbnail","6":"product_cat-acides-amines","7":"product_cat-engrais","9":"first","10":"instock","11":"taxable","12":"shipping-taxable","13":"product-type-simple"},"acf":[],"_links":{"self":[{"href":"https:\/\/www.quelagrow.com\/fr\/wp-json\/wp\/v2\/product\/5194","targetHints":{"allow":["GET"]}}],"collection":[{"href":"https:\/\/www.quelagrow.com\/fr\/wp-json\/wp\/v2\/product"}],"about":[{"href":"https:\/\/www.quelagrow.com\/fr\/wp-json\/wp\/v2\/types\/product"}],"replies":[{"embeddable":true,"href":"https:\/\/www.quelagrow.com\/fr\/wp-json\/wp\/v2\/comments?post=5194"}],"version-history":[{"count":0,"href":"https:\/\/www.quelagrow.com\/fr\/wp-json\/wp\/v2\/product\/5194\/revisions"}],"wp:featuredmedia":[{"embeddable":true,"href":"https:\/\/www.quelagrow.com\/fr\/wp-json\/wp\/v2\/media\/6443"}],"wp:attachment":[{"href":"https:\/\/www.quelagrow.com\/fr\/wp-json\/wp\/v2\/media?parent=5194"}],"wp:term":[{"taxonomy":"product_brand","embeddable":true,"href":"https:\/\/www.quelagrow.com\/fr\/wp-json\/wp\/v2\/product_brand?post=5194"},{"taxonomy":"product_cat","embeddable":true,"href":"https:\/\/www.quelagrow.com\/fr\/wp-json\/wp\/v2\/product_cat?post=5194"},{"taxonomy":"product_tag","embeddable":true,"href":"https:\/\/www.quelagrow.com\/fr\/wp-json\/wp\/v2\/product_tag?post=5194"}],"curies":[{"name":"wp","href":"https:\/\/api.w.org\/{rel}","templated":true}]}}