{"id":5196,"date":"2024-10-22T22:06:43","date_gmt":"2024-10-22T20:06:43","guid":{"rendered":"https:\/\/webmuestra.com\/quelagrow\/non%20class\u00e9\/estimulante-produccion\/"},"modified":"2024-11-26T10:35:25","modified_gmt":"2024-11-26T09:35:25","slug":"stimulant-de-production","status":"publish","type":"product","link":"https:\/\/www.quelagrow.com\/fr\/engrais\/biostimulants-agricoles\/stimulant-de-production\/","title":{"rendered":"QUELAFERT\u00ae ESTIM"},"content":{"rendered":"<p><strong>QUELAFERT\u00ae ESTIM<\/strong> est un concentr\u00e9 d&rsquo;acides amin\u00e9s, d&rsquo;acide folique et d&rsquo;AATC (dans son pr\u00e9curseur, la L-cyt\u00e9ine) formul\u00e9 pour stimuler la germination et la croissance des plantes et de leurs fruits.<\/p>\n","protected":false},"excerpt":{"rendered":"<p>QUELAFERT\u00ae ESTIM est un concentr\u00e9 d&rsquo;acides amin\u00e9s, d&rsquo;acide folique et d&rsquo;AATC (dans son pr\u00e9curseur, la L-cyt\u00e9ine) formul\u00e9 pour stimuler la germination et la croissance des plantes et de leurs fruits.<\/p>\n","protected":false},"featured_media":6984,"comment_status":"closed","ping_status":"closed","template":"","meta":{"_acf_changed":false},"product_brand":[],"product_cat":[161,157],"product_tag":[],"class_list":{"0":"post-5196","1":"product","2":"type-product","3":"status-publish","4":"has-post-thumbnail","6":"product_cat-biostimulants-agricoles","7":"product_cat-engrais","9":"first","10":"instock","11":"taxable","12":"shipping-taxable","13":"product-type-simple"},"acf":[],"_links":{"self":[{"href":"https:\/\/www.quelagrow.com\/fr\/wp-json\/wp\/v2\/product\/5196","targetHints":{"allow":["GET"]}}],"collection":[{"href":"https:\/\/www.quelagrow.com\/fr\/wp-json\/wp\/v2\/product"}],"about":[{"href":"https:\/\/www.quelagrow.com\/fr\/wp-json\/wp\/v2\/types\/product"}],"replies":[{"embeddable":true,"href":"https:\/\/www.quelagrow.com\/fr\/wp-json\/wp\/v2\/comments?post=5196"}],"version-history":[{"count":0,"href":"https:\/\/www.quelagrow.com\/fr\/wp-json\/wp\/v2\/product\/5196\/revisions"}],"wp:featuredmedia":[{"embeddable":true,"href":"https:\/\/www.quelagrow.com\/fr\/wp-json\/wp\/v2\/media\/6984"}],"wp:attachment":[{"href":"https:\/\/www.quelagrow.com\/fr\/wp-json\/wp\/v2\/media?parent=5196"}],"wp:term":[{"taxonomy":"product_brand","embeddable":true,"href":"https:\/\/www.quelagrow.com\/fr\/wp-json\/wp\/v2\/product_brand?post=5196"},{"taxonomy":"product_cat","embeddable":true,"href":"https:\/\/www.quelagrow.com\/fr\/wp-json\/wp\/v2\/product_cat?post=5196"},{"taxonomy":"product_tag","embeddable":true,"href":"https:\/\/www.quelagrow.com\/fr\/wp-json\/wp\/v2\/product_tag?post=5196"}],"curies":[{"name":"wp","href":"https:\/\/api.w.org\/{rel}","templated":true}]}}