{"id":5197,"date":"2024-10-22T22:16:23","date_gmt":"2024-10-22T20:16:23","guid":{"rendered":"https:\/\/webmuestra.com\/quelagrow\/non%20class\u00e9\/inductor-crecimiento-y-produccion\/"},"modified":"2024-11-26T10:35:44","modified_gmt":"2024-11-26T09:35:44","slug":"inducteur-croissance-et-production","status":"publish","type":"product","link":"https:\/\/www.quelagrow.com\/fr\/engrais\/biostimulants-agricoles\/inducteur-croissance-et-production\/","title":{"rendered":"QUELAFERT\u00ae ACTIV"},"content":{"rendered":"<p>Produit \u00e0 base d&rsquo;acides amin\u00e9s de haute qualit\u00e9 nutritionnelle, facilement assimilables par la plante. Active la croissance v\u00e9g\u00e9tative et d\u00e9bloque la plante dans des situations de stress telles que:<\/p>\n<ul>\n<li>Premi\u00e8res \u00e9tapes de culture, am\u00e9liorant l\u2019enracinement.<\/li>\n<li>Des carences thermiques et hydriques qui fragilisent la plante ou la paralysent.<\/li>\n<li>Aide aux processus m\u00e9taboliques de nouaison et d\u2019engraissement.<\/li>\n<li>Cultures en pleine production, o\u00f9 les exigences nutritionnelles sont \u00e9lev\u00e9es, ce qui permet d&rsquo;obtenir une am\u00e9lioration du rendement et de la qualit\u00e9 des fruits (calibres homog\u00e8nes et plus gros).<\/li>\n<li>Avance des r\u00e9coltes<\/li>\n<li>Am\u00e9liore la coloration et les degr\u00e9s Brix.<\/li>\n<\/ul>\n<p>En bref, <strong>Q. ACTIV<\/strong> aide les cultures \u00e0 atteindre leur potentiel g\u00e9n\u00e9tique en termes de r\u00e9colte et de qualit\u00e9.<\/p>\n","protected":false},"excerpt":{"rendered":"<p>Produit \u00e0 base d&rsquo;acides amin\u00e9s de haute qualit\u00e9 nutritionnelle, facilement assimilables par la plante. Active la croissance v\u00e9g\u00e9tative et d\u00e9bloque la plante dans des situations de stress telles que: Premi\u00e8res \u00e9tapes de culture, am\u00e9liorant l\u2019enracinement. Des carences thermiques et hydriques qui fragilisent la plante ou la paralysent. Aide aux processus m\u00e9taboliques de nouaison et d\u2019engraissement. [&hellip;]<\/p>\n","protected":false},"featured_media":6289,"comment_status":"closed","ping_status":"closed","template":"","meta":{"_acf_changed":false},"product_brand":[],"product_cat":[161,157],"product_tag":[],"class_list":{"0":"post-5197","1":"product","2":"type-product","3":"status-publish","4":"has-post-thumbnail","6":"product_cat-biostimulants-agricoles","7":"product_cat-engrais","9":"first","10":"instock","11":"taxable","12":"shipping-taxable","13":"product-type-simple"},"acf":[],"_links":{"self":[{"href":"https:\/\/www.quelagrow.com\/fr\/wp-json\/wp\/v2\/product\/5197","targetHints":{"allow":["GET"]}}],"collection":[{"href":"https:\/\/www.quelagrow.com\/fr\/wp-json\/wp\/v2\/product"}],"about":[{"href":"https:\/\/www.quelagrow.com\/fr\/wp-json\/wp\/v2\/types\/product"}],"replies":[{"embeddable":true,"href":"https:\/\/www.quelagrow.com\/fr\/wp-json\/wp\/v2\/comments?post=5197"}],"version-history":[{"count":0,"href":"https:\/\/www.quelagrow.com\/fr\/wp-json\/wp\/v2\/product\/5197\/revisions"}],"wp:featuredmedia":[{"embeddable":true,"href":"https:\/\/www.quelagrow.com\/fr\/wp-json\/wp\/v2\/media\/6289"}],"wp:attachment":[{"href":"https:\/\/www.quelagrow.com\/fr\/wp-json\/wp\/v2\/media?parent=5197"}],"wp:term":[{"taxonomy":"product_brand","embeddable":true,"href":"https:\/\/www.quelagrow.com\/fr\/wp-json\/wp\/v2\/product_brand?post=5197"},{"taxonomy":"product_cat","embeddable":true,"href":"https:\/\/www.quelagrow.com\/fr\/wp-json\/wp\/v2\/product_cat?post=5197"},{"taxonomy":"product_tag","embeddable":true,"href":"https:\/\/www.quelagrow.com\/fr\/wp-json\/wp\/v2\/product_tag?post=5197"}],"curies":[{"name":"wp","href":"https:\/\/api.w.org\/{rel}","templated":true}]}}