{"id":5198,"date":"2024-10-22T22:23:17","date_gmt":"2024-10-22T20:23:17","guid":{"rendered":"https:\/\/webmuestra.com\/quelagrow\/non%20class\u00e9\/molibdeno-con-vitaminas\/"},"modified":"2024-11-26T10:35:59","modified_gmt":"2024-11-26T09:35:59","slug":"molybdene-avec-vitamines","status":"publish","type":"product","link":"https:\/\/www.quelagrow.com\/fr\/engrais\/biostimulants-agricoles\/molybdene-avec-vitamines\/","title":{"rendered":"QUELAFERT\u00ae VITAL"},"content":{"rendered":"<p><strong>QUELAFERT\u00ae VITAL<\/strong> est un produit solide \u00e0 base de molybdate et d&rsquo;excipients biostimulants, con\u00e7u pour am\u00e9liorer les processus m\u00e9taboliques de la plante, sous forme unidose. Les carences en molybd\u00e8ne sont largement test\u00e9es dans les plantes horticoles en g\u00e9n\u00e9ral, et avec <strong>QUELAFERT\u00ae VITAL<\/strong> nous parvenons \u00e0 pr\u00e9venir et corriger ces carences. Les avantages que nous obtenons sont :<\/p>\n<ul>\n<li>En apportant du molybd\u00e8ne, nous favorisons l&rsquo;incorporation d&rsquo;azote dans la plante.<\/li>\n<li>Lors de la fertilisation des fleurs, l&rsquo;activit\u00e9 pollinique s&rsquo;am\u00e9liore.<\/li>\n<\/ul>\n","protected":false},"excerpt":{"rendered":"<p>QUELAFERT\u00ae VITAL est un produit solide \u00e0 base de molybdate et d&rsquo;excipients biostimulants, con\u00e7u pour am\u00e9liorer les processus m\u00e9taboliques de la plante, sous forme unidose. Les carences en molybd\u00e8ne sont largement test\u00e9es dans les plantes horticoles en g\u00e9n\u00e9ral, et avec QUELAFERT\u00ae VITAL nous parvenons \u00e0 pr\u00e9venir et corriger ces carences. Les avantages que nous obtenons [&hellip;]<\/p>\n","protected":false},"featured_media":6912,"comment_status":"closed","ping_status":"closed","template":"","meta":{"_acf_changed":false},"product_brand":[],"product_cat":[161,157],"product_tag":[],"class_list":{"0":"post-5198","1":"product","2":"type-product","3":"status-publish","4":"has-post-thumbnail","6":"product_cat-biostimulants-agricoles","7":"product_cat-engrais","9":"first","10":"instock","11":"taxable","12":"shipping-taxable","13":"product-type-simple"},"acf":[],"_links":{"self":[{"href":"https:\/\/www.quelagrow.com\/fr\/wp-json\/wp\/v2\/product\/5198","targetHints":{"allow":["GET"]}}],"collection":[{"href":"https:\/\/www.quelagrow.com\/fr\/wp-json\/wp\/v2\/product"}],"about":[{"href":"https:\/\/www.quelagrow.com\/fr\/wp-json\/wp\/v2\/types\/product"}],"replies":[{"embeddable":true,"href":"https:\/\/www.quelagrow.com\/fr\/wp-json\/wp\/v2\/comments?post=5198"}],"version-history":[{"count":0,"href":"https:\/\/www.quelagrow.com\/fr\/wp-json\/wp\/v2\/product\/5198\/revisions"}],"wp:featuredmedia":[{"embeddable":true,"href":"https:\/\/www.quelagrow.com\/fr\/wp-json\/wp\/v2\/media\/6912"}],"wp:attachment":[{"href":"https:\/\/www.quelagrow.com\/fr\/wp-json\/wp\/v2\/media?parent=5198"}],"wp:term":[{"taxonomy":"product_brand","embeddable":true,"href":"https:\/\/www.quelagrow.com\/fr\/wp-json\/wp\/v2\/product_brand?post=5198"},{"taxonomy":"product_cat","embeddable":true,"href":"https:\/\/www.quelagrow.com\/fr\/wp-json\/wp\/v2\/product_cat?post=5198"},{"taxonomy":"product_tag","embeddable":true,"href":"https:\/\/www.quelagrow.com\/fr\/wp-json\/wp\/v2\/product_tag?post=5198"}],"curies":[{"name":"wp","href":"https:\/\/api.w.org\/{rel}","templated":true}]}}