{"id":5199,"date":"2024-10-22T22:28:31","date_gmt":"2024-10-22T20:28:31","guid":{"rendered":"https:\/\/webmuestra.com\/quelagrow\/non%20class\u00e9\/radicular-y-foliar\/"},"modified":"2024-11-26T10:36:17","modified_gmt":"2024-11-26T09:36:17","slug":"radiculaire-et-foliaire","status":"publish","type":"product","link":"https:\/\/www.quelagrow.com\/fr\/engrais\/biostimulants-agricoles\/radiculaire-et-foliaire\/","title":{"rendered":"QUELAFERT\u00ae QZ"},"content":{"rendered":"<p>Produit \u00e0 base d&rsquo;extraits humiques raffin\u00e9s, d&rsquo;actifs d&rsquo;algues et d&rsquo;acides amin\u00e9s s\u00e9lectionn\u00e9s.<br \/>\nAvec <strong>QUELAFERT\u00ae QZ<\/strong>:<\/p>\n<ul>\n<li>Nous aidons \u00e0 surmonter les \u00e9tats de stress<\/li>\n<li>Favorise le d\u00e9veloppement des racines et l\u2019absorption des nutriments<\/li>\n<li>Stimule la croissance v\u00e9g\u00e9tative et l\u2019activit\u00e9 microbiologique du sol<\/li>\n<li>Favorise la division cellulaire des fruits<\/li>\n<\/ul>\n<p><strong>QUELAFERT\u00ae QZ<\/strong> peut \u00eatre appliqu\u00e9 sur tous types de cultures : cultures horticoles, fruiti\u00e8res, vignes, oliviers, fraisiers, plantes ornementales et pelouses.<\/p>\n","protected":false},"excerpt":{"rendered":"<p>Produit \u00e0 base d&rsquo;extraits humiques raffin\u00e9s, d&rsquo;actifs d&rsquo;algues et d&rsquo;acides amin\u00e9s s\u00e9lectionn\u00e9s. Avec QUELAFERT\u00ae QZ: Nous aidons \u00e0 surmonter les \u00e9tats de stress Favorise le d\u00e9veloppement des racines et l\u2019absorption des nutriments Stimule la croissance v\u00e9g\u00e9tative et l\u2019activit\u00e9 microbiologique du sol Favorise la division cellulaire des fruits QUELAFERT\u00ae QZ peut \u00eatre appliqu\u00e9 sur tous types [&hellip;]<\/p>\n","protected":false},"featured_media":7111,"comment_status":"closed","ping_status":"closed","template":"","meta":{"_acf_changed":false},"product_brand":[],"product_cat":[161,157],"product_tag":[],"class_list":{"0":"post-5199","1":"product","2":"type-product","3":"status-publish","4":"has-post-thumbnail","6":"product_cat-biostimulants-agricoles","7":"product_cat-engrais","9":"first","10":"instock","11":"taxable","12":"shipping-taxable","13":"product-type-simple"},"acf":[],"_links":{"self":[{"href":"https:\/\/www.quelagrow.com\/fr\/wp-json\/wp\/v2\/product\/5199","targetHints":{"allow":["GET"]}}],"collection":[{"href":"https:\/\/www.quelagrow.com\/fr\/wp-json\/wp\/v2\/product"}],"about":[{"href":"https:\/\/www.quelagrow.com\/fr\/wp-json\/wp\/v2\/types\/product"}],"replies":[{"embeddable":true,"href":"https:\/\/www.quelagrow.com\/fr\/wp-json\/wp\/v2\/comments?post=5199"}],"version-history":[{"count":0,"href":"https:\/\/www.quelagrow.com\/fr\/wp-json\/wp\/v2\/product\/5199\/revisions"}],"wp:featuredmedia":[{"embeddable":true,"href":"https:\/\/www.quelagrow.com\/fr\/wp-json\/wp\/v2\/media\/7111"}],"wp:attachment":[{"href":"https:\/\/www.quelagrow.com\/fr\/wp-json\/wp\/v2\/media?parent=5199"}],"wp:term":[{"taxonomy":"product_brand","embeddable":true,"href":"https:\/\/www.quelagrow.com\/fr\/wp-json\/wp\/v2\/product_brand?post=5199"},{"taxonomy":"product_cat","embeddable":true,"href":"https:\/\/www.quelagrow.com\/fr\/wp-json\/wp\/v2\/product_cat?post=5199"},{"taxonomy":"product_tag","embeddable":true,"href":"https:\/\/www.quelagrow.com\/fr\/wp-json\/wp\/v2\/product_tag?post=5199"}],"curies":[{"name":"wp","href":"https:\/\/api.w.org\/{rel}","templated":true}]}}