{"id":5201,"date":"2024-10-22T22:39:33","date_gmt":"2024-10-22T20:39:33","guid":{"rendered":"https:\/\/webmuestra.com\/quelagrow\/non class\u00e9\/quelafert-biomin\/"},"modified":"2024-10-22T22:39:33","modified_gmt":"2024-10-22T20:39:33","slug":"quelafert-biomin","status":"publish","type":"product","link":"https:\/\/www.quelagrow.com\/fr\/engrais\/biostimulants-agricoles\/quelafert-biomin\/","title":{"rendered":"QUELAFERT\u00ae BIOMIN"},"content":{"rendered":"<p>BIOMIN est une poudre soluble pour application foliaire \u00e0 haute teneur en azote organique. BIOMIN est un osmor\u00e9gulateur qui prot\u00e8ge les plantes contre les conditions extr\u00eames telles que la s\u00e9cheresse, les variations prononc\u00e9es de temp\u00e9rature, la salinit\u00e9 excessive et am\u00e9liore la conservation des fruits. BIOMIN est stock\u00e9 dans les cellules v\u00e9g\u00e9tales o\u00f9 il permet une meilleure r\u00e9gulation du flux d&rsquo;eau et de nutriments, \u00e9vitant ainsi une absorption excessive ou une fuite massive d&rsquo;eau. R\u00e9sum\u00e9 des avantages de BIOMIN :    <\/p>\n<ul>\n<li>Une plus grande r\u00e9sistance au stress, \u00e0 la s\u00e9cheresse, \u00e0 la salinit\u00e9 excessive et au stress hydrique.<\/li>\n<li>Augmentation des performances<\/li>\n<li>Prolongation de la dur\u00e9e de conservation des fruits.<\/li>\n<li>Protection contre les \u00ab br\u00fblures de pointe \u00bb et la pourriture<\/li>\n<li>Facilit\u00e9 d&rsquo;utilisation, application par pulv\u00e9risation foliaire.<\/li>\n<\/ul>\n","protected":false},"excerpt":{"rendered":"<p>BIOMIN est une poudre soluble pour application foliaire \u00e0 haute teneur en azote organique. BIOMIN est un osmor\u00e9gulateur qui prot\u00e8ge les plantes contre les conditions extr\u00eames telles que la s\u00e9cheresse, les variations prononc\u00e9es de temp\u00e9rature, la salinit\u00e9 excessive et am\u00e9liore la conservation des fruits. BIOMIN est stock\u00e9 dans les cellules v\u00e9g\u00e9tales o\u00f9 il permet une [&hellip;]<\/p>\n","protected":false},"featured_media":6283,"comment_status":"closed","ping_status":"closed","template":"","meta":{"_acf_changed":false},"product_brand":[],"product_cat":[161,157],"product_tag":[],"class_list":{"0":"post-5201","1":"product","2":"type-product","3":"status-publish","4":"has-post-thumbnail","6":"product_cat-biostimulants-agricoles","7":"product_cat-engrais","9":"first","10":"instock","11":"taxable","12":"shipping-taxable","13":"product-type-simple"},"acf":[],"_links":{"self":[{"href":"https:\/\/www.quelagrow.com\/fr\/wp-json\/wp\/v2\/product\/5201","targetHints":{"allow":["GET"]}}],"collection":[{"href":"https:\/\/www.quelagrow.com\/fr\/wp-json\/wp\/v2\/product"}],"about":[{"href":"https:\/\/www.quelagrow.com\/fr\/wp-json\/wp\/v2\/types\/product"}],"replies":[{"embeddable":true,"href":"https:\/\/www.quelagrow.com\/fr\/wp-json\/wp\/v2\/comments?post=5201"}],"version-history":[{"count":0,"href":"https:\/\/www.quelagrow.com\/fr\/wp-json\/wp\/v2\/product\/5201\/revisions"}],"wp:featuredmedia":[{"embeddable":true,"href":"https:\/\/www.quelagrow.com\/fr\/wp-json\/wp\/v2\/media\/6283"}],"wp:attachment":[{"href":"https:\/\/www.quelagrow.com\/fr\/wp-json\/wp\/v2\/media?parent=5201"}],"wp:term":[{"taxonomy":"product_brand","embeddable":true,"href":"https:\/\/www.quelagrow.com\/fr\/wp-json\/wp\/v2\/product_brand?post=5201"},{"taxonomy":"product_cat","embeddable":true,"href":"https:\/\/www.quelagrow.com\/fr\/wp-json\/wp\/v2\/product_cat?post=5201"},{"taxonomy":"product_tag","embeddable":true,"href":"https:\/\/www.quelagrow.com\/fr\/wp-json\/wp\/v2\/product_tag?post=5201"}],"curies":[{"name":"wp","href":"https:\/\/api.w.org\/{rel}","templated":true}]}}