{"id":5202,"date":"2024-10-23T10:59:29","date_gmt":"2024-10-23T08:59:29","guid":{"rendered":"https:\/\/webmuestra.com\/quelagrow\/non%20class\u00e9\/jabon-potasico\/"},"modified":"2025-08-26T22:03:28","modified_gmt":"2025-08-26T20:03:28","slug":"savon-potassique","status":"publish","type":"product","link":"https:\/\/www.quelagrow.com\/fr\/bioprotecteurs\/insecticides-agricoles\/savon-potassique\/","title":{"rendered":"QUELAFERT\u00ae OLEO-K"},"content":{"rendered":"<p>Savon potassique d&rsquo;origine naturelle, indiqu\u00e9 comme insecticide et comme nettoyant des parties a\u00e9riennes des cultures contre la m\u00e9lasse et les taches caus\u00e9es par les insectes et les acariens tels que les aleurodes, les pucerons et les cochenilles. Le produit est un insecticide qui ne cr\u00e9e pas de r\u00e9sistance et agit par contact, d\u00e9truisant la membrane cellulaire des insectes, des acariens et des nymphes, ainsi que dissolvant la chitine de l&rsquo;exosquelette de l&rsquo;insecte. En raison de sa capacit\u00e9 \u00e0 dissoudre la m\u00e9lasse, il augmente la sensibilit\u00e9 des insectes \u00e0 tout autre produit agrochimique et les d\u00e9shydrate m\u00eame, provoquant leur mort. Par cons\u00e9quent, son utilisation comme hydratant est recommand\u00e9e car m\u00e9lang\u00e9e \u00e0 d\u2019autres produits, elle agit comme un activateur de l\u2019effet insecticide.<\/p>\n","protected":false},"excerpt":{"rendered":"<p>Savon potassique d&rsquo;origine naturelle, indiqu\u00e9 comme insecticide et comme nettoyant des parties a\u00e9riennes des cultures contre la m\u00e9lasse et les taches caus\u00e9es par les insectes et les acariens tels que les aleurodes, les pucerons et les cochenilles. Le produit est un insecticide qui ne cr\u00e9e pas de r\u00e9sistance et agit par contact, d\u00e9truisant la membrane [&hellip;]<\/p>\n","protected":false},"featured_media":6654,"comment_status":"closed","ping_status":"closed","template":"","meta":{"_acf_changed":false},"product_brand":[],"product_cat":[164,165],"product_tag":[],"class_list":{"0":"post-5202","1":"product","2":"type-product","3":"status-publish","4":"has-post-thumbnail","6":"product_cat-bioprotecteurs","7":"product_cat-insecticides-agricoles","9":"first","10":"instock","11":"taxable","12":"shipping-taxable","13":"product-type-simple"},"acf":[],"_links":{"self":[{"href":"https:\/\/www.quelagrow.com\/fr\/wp-json\/wp\/v2\/product\/5202","targetHints":{"allow":["GET"]}}],"collection":[{"href":"https:\/\/www.quelagrow.com\/fr\/wp-json\/wp\/v2\/product"}],"about":[{"href":"https:\/\/www.quelagrow.com\/fr\/wp-json\/wp\/v2\/types\/product"}],"replies":[{"embeddable":true,"href":"https:\/\/www.quelagrow.com\/fr\/wp-json\/wp\/v2\/comments?post=5202"}],"version-history":[{"count":1,"href":"https:\/\/www.quelagrow.com\/fr\/wp-json\/wp\/v2\/product\/5202\/revisions"}],"predecessor-version":[{"id":7234,"href":"https:\/\/www.quelagrow.com\/fr\/wp-json\/wp\/v2\/product\/5202\/revisions\/7234"}],"wp:featuredmedia":[{"embeddable":true,"href":"https:\/\/www.quelagrow.com\/fr\/wp-json\/wp\/v2\/media\/6654"}],"wp:attachment":[{"href":"https:\/\/www.quelagrow.com\/fr\/wp-json\/wp\/v2\/media?parent=5202"}],"wp:term":[{"taxonomy":"product_brand","embeddable":true,"href":"https:\/\/www.quelagrow.com\/fr\/wp-json\/wp\/v2\/product_brand?post=5202"},{"taxonomy":"product_cat","embeddable":true,"href":"https:\/\/www.quelagrow.com\/fr\/wp-json\/wp\/v2\/product_cat?post=5202"},{"taxonomy":"product_tag","embeddable":true,"href":"https:\/\/www.quelagrow.com\/fr\/wp-json\/wp\/v2\/product_tag?post=5202"}],"curies":[{"name":"wp","href":"https:\/\/api.w.org\/{rel}","templated":true}]}}