{"id":5204,"date":"2024-10-23T11:12:53","date_gmt":"2024-10-23T09:12:53","guid":{"rendered":"https:\/\/webmuestra.com\/quelagrow\/non%20class\u00e9\/inductor-autodefensas\/"},"modified":"2026-04-07T15:44:26","modified_gmt":"2026-04-07T13:44:26","slug":"urion-x-plus-inducteur-dautodefense","status":"publish","type":"product","link":"https:\/\/www.quelagrow.com\/fr\/bioprotecteurs\/insecticides-agricoles\/urion-x-plus-inducteur-dautodefense\/","title":{"rendered":"QUELAFERT\u00ae URION X PLUS"},"content":{"rendered":"<p style=\"font-weight: 400;\">URION X est un produit biosanitaire \u00e0 base de ferments et d&rsquo;acides organiques, d\u00e9velopp\u00e9 pour le contr\u00f4le des ravageurs de la cochenille, des poux (blancs\/rouges), des cochenilles et des serpeta.<\/p>\n<p><span style=\"font-weight: 400;\">URION X dess\u00e8che et tue au contact<\/span><\/p>\n<p><strong>Produit z\u00e9ro d\u00e9chet<\/strong><\/p>\n","protected":false},"excerpt":{"rendered":"<p>URION X est un produit biosanitaire \u00e0 base de ferments et d&rsquo;acides organiques, d\u00e9velopp\u00e9 pour le contr\u00f4le des ravageurs de la cochenille, des poux (blancs\/rouges), des cochenilles et des serpeta. URION X dess\u00e8che et tue au contact Produit z\u00e9ro d\u00e9chet<\/p>\n","protected":false},"featured_media":8037,"comment_status":"closed","ping_status":"closed","template":"","meta":{"_acf_changed":false},"product_brand":[],"product_cat":[164,165],"product_tag":[],"class_list":{"0":"post-5204","1":"product","2":"type-product","3":"status-publish","4":"has-post-thumbnail","6":"product_cat-bioprotecteurs","7":"product_cat-insecticides-agricoles","9":"first","10":"instock","11":"taxable","12":"shipping-taxable","13":"product-type-simple"},"acf":[],"_links":{"self":[{"href":"https:\/\/www.quelagrow.com\/fr\/wp-json\/wp\/v2\/product\/5204","targetHints":{"allow":["GET"]}}],"collection":[{"href":"https:\/\/www.quelagrow.com\/fr\/wp-json\/wp\/v2\/product"}],"about":[{"href":"https:\/\/www.quelagrow.com\/fr\/wp-json\/wp\/v2\/types\/product"}],"replies":[{"embeddable":true,"href":"https:\/\/www.quelagrow.com\/fr\/wp-json\/wp\/v2\/comments?post=5204"}],"version-history":[{"count":3,"href":"https:\/\/www.quelagrow.com\/fr\/wp-json\/wp\/v2\/product\/5204\/revisions"}],"predecessor-version":[{"id":8066,"href":"https:\/\/www.quelagrow.com\/fr\/wp-json\/wp\/v2\/product\/5204\/revisions\/8066"}],"wp:featuredmedia":[{"embeddable":true,"href":"https:\/\/www.quelagrow.com\/fr\/wp-json\/wp\/v2\/media\/8037"}],"wp:attachment":[{"href":"https:\/\/www.quelagrow.com\/fr\/wp-json\/wp\/v2\/media?parent=5204"}],"wp:term":[{"taxonomy":"product_brand","embeddable":true,"href":"https:\/\/www.quelagrow.com\/fr\/wp-json\/wp\/v2\/product_brand?post=5204"},{"taxonomy":"product_cat","embeddable":true,"href":"https:\/\/www.quelagrow.com\/fr\/wp-json\/wp\/v2\/product_cat?post=5204"},{"taxonomy":"product_tag","embeddable":true,"href":"https:\/\/www.quelagrow.com\/fr\/wp-json\/wp\/v2\/product_tag?post=5204"}],"curies":[{"name":"wp","href":"https:\/\/api.w.org\/{rel}","templated":true}]}}