{"id":5205,"date":"2024-10-23T11:16:21","date_gmt":"2024-10-23T09:16:21","guid":{"rendered":"https:\/\/webmuestra.com\/quelagrow\/non%20class\u00e9\/tuta-absoluta\/"},"modified":"2025-04-06T16:00:36","modified_gmt":"2025-04-06T14:00:36","slug":"tuta-absoluta","status":"publish","type":"product","link":"https:\/\/www.quelagrow.com\/fr\/bioprotecteurs\/insecticides-agricoles\/tuta-absoluta\/","title":{"rendered":"QUELAFERT\u00ae AzTOTAL"},"content":{"rendered":"<p>QUELAFERT\u00ae AzTOTAL est un produit sp\u00e9cialement d\u00e9velopp\u00e9 pour le contr\u00f4le de tuta ABSOLUTA \u00e0 base d&rsquo;huiles v\u00e9g\u00e9tales. R\u00e9sidu 0. <\/p>\n","protected":false},"excerpt":{"rendered":"<p>QUELAFERT\u00ae AzTOTAL est un produit sp\u00e9cialement d\u00e9velopp\u00e9 pour le contr\u00f4le de tuta ABSOLUTA \u00e0 base d&rsquo;huiles v\u00e9g\u00e9tales. R\u00e9sidu 0.<\/p>\n","protected":false},"featured_media":6302,"comment_status":"closed","ping_status":"closed","template":"","meta":{"_acf_changed":false},"product_brand":[],"product_cat":[164,165],"product_tag":[],"class_list":{"0":"post-5205","1":"product","2":"type-product","3":"status-publish","4":"has-post-thumbnail","6":"product_cat-bioprotecteurs","7":"product_cat-insecticides-agricoles","9":"first","10":"instock","11":"taxable","12":"shipping-taxable","13":"product-type-simple"},"acf":[],"_links":{"self":[{"href":"https:\/\/www.quelagrow.com\/fr\/wp-json\/wp\/v2\/product\/5205","targetHints":{"allow":["GET"]}}],"collection":[{"href":"https:\/\/www.quelagrow.com\/fr\/wp-json\/wp\/v2\/product"}],"about":[{"href":"https:\/\/www.quelagrow.com\/fr\/wp-json\/wp\/v2\/types\/product"}],"replies":[{"embeddable":true,"href":"https:\/\/www.quelagrow.com\/fr\/wp-json\/wp\/v2\/comments?post=5205"}],"version-history":[{"count":1,"href":"https:\/\/www.quelagrow.com\/fr\/wp-json\/wp\/v2\/product\/5205\/revisions"}],"predecessor-version":[{"id":7228,"href":"https:\/\/www.quelagrow.com\/fr\/wp-json\/wp\/v2\/product\/5205\/revisions\/7228"}],"wp:featuredmedia":[{"embeddable":true,"href":"https:\/\/www.quelagrow.com\/fr\/wp-json\/wp\/v2\/media\/6302"}],"wp:attachment":[{"href":"https:\/\/www.quelagrow.com\/fr\/wp-json\/wp\/v2\/media?parent=5205"}],"wp:term":[{"taxonomy":"product_brand","embeddable":true,"href":"https:\/\/www.quelagrow.com\/fr\/wp-json\/wp\/v2\/product_brand?post=5205"},{"taxonomy":"product_cat","embeddable":true,"href":"https:\/\/www.quelagrow.com\/fr\/wp-json\/wp\/v2\/product_cat?post=5205"},{"taxonomy":"product_tag","embeddable":true,"href":"https:\/\/www.quelagrow.com\/fr\/wp-json\/wp\/v2\/product_tag?post=5205"}],"curies":[{"name":"wp","href":"https:\/\/api.w.org\/{rel}","templated":true}]}}