{"id":5226,"date":"2024-10-23T11:51:09","date_gmt":"2024-10-23T09:51:09","guid":{"rendered":"https:\/\/webmuestra.com\/quelagrow\/non%20class\u00e9\/coadyuvante\/"},"modified":"2025-04-06T16:41:57","modified_gmt":"2025-04-06T14:41:57","slug":"coadyuvant","status":"publish","type":"product","link":"https:\/\/www.quelagrow.com\/fr\/bioprotecteurs\/insecticides-agricoles\/coadyuvant\/","title":{"rendered":"QUELAFERT\u00ae RpH-PLUS"},"content":{"rendered":"<p>Adjuvant sous forme de concentr\u00e9 soluble ayant les fonctions suivantes:<\/p>\n<ul>\n<li>Tensioactif non ionique qui augmente le pouvoir mouillant des bouillons.<\/li>\n<li>Am\u00e9liore la p\u00e9n\u00e9trabilit\u00e9 de la substance active du produit phytosanitaire.<\/li>\n<li>Il r\u00e9gule le pH de la solution en acidifiant le bouillon.<\/li>\n<li>Effet anti-mousse.<\/li>\n<\/ul>\n","protected":false},"excerpt":{"rendered":"<p>Adjuvant sous forme de concentr\u00e9 soluble ayant les fonctions suivantes: Tensioactif non ionique qui augmente le pouvoir mouillant des bouillons. Am\u00e9liore la p\u00e9n\u00e9trabilit\u00e9 de la substance active du produit phytosanitaire. Il r\u00e9gule le pH de la solution en acidifiant le bouillon. Effet anti-mousse.<\/p>\n","protected":false},"featured_media":6927,"comment_status":"closed","ping_status":"closed","template":"","meta":{"_acf_changed":false},"product_brand":[],"product_cat":[164,165],"product_tag":[],"class_list":{"0":"post-5226","1":"product","2":"type-product","3":"status-publish","4":"has-post-thumbnail","6":"product_cat-bioprotecteurs","7":"product_cat-insecticides-agricoles","9":"first","10":"instock","11":"taxable","12":"shipping-taxable","13":"product-type-simple"},"acf":[],"_links":{"self":[{"href":"https:\/\/www.quelagrow.com\/fr\/wp-json\/wp\/v2\/product\/5226","targetHints":{"allow":["GET"]}}],"collection":[{"href":"https:\/\/www.quelagrow.com\/fr\/wp-json\/wp\/v2\/product"}],"about":[{"href":"https:\/\/www.quelagrow.com\/fr\/wp-json\/wp\/v2\/types\/product"}],"replies":[{"embeddable":true,"href":"https:\/\/www.quelagrow.com\/fr\/wp-json\/wp\/v2\/comments?post=5226"}],"version-history":[{"count":1,"href":"https:\/\/www.quelagrow.com\/fr\/wp-json\/wp\/v2\/product\/5226\/revisions"}],"predecessor-version":[{"id":7245,"href":"https:\/\/www.quelagrow.com\/fr\/wp-json\/wp\/v2\/product\/5226\/revisions\/7245"}],"wp:featuredmedia":[{"embeddable":true,"href":"https:\/\/www.quelagrow.com\/fr\/wp-json\/wp\/v2\/media\/6927"}],"wp:attachment":[{"href":"https:\/\/www.quelagrow.com\/fr\/wp-json\/wp\/v2\/media?parent=5226"}],"wp:term":[{"taxonomy":"product_brand","embeddable":true,"href":"https:\/\/www.quelagrow.com\/fr\/wp-json\/wp\/v2\/product_brand?post=5226"},{"taxonomy":"product_cat","embeddable":true,"href":"https:\/\/www.quelagrow.com\/fr\/wp-json\/wp\/v2\/product_cat?post=5226"},{"taxonomy":"product_tag","embeddable":true,"href":"https:\/\/www.quelagrow.com\/fr\/wp-json\/wp\/v2\/product_tag?post=5226"}],"curies":[{"name":"wp","href":"https:\/\/api.w.org\/{rel}","templated":true}]}}