{"id":5227,"date":"2024-10-24T15:09:26","date_gmt":"2024-10-24T13:09:26","guid":{"rendered":"https:\/\/webmuestra.com\/quelagrow\/non%20class\u00e9\/quemoxygen\/"},"modified":"2025-04-17T10:11:46","modified_gmt":"2025-04-17T08:11:46","slug":"quemoxygen","status":"publish","type":"product","link":"https:\/\/www.quelagrow.com\/fr\/bioprotecteurs\/desinfectants-du-sol\/quemoxygen\/","title":{"rendered":"QUELAFERT\u00ae QUEMOXYGEN"},"content":{"rendered":"<p><strong>QUEMOXYGEN <\/strong> est une solution aqueuse de peroxyde d&rsquo;hydrog\u00e8ne, stabilis\u00e9e par de l&rsquo;acide parac\u00e9tique. Les avantages de ce produit sont les suivants <\/p>\n<ul>\n<li>Oxyg\u00e9nation des racines de la culture, pour une meilleure a\u00e9ration des tissus racinaires, facilitant l&rsquo;assimilation des nutriments.<\/li>\n<li>St\u00e9rilisation des syst\u00e8mes de culture pour pr\u00e9venir les parasites et les maladies. Le <strong>QUEMOXYGEN<\/strong> est un produit respectueux de l&rsquo;environnement, car sa d\u00e9composition g\u00e9n\u00e8re de l&rsquo;eau, de l&rsquo;oxyg\u00e8ne et de l&rsquo;acide ac\u00e9tique, des substances respectueuses de l&rsquo;environnement.<\/li>\n<\/ul>\n","protected":false},"excerpt":{"rendered":"<p>QUEMOXYGEN est une solution aqueuse de peroxyde d&rsquo;hydrog\u00e8ne, stabilis\u00e9e par de l&rsquo;acide parac\u00e9tique. Les avantages de ce produit sont les suivants Oxyg\u00e9nation des racines de la culture, pour une meilleure a\u00e9ration des tissus racinaires, facilitant l&rsquo;assimilation des nutriments. St\u00e9rilisation des syst\u00e8mes de culture pour pr\u00e9venir les parasites et les maladies. Le QUEMOXYGEN est un produit [&hellip;]<\/p>\n","protected":false},"featured_media":3539,"comment_status":"closed","ping_status":"closed","template":"","meta":{"_acf_changed":false},"product_brand":[],"product_cat":[164,168],"product_tag":[],"class_list":{"0":"post-5227","1":"product","2":"type-product","3":"status-publish","4":"has-post-thumbnail","6":"product_cat-bioprotecteurs","7":"product_cat-desinfectants-du-sol","9":"first","10":"instock","11":"taxable","12":"shipping-taxable","13":"product-type-simple"},"acf":[],"_links":{"self":[{"href":"https:\/\/www.quelagrow.com\/fr\/wp-json\/wp\/v2\/product\/5227","targetHints":{"allow":["GET"]}}],"collection":[{"href":"https:\/\/www.quelagrow.com\/fr\/wp-json\/wp\/v2\/product"}],"about":[{"href":"https:\/\/www.quelagrow.com\/fr\/wp-json\/wp\/v2\/types\/product"}],"replies":[{"embeddable":true,"href":"https:\/\/www.quelagrow.com\/fr\/wp-json\/wp\/v2\/comments?post=5227"}],"version-history":[{"count":1,"href":"https:\/\/www.quelagrow.com\/fr\/wp-json\/wp\/v2\/product\/5227\/revisions"}],"predecessor-version":[{"id":7263,"href":"https:\/\/www.quelagrow.com\/fr\/wp-json\/wp\/v2\/product\/5227\/revisions\/7263"}],"wp:featuredmedia":[{"embeddable":true,"href":"https:\/\/www.quelagrow.com\/fr\/wp-json\/wp\/v2\/media\/3539"}],"wp:attachment":[{"href":"https:\/\/www.quelagrow.com\/fr\/wp-json\/wp\/v2\/media?parent=5227"}],"wp:term":[{"taxonomy":"product_brand","embeddable":true,"href":"https:\/\/www.quelagrow.com\/fr\/wp-json\/wp\/v2\/product_brand?post=5227"},{"taxonomy":"product_cat","embeddable":true,"href":"https:\/\/www.quelagrow.com\/fr\/wp-json\/wp\/v2\/product_cat?post=5227"},{"taxonomy":"product_tag","embeddable":true,"href":"https:\/\/www.quelagrow.com\/fr\/wp-json\/wp\/v2\/product_tag?post=5227"}],"curies":[{"name":"wp","href":"https:\/\/api.w.org\/{rel}","templated":true}]}}