{"id":5228,"date":"2024-10-24T14:14:41","date_gmt":"2024-10-24T12:14:41","guid":{"rendered":"https:\/\/webmuestra.com\/quelagrow\/non%20class\u00e9\/quelafert-renem\/"},"modified":"2025-12-16T13:01:13","modified_gmt":"2025-12-16T12:01:13","slug":"engrais-microbien-champignons-collet","status":"publish","type":"product","link":"https:\/\/www.quelagrow.com\/fr\/bioprotecteurs\/fongicides\/engrais-microbien-champignons-collet\/","title":{"rendered":"QUELAFERT\u00ae RENEM"},"content":{"rendered":"<p data-start=\"103\" data-end=\"375\"><strong data-start=\"103\" data-end=\"157\">Engrais microbien contre les champignons du collet<\/strong>, RENEM appartient \u00e0 la <strong data-start=\"181\" data-end=\"206\">gamme RE de QUELAGROW<\/strong>, qui regroupe des produits formul\u00e9s \u00e0 base de microorganismes b\u00e9n\u00e9fiques pour les cultures, destin\u00e9s \u00e0 am\u00e9liorer la sant\u00e9 du sol et \u00e0 renforcer naturellement la plante.<\/p>\n<p data-start=\"377\" data-end=\"707\"><strong data-start=\"377\" data-end=\"397\">QUELAFERT\u00ae RENEM<\/strong> est un engrais liquide formul\u00e9 avec un m\u00e9lange synergique de rhizobact\u00e9ries b\u00e9n\u00e9fiques des genres <em data-start=\"496\" data-end=\"506\">Bacillus<\/em>, <em data-start=\"508\" data-end=\"521\">Pseudomonas<\/em> et <em data-start=\"525\" data-end=\"546\">Lactiplantibacillus<\/em>, qui agissent en am\u00e9liorant la structure microbienne du sol, en stimulant le d\u00e9veloppement racinaire et en augmentant l\u2019absorption des nutriments par la plante.<\/p>\n<p data-start=\"709\" data-end=\"1111\">Son application augmente la flore microbienne \u00e9daphique, r\u00e9g\u00e9n\u00e8re le sol et am\u00e9liore la fertilit\u00e9 des cultures, favorisant une croissance et une vigueur v\u00e9g\u00e9tale accrues. De plus, elle renforce la plante face aux situations de stress abiotique et <strong data-start=\"956\" data-end=\"1110\">stimule la production d\u2019\u00e9liciteurs naturels qui renforcent les m\u00e9canismes de d\u00e9fense de la plante contre l\u2019attaque des champignons basaux et du collet<\/strong>.<\/p>\n<p data-start=\"1113\" data-end=\"1327\">Il convient \u00e0 tous les types de cultures, ne laisse aucun r\u00e9sidu et peut \u00eatre appliqu\u00e9 par fertigation sans d\u00e9lai de s\u00e9curit\u00e9, s\u2019int\u00e9grant parfaitement dans des programmes de gestion durable du sol et des cultures.<\/p>\n","protected":false},"excerpt":{"rendered":"<p>Engrais microbien contre les champignons du collet qui am\u00e9liore la sant\u00e9 du sol, renforce les d\u00e9fenses des cultures et stimule naturellement le d\u00e9veloppement racinaire.<\/p>\n","protected":false},"featured_media":7689,"comment_status":"closed","ping_status":"closed","template":"","meta":{"_acf_changed":false},"product_brand":[],"product_cat":[164,166],"product_tag":[],"class_list":{"0":"post-5228","1":"product","2":"type-product","3":"status-publish","4":"has-post-thumbnail","6":"product_cat-bioprotecteurs","7":"product_cat-fongicides","9":"first","10":"instock","11":"taxable","12":"shipping-taxable","13":"product-type-simple"},"acf":[],"_links":{"self":[{"href":"https:\/\/www.quelagrow.com\/fr\/wp-json\/wp\/v2\/product\/5228","targetHints":{"allow":["GET"]}}],"collection":[{"href":"https:\/\/www.quelagrow.com\/fr\/wp-json\/wp\/v2\/product"}],"about":[{"href":"https:\/\/www.quelagrow.com\/fr\/wp-json\/wp\/v2\/types\/product"}],"replies":[{"embeddable":true,"href":"https:\/\/www.quelagrow.com\/fr\/wp-json\/wp\/v2\/comments?post=5228"}],"version-history":[{"count":3,"href":"https:\/\/www.quelagrow.com\/fr\/wp-json\/wp\/v2\/product\/5228\/revisions"}],"predecessor-version":[{"id":7781,"href":"https:\/\/www.quelagrow.com\/fr\/wp-json\/wp\/v2\/product\/5228\/revisions\/7781"}],"wp:featuredmedia":[{"embeddable":true,"href":"https:\/\/www.quelagrow.com\/fr\/wp-json\/wp\/v2\/media\/7689"}],"wp:attachment":[{"href":"https:\/\/www.quelagrow.com\/fr\/wp-json\/wp\/v2\/media?parent=5228"}],"wp:term":[{"taxonomy":"product_brand","embeddable":true,"href":"https:\/\/www.quelagrow.com\/fr\/wp-json\/wp\/v2\/product_brand?post=5228"},{"taxonomy":"product_cat","embeddable":true,"href":"https:\/\/www.quelagrow.com\/fr\/wp-json\/wp\/v2\/product_cat?post=5228"},{"taxonomy":"product_tag","embeddable":true,"href":"https:\/\/www.quelagrow.com\/fr\/wp-json\/wp\/v2\/product_tag?post=5228"}],"curies":[{"name":"wp","href":"https:\/\/api.w.org\/{rel}","templated":true}]}}