{"id":5229,"date":"2024-10-24T14:09:05","date_gmt":"2024-10-24T12:09:05","guid":{"rendered":"https:\/\/webmuestra.com\/quelagrow\/non%20class\u00e9\/quelafert-nemax\/"},"modified":"2026-03-16T14:09:42","modified_gmt":"2026-03-16T13:09:42","slug":"quelafert-nemax","status":"publish","type":"product","link":"https:\/\/www.quelagrow.com\/fr\/bioprotecteurs\/nematicides-agricoles\/quelafert-nemax\/","title":{"rendered":"QUELAFERT\u00ae NEMAX"},"content":{"rendered":"<p><strong>QUELAFERT\u00ae NEMAX<\/strong> est une formulation biologique de champignons mitosporiques qui agit comme <strong>n\u00e9maticide<\/strong> contre les n\u00e9matodes tels que meloidogyne sp., radopholus sp., helicotilenchus sp., pratylenchus sp. et globodera sp. qui infectent surtout les racines des cultures horticoles. Ces champignons agissent sur les trois stades du ravageur : ils parasitent les n\u00e9matodes \u00e0 branchies, en formant des appressoria, d\u00e9velopp\u00e9s \u00e0 partir des hyphes indiff\u00e9renci\u00e9s qui permettent la colonisation de la surface des \u0153ufs, des larves et des adultes des n\u00e9matodes. Avec <strong>QUELAFERT\u00ae NEMAX<\/strong>, nous obtenons :<\/p>\n<ul>\n<li>R\u00e9duction rapide et efficace des infestations de n\u00e9matodes, car il agit sur les trois stades du parasite.<\/li>\n<li>Am\u00e9lioration du conditionnement du sol pour la croissance des racines, favorisant le d\u00e9veloppement de nouvelles racines pour remplacer celles attaqu\u00e9es par le n\u00e9matode.<\/li>\n<\/ul>\n<p><strong>QUELAFERT\u00ae NEMAX<\/strong> est un n\u00e9maticide biologique \u00e0 base de micro-organismes non g\u00e9n\u00e9tiquement modifi\u00e9s, qui ne contient aucun produit chimique, dont la p\u00e9riode de s\u00e9curit\u00e9 est nulle, et qui peut \u00eatre appliqu\u00e9 \u00e0 n&rsquo;importe quel stade de la culture, bien que les meilleurs r\u00e9sultats soient obtenus lorsqu&rsquo;il est appliqu\u00e9 de mani\u00e8re pr\u00e9ventive.<\/p>\n","protected":false},"excerpt":{"rendered":"<p>QUELAFERT\u00ae NEMAX est une formulation biologique de champignons mitosporiques qui agit comme n\u00e9maticide contre les n\u00e9matodes tels que meloidogyne sp., radopholus sp., helicotilenchus sp., pratylenchus sp. et globodera sp. qui infectent surtout les racines des cultures horticoles. Ces champignons agissent sur les trois stades du ravageur : ils parasitent les n\u00e9matodes \u00e0 branchies, en formant [&hellip;]<\/p>\n","protected":false},"featured_media":6449,"comment_status":"closed","ping_status":"closed","template":"","meta":{"_acf_changed":false},"product_brand":[],"product_cat":[164,167],"product_tag":[],"class_list":{"0":"post-5229","1":"product","2":"type-product","3":"status-publish","4":"has-post-thumbnail","6":"product_cat-bioprotecteurs","7":"product_cat-nematicides-agricoles","9":"first","10":"instock","11":"taxable","12":"shipping-taxable","13":"product-type-simple"},"acf":[],"_links":{"self":[{"href":"https:\/\/www.quelagrow.com\/fr\/wp-json\/wp\/v2\/product\/5229","targetHints":{"allow":["GET"]}}],"collection":[{"href":"https:\/\/www.quelagrow.com\/fr\/wp-json\/wp\/v2\/product"}],"about":[{"href":"https:\/\/www.quelagrow.com\/fr\/wp-json\/wp\/v2\/types\/product"}],"replies":[{"embeddable":true,"href":"https:\/\/www.quelagrow.com\/fr\/wp-json\/wp\/v2\/comments?post=5229"}],"version-history":[{"count":1,"href":"https:\/\/www.quelagrow.com\/fr\/wp-json\/wp\/v2\/product\/5229\/revisions"}],"predecessor-version":[{"id":7981,"href":"https:\/\/www.quelagrow.com\/fr\/wp-json\/wp\/v2\/product\/5229\/revisions\/7981"}],"wp:featuredmedia":[{"embeddable":true,"href":"https:\/\/www.quelagrow.com\/fr\/wp-json\/wp\/v2\/media\/6449"}],"wp:attachment":[{"href":"https:\/\/www.quelagrow.com\/fr\/wp-json\/wp\/v2\/media?parent=5229"}],"wp:term":[{"taxonomy":"product_brand","embeddable":true,"href":"https:\/\/www.quelagrow.com\/fr\/wp-json\/wp\/v2\/product_brand?post=5229"},{"taxonomy":"product_cat","embeddable":true,"href":"https:\/\/www.quelagrow.com\/fr\/wp-json\/wp\/v2\/product_cat?post=5229"},{"taxonomy":"product_tag","embeddable":true,"href":"https:\/\/www.quelagrow.com\/fr\/wp-json\/wp\/v2\/product_tag?post=5229"}],"curies":[{"name":"wp","href":"https:\/\/api.w.org\/{rel}","templated":true}]}}