{"id":5230,"date":"2024-10-24T12:49:35","date_gmt":"2024-10-24T10:49:35","guid":{"rendered":"https:\/\/webmuestra.com\/quelagrow\/non%20class\u00e9\/bioprotector-hongos-suelo\/"},"modified":"2024-11-29T13:36:10","modified_gmt":"2024-11-29T12:36:10","slug":"bioprotecteur-champignons-sol","status":"publish","type":"product","link":"https:\/\/www.quelagrow.com\/fr\/bioprotecteurs\/fongicides\/bioprotecteur-champignons-sol\/","title":{"rendered":"QUELAFERT\u00ae REFUN"},"content":{"rendered":"<p>QUELAFERT\u00ae REFUN<\/p>\n<div>\n<p><strong>REFUN<\/strong> (produit de la ligne <strong>RE<\/strong> de QUELAGROW) est un produit \u00e0 base de micro-organismes qui contr\u00f4le les pathog\u00e8nes tels que fusarium, verticylium, openicilum, phytophtora c. nicotinae et citrus qui attaquent la racine de la plante. Il a \u00e9galement un effet biostimulant sur le syst\u00e8me racinaire, ce qui se traduit par une plus grande vigueur dans la croissance et le d\u00e9veloppement de la plante. Les avantages que REFUN apporte aux cultures sont les suivants :<\/p>\n<ul>\n<li>Augmentation de la flore microbienne du sol<\/li>\n<li>R\u00e9g\u00e9n\u00e9rateur de sol et augmentation de la fertilit\u00e9 des cultures<\/li>\n<li>Augmentation de l&rsquo;absorption des nutriments par la plante<\/li>\n<li>Croissance et vigueur accrues<\/li>\n<li>Tol\u00e9rance accrue aux conditions abiotiques d\u00e9favorables<\/li>\n<\/ul>\n<p>Inducteur des d\u00e9fenses de la plante contre diff\u00e9rents champignons pathog\u00e8nes. Rhizoctonia, Phythophtora, Fusarium, Verticilium, Pitium, Macrophomina f. Biofongicide \u00e0 large spectre.<\/p>\n<\/div>\n","protected":false},"excerpt":{"rendered":"<p>QUELAFERT\u00ae REFUN REFUN (produit de la ligne RE de QUELAGROW) est un produit \u00e0 base de micro-organismes qui contr\u00f4le les pathog\u00e8nes tels que fusarium, verticylium, openicilum, phytophtora c. nicotinae et citrus qui attaquent la racine de la plante. Il a \u00e9galement un effet biostimulant sur le syst\u00e8me racinaire, ce qui se traduit par une plus [&hellip;]<\/p>\n","protected":false},"featured_media":6342,"comment_status":"closed","ping_status":"closed","template":"","meta":{"_acf_changed":false},"product_brand":[],"product_cat":[164,166],"product_tag":[],"class_list":{"0":"post-5230","1":"product","2":"type-product","3":"status-publish","4":"has-post-thumbnail","6":"product_cat-bioprotecteurs","7":"product_cat-fongicides","9":"first","10":"instock","11":"taxable","12":"shipping-taxable","13":"product-type-simple"},"acf":[],"_links":{"self":[{"href":"https:\/\/www.quelagrow.com\/fr\/wp-json\/wp\/v2\/product\/5230","targetHints":{"allow":["GET"]}}],"collection":[{"href":"https:\/\/www.quelagrow.com\/fr\/wp-json\/wp\/v2\/product"}],"about":[{"href":"https:\/\/www.quelagrow.com\/fr\/wp-json\/wp\/v2\/types\/product"}],"replies":[{"embeddable":true,"href":"https:\/\/www.quelagrow.com\/fr\/wp-json\/wp\/v2\/comments?post=5230"}],"version-history":[{"count":0,"href":"https:\/\/www.quelagrow.com\/fr\/wp-json\/wp\/v2\/product\/5230\/revisions"}],"wp:featuredmedia":[{"embeddable":true,"href":"https:\/\/www.quelagrow.com\/fr\/wp-json\/wp\/v2\/media\/6342"}],"wp:attachment":[{"href":"https:\/\/www.quelagrow.com\/fr\/wp-json\/wp\/v2\/media?parent=5230"}],"wp:term":[{"taxonomy":"product_brand","embeddable":true,"href":"https:\/\/www.quelagrow.com\/fr\/wp-json\/wp\/v2\/product_brand?post=5230"},{"taxonomy":"product_cat","embeddable":true,"href":"https:\/\/www.quelagrow.com\/fr\/wp-json\/wp\/v2\/product_cat?post=5230"},{"taxonomy":"product_tag","embeddable":true,"href":"https:\/\/www.quelagrow.com\/fr\/wp-json\/wp\/v2\/product_tag?post=5230"}],"curies":[{"name":"wp","href":"https:\/\/api.w.org\/{rel}","templated":true}]}}