{"id":5234,"date":"2024-10-24T12:27:03","date_gmt":"2024-10-24T10:27:03","guid":{"rendered":"https:\/\/webmuestra.com\/quelagrow\/non%20class\u00e9\/naturales\/"},"modified":"2024-11-29T13:37:05","modified_gmt":"2024-11-29T12:37:05","slug":"naturels","status":"publish","type":"product","link":"https:\/\/www.quelagrow.com\/fr\/bioprotecteurs\/fongicides\/naturels\/","title":{"rendered":"QUELAFERT\u00ae DAKOTA"},"content":{"rendered":"<p>Formul\u00e9 \u00e0 partir d&rsquo;un extrait d&rsquo;agrumes ayant un effet pr\u00e9ventif et curatif naturel contre le champignon de l&rsquo;o\u00efdium. Son application attaque le myc\u00e9lium du champignon en provoquant sa dessiccation. Produit sans produits chimiques, sans r\u00e9sidus. L&rsquo;o\u00efdium est un champignon parasite qui attaque les parties a\u00e9riennes des plantes. Son principal sympt\u00f4me d&rsquo;infestation est le fait que les feuilles sont recouvertes, principalement dans la partie axiale, d&rsquo;une couche cotonneuse de myc\u00e9lium gris blanch\u00e2tre en forme d&rsquo;\u00e9toile. En cas de forte attaque, les feuilles jaunissent et se dess\u00e8chent par la suite. Les conditions qui favorisent le d\u00e9veloppement de l&rsquo;o\u00efdium sont les suivantes : fertilisation azot\u00e9e \u00e9lev\u00e9e, faible luminosit\u00e9 et exc\u00e8s d&rsquo;humidit\u00e9. Il affecte les cucurbitac\u00e9es, les solanac\u00e9es, les plantes ornementales et les arbres fruitiers, en particulier les pommiers, les p\u00eachers, les pruniers et les abricotiers.<\/p>\n","protected":false},"excerpt":{"rendered":"<p>Formul\u00e9 \u00e0 partir d&rsquo;un extrait d&rsquo;agrumes ayant un effet pr\u00e9ventif et curatif naturel contre le champignon de l&rsquo;o\u00efdium. Son application attaque le myc\u00e9lium du champignon en provoquant sa dessiccation. Produit sans produits chimiques, sans r\u00e9sidus. L&rsquo;o\u00efdium est un champignon parasite qui attaque les parties a\u00e9riennes des plantes. Son principal sympt\u00f4me d&rsquo;infestation est le fait que [&hellip;]<\/p>\n","protected":false},"featured_media":6967,"comment_status":"closed","ping_status":"closed","template":"","meta":{"_acf_changed":false},"product_brand":[],"product_cat":[164,166],"product_tag":[],"class_list":{"0":"post-5234","1":"product","2":"type-product","3":"status-publish","4":"has-post-thumbnail","6":"product_cat-bioprotecteurs","7":"product_cat-fongicides","9":"first","10":"instock","11":"taxable","12":"shipping-taxable","13":"product-type-simple"},"acf":[],"_links":{"self":[{"href":"https:\/\/www.quelagrow.com\/fr\/wp-json\/wp\/v2\/product\/5234","targetHints":{"allow":["GET"]}}],"collection":[{"href":"https:\/\/www.quelagrow.com\/fr\/wp-json\/wp\/v2\/product"}],"about":[{"href":"https:\/\/www.quelagrow.com\/fr\/wp-json\/wp\/v2\/types\/product"}],"replies":[{"embeddable":true,"href":"https:\/\/www.quelagrow.com\/fr\/wp-json\/wp\/v2\/comments?post=5234"}],"version-history":[{"count":0,"href":"https:\/\/www.quelagrow.com\/fr\/wp-json\/wp\/v2\/product\/5234\/revisions"}],"wp:featuredmedia":[{"embeddable":true,"href":"https:\/\/www.quelagrow.com\/fr\/wp-json\/wp\/v2\/media\/6967"}],"wp:attachment":[{"href":"https:\/\/www.quelagrow.com\/fr\/wp-json\/wp\/v2\/media?parent=5234"}],"wp:term":[{"taxonomy":"product_brand","embeddable":true,"href":"https:\/\/www.quelagrow.com\/fr\/wp-json\/wp\/v2\/product_brand?post=5234"},{"taxonomy":"product_cat","embeddable":true,"href":"https:\/\/www.quelagrow.com\/fr\/wp-json\/wp\/v2\/product_cat?post=5234"},{"taxonomy":"product_tag","embeddable":true,"href":"https:\/\/www.quelagrow.com\/fr\/wp-json\/wp\/v2\/product_tag?post=5234"}],"curies":[{"name":"wp","href":"https:\/\/api.w.org\/{rel}","templated":true}]}}