{"id":5235,"date":"2024-10-24T12:22:34","date_gmt":"2024-10-24T10:22:34","guid":{"rendered":"https:\/\/webmuestra.com\/quelagrow\/non%20class\u00e9\/complejo-microbiano\/"},"modified":"2024-11-29T13:37:18","modified_gmt":"2024-11-29T12:37:18","slug":"complexe-microbien","status":"publish","type":"product","link":"https:\/\/www.quelagrow.com\/fr\/bioprotecteurs\/fongicides\/complexe-microbien\/","title":{"rendered":"QUELAFERT\u00ae RIZOBIUM"},"content":{"rendered":"<p><strong>QUELAFERT\u00ae RIZOBIUM<\/strong> est un complexe microbien compos\u00e9 de trichodermas, d&rsquo;acidobact\u00e9ries, de levures et de champignons sycotiques s\u00e9lectionn\u00e9s pour favoriser le d\u00e9veloppement de la plante en apportant :<\/p>\n<p>Concurrence avec les champignons parasites pour les nutriments et l&rsquo;espace (jaunisse, botrytis, colletotrichum, fusarium, macrophomina, phytophthora, pythium, rhizoctonia), r\u00e9duisant ainsi leur capacit\u00e9 d&rsquo;infestation.<\/p>\n<p>Meilleur conditionnement du sol pour que la plante puisse mieux utiliser les \u00e9l\u00e9ments nutritifs apport\u00e9s, produisant ainsi des r\u00e9coltes plus nombreuses et de meilleure qualit\u00e9.<\/p>\n<p>D\u00e9gradation de la mati\u00e8re organique du sol, rendant les \u00e9l\u00e9ments nutritifs disponibles pour la plante et r\u00e9duisant la quantit\u00e9 d&rsquo;engrais n\u00e9cessaire.<\/p>\n","protected":false},"excerpt":{"rendered":"<p>QUELAFERT\u00ae RIZOBIUM est un complexe microbien compos\u00e9 de trichodermas, d&rsquo;acidobact\u00e9ries, de levures et de champignons sycotiques s\u00e9lectionn\u00e9s pour favoriser le d\u00e9veloppement de la plante en apportant : Concurrence avec les champignons parasites pour les nutriments et l&rsquo;espace (jaunisse, botrytis, colletotrichum, fusarium, macrophomina, phytophthora, pythium, rhizoctonia), r\u00e9duisant ainsi leur capacit\u00e9 d&rsquo;infestation. Meilleur conditionnement du sol pour [&hellip;]<\/p>\n","protected":false},"featured_media":6932,"comment_status":"closed","ping_status":"closed","template":"","meta":{"_acf_changed":false},"product_brand":[],"product_cat":[164,166],"product_tag":[],"class_list":{"0":"post-5235","1":"product","2":"type-product","3":"status-publish","4":"has-post-thumbnail","6":"product_cat-bioprotecteurs","7":"product_cat-fongicides","9":"first","10":"instock","11":"taxable","12":"shipping-taxable","13":"product-type-simple"},"acf":[],"_links":{"self":[{"href":"https:\/\/www.quelagrow.com\/fr\/wp-json\/wp\/v2\/product\/5235","targetHints":{"allow":["GET"]}}],"collection":[{"href":"https:\/\/www.quelagrow.com\/fr\/wp-json\/wp\/v2\/product"}],"about":[{"href":"https:\/\/www.quelagrow.com\/fr\/wp-json\/wp\/v2\/types\/product"}],"replies":[{"embeddable":true,"href":"https:\/\/www.quelagrow.com\/fr\/wp-json\/wp\/v2\/comments?post=5235"}],"version-history":[{"count":0,"href":"https:\/\/www.quelagrow.com\/fr\/wp-json\/wp\/v2\/product\/5235\/revisions"}],"wp:featuredmedia":[{"embeddable":true,"href":"https:\/\/www.quelagrow.com\/fr\/wp-json\/wp\/v2\/media\/6932"}],"wp:attachment":[{"href":"https:\/\/www.quelagrow.com\/fr\/wp-json\/wp\/v2\/media?parent=5235"}],"wp:term":[{"taxonomy":"product_brand","embeddable":true,"href":"https:\/\/www.quelagrow.com\/fr\/wp-json\/wp\/v2\/product_brand?post=5235"},{"taxonomy":"product_cat","embeddable":true,"href":"https:\/\/www.quelagrow.com\/fr\/wp-json\/wp\/v2\/product_cat?post=5235"},{"taxonomy":"product_tag","embeddable":true,"href":"https:\/\/www.quelagrow.com\/fr\/wp-json\/wp\/v2\/product_tag?post=5235"}],"curies":[{"name":"wp","href":"https:\/\/api.w.org\/{rel}","templated":true}]}}