{"id":5241,"date":"2024-10-24T11:26:48","date_gmt":"2024-10-24T09:26:48","guid":{"rendered":"https:\/\/webmuestra.com\/quelagrow\/non%20class\u00e9\/fosfito-magnesio\/"},"modified":"2024-11-29T13:38:01","modified_gmt":"2024-11-29T12:38:01","slug":"fosfite-magnesium","status":"publish","type":"product","link":"https:\/\/www.quelagrow.com\/fr\/bioprotecteurs\/fongicides\/fosfite-magnesium\/","title":{"rendered":"QUELAFERT\u00ae FOS-Mg"},"content":{"rendered":"<p>L&rsquo;ion potassium et l&rsquo;ion magn\u00e9sium sont largement reconnus pour leur pouvoir fongistatique. Produit sans chlorure. <strong>QUELAFERT\u00ae FOS-Mg<\/strong> augmente les d\u00e9fenses contre les attaques fongiques, notamment les oomyc\u00e8tes (mildiou) et agit \u00e9galement sur les parasites Phytophthora et Ph, responsables de la pourriture du collet, de la pourriture aqueuse, de la gommose, etc.<\/p>\n","protected":false},"excerpt":{"rendered":"<p>L&rsquo;ion potassium et l&rsquo;ion magn\u00e9sium sont largement reconnus pour leur pouvoir fongistatique. Produit sans chlorure. QUELAFERT\u00ae FOS-Mg augmente les d\u00e9fenses contre les attaques fongiques, notamment les oomyc\u00e8tes (mildiou) et agit \u00e9galement sur les parasites Phytophthora et Ph, responsables de la pourriture du collet, de la pourriture aqueuse, de la gommose, etc.<\/p>\n","protected":false},"featured_media":3473,"comment_status":"closed","ping_status":"closed","template":"","meta":{"_acf_changed":false},"product_brand":[],"product_cat":[164,166],"product_tag":[],"class_list":{"0":"post-5241","1":"product","2":"type-product","3":"status-publish","4":"has-post-thumbnail","6":"product_cat-bioprotecteurs","7":"product_cat-fongicides","9":"first","10":"instock","11":"taxable","12":"shipping-taxable","13":"product-type-simple"},"acf":[],"_links":{"self":[{"href":"https:\/\/www.quelagrow.com\/fr\/wp-json\/wp\/v2\/product\/5241","targetHints":{"allow":["GET"]}}],"collection":[{"href":"https:\/\/www.quelagrow.com\/fr\/wp-json\/wp\/v2\/product"}],"about":[{"href":"https:\/\/www.quelagrow.com\/fr\/wp-json\/wp\/v2\/types\/product"}],"replies":[{"embeddable":true,"href":"https:\/\/www.quelagrow.com\/fr\/wp-json\/wp\/v2\/comments?post=5241"}],"version-history":[{"count":0,"href":"https:\/\/www.quelagrow.com\/fr\/wp-json\/wp\/v2\/product\/5241\/revisions"}],"wp:featuredmedia":[{"embeddable":true,"href":"https:\/\/www.quelagrow.com\/fr\/wp-json\/wp\/v2\/media\/3473"}],"wp:attachment":[{"href":"https:\/\/www.quelagrow.com\/fr\/wp-json\/wp\/v2\/media?parent=5241"}],"wp:term":[{"taxonomy":"product_brand","embeddable":true,"href":"https:\/\/www.quelagrow.com\/fr\/wp-json\/wp\/v2\/product_brand?post=5241"},{"taxonomy":"product_cat","embeddable":true,"href":"https:\/\/www.quelagrow.com\/fr\/wp-json\/wp\/v2\/product_cat?post=5241"},{"taxonomy":"product_tag","embeddable":true,"href":"https:\/\/www.quelagrow.com\/fr\/wp-json\/wp\/v2\/product_tag?post=5241"}],"curies":[{"name":"wp","href":"https:\/\/api.w.org\/{rel}","templated":true}]}}