{"id":5242,"date":"2024-10-24T11:23:53","date_gmt":"2024-10-24T09:23:53","guid":{"rendered":"https:\/\/webmuestra.com\/quelagrow\/non%20class\u00e9\/fosfito-cobre\/"},"modified":"2024-11-29T13:38:15","modified_gmt":"2024-11-29T12:38:15","slug":"fosfite-cuivre","status":"publish","type":"product","link":"https:\/\/www.quelagrow.com\/fr\/bioprotecteurs\/fongicides\/fosfite-cuivre\/","title":{"rendered":"QUELAFERT\u00ae FOS-Cu"},"content":{"rendered":"<p>Le phosphore du phosphite ainsi que l&rsquo;ion cuivre sont largement reconnus pour leur pouvoir fongistatique.<\/p>\n<p><strong>QUELAFERT\u00ae FOS- Cu<\/strong> augmente les d\u00e9fenses contre les attaques fongiques, notamment les Oomyc\u00e8tes (mildiou) et agit \u00e9galement sur le Phytophthora et le parasitisme Ph, responsables de la pourriture du collet, de la pourriture aqueuse, de la gummose, etc.<\/p>\n","protected":false},"excerpt":{"rendered":"<p>Le phosphore du phosphite ainsi que l&rsquo;ion cuivre sont largement reconnus pour leur pouvoir fongistatique. QUELAFERT\u00ae FOS- Cu augmente les d\u00e9fenses contre les attaques fongiques, notamment les Oomyc\u00e8tes (mildiou) et agit \u00e9galement sur le Phytophthora et le parasitisme Ph, responsables de la pourriture du collet, de la pourriture aqueuse, de la gummose, etc.<\/p>\n","protected":false},"featured_media":3466,"comment_status":"closed","ping_status":"closed","template":"","meta":{"_acf_changed":false},"product_brand":[],"product_cat":[164,166],"product_tag":[],"class_list":{"0":"post-5242","1":"product","2":"type-product","3":"status-publish","4":"has-post-thumbnail","6":"product_cat-bioprotecteurs","7":"product_cat-fongicides","9":"first","10":"instock","11":"taxable","12":"shipping-taxable","13":"product-type-simple"},"acf":[],"_links":{"self":[{"href":"https:\/\/www.quelagrow.com\/fr\/wp-json\/wp\/v2\/product\/5242","targetHints":{"allow":["GET"]}}],"collection":[{"href":"https:\/\/www.quelagrow.com\/fr\/wp-json\/wp\/v2\/product"}],"about":[{"href":"https:\/\/www.quelagrow.com\/fr\/wp-json\/wp\/v2\/types\/product"}],"replies":[{"embeddable":true,"href":"https:\/\/www.quelagrow.com\/fr\/wp-json\/wp\/v2\/comments?post=5242"}],"version-history":[{"count":0,"href":"https:\/\/www.quelagrow.com\/fr\/wp-json\/wp\/v2\/product\/5242\/revisions"}],"wp:featuredmedia":[{"embeddable":true,"href":"https:\/\/www.quelagrow.com\/fr\/wp-json\/wp\/v2\/media\/3466"}],"wp:attachment":[{"href":"https:\/\/www.quelagrow.com\/fr\/wp-json\/wp\/v2\/media?parent=5242"}],"wp:term":[{"taxonomy":"product_brand","embeddable":true,"href":"https:\/\/www.quelagrow.com\/fr\/wp-json\/wp\/v2\/product_brand?post=5242"},{"taxonomy":"product_cat","embeddable":true,"href":"https:\/\/www.quelagrow.com\/fr\/wp-json\/wp\/v2\/product_cat?post=5242"},{"taxonomy":"product_tag","embeddable":true,"href":"https:\/\/www.quelagrow.com\/fr\/wp-json\/wp\/v2\/product_tag?post=5242"}],"curies":[{"name":"wp","href":"https:\/\/api.w.org\/{rel}","templated":true}]}}