{"id":5243,"date":"2024-10-24T11:19:20","date_gmt":"2024-10-24T09:19:20","guid":{"rendered":"https:\/\/webmuestra.com\/quelagrow\/non%20class\u00e9\/fosfito-potasico\/"},"modified":"2024-11-29T13:38:27","modified_gmt":"2024-11-29T12:38:27","slug":"fosfite-potassique","status":"publish","type":"product","link":"https:\/\/www.quelagrow.com\/fr\/bioprotecteurs\/fongicides\/fosfite-potassique\/","title":{"rendered":"QUELAFERT\u00ae FOS-K"},"content":{"rendered":"<p><strong>QUELAFERT\u00ae FOS-K<\/strong> est tr\u00e8s riche en phosphore et en potassium, le phosphore \u00e9tant sous forme de phosphite.<\/p>\n<p><strong>QUELAFERT\u00ae FOS-K<\/strong> augmente les d\u00e9fenses contre les attaques fongiques, notamment les Oomyc\u00e8tes (mildiou) et a \u00e9galement une action sur le Phytophthora et le parasitisme Ph, responsables de la pourriture du collet, de la pourriture aqueuse, de la gommose, etc.<\/p>\n","protected":false},"excerpt":{"rendered":"<p>QUELAFERT\u00ae FOS-K est tr\u00e8s riche en phosphore et en potassium, le phosphore \u00e9tant sous forme de phosphite. QUELAFERT\u00ae FOS-K augmente les d\u00e9fenses contre les attaques fongiques, notamment les Oomyc\u00e8tes (mildiou) et a \u00e9galement une action sur le Phytophthora et le parasitisme Ph, responsables de la pourriture du collet, de la pourriture aqueuse, de la gommose, [&hellip;]<\/p>\n","protected":false},"featured_media":3460,"comment_status":"closed","ping_status":"closed","template":"","meta":{"_acf_changed":false},"product_brand":[],"product_cat":[164,166],"product_tag":[],"class_list":{"0":"post-5243","1":"product","2":"type-product","3":"status-publish","4":"has-post-thumbnail","6":"product_cat-bioprotecteurs","7":"product_cat-fongicides","9":"first","10":"instock","11":"taxable","12":"shipping-taxable","13":"product-type-simple"},"acf":[],"_links":{"self":[{"href":"https:\/\/www.quelagrow.com\/fr\/wp-json\/wp\/v2\/product\/5243","targetHints":{"allow":["GET"]}}],"collection":[{"href":"https:\/\/www.quelagrow.com\/fr\/wp-json\/wp\/v2\/product"}],"about":[{"href":"https:\/\/www.quelagrow.com\/fr\/wp-json\/wp\/v2\/types\/product"}],"replies":[{"embeddable":true,"href":"https:\/\/www.quelagrow.com\/fr\/wp-json\/wp\/v2\/comments?post=5243"}],"version-history":[{"count":0,"href":"https:\/\/www.quelagrow.com\/fr\/wp-json\/wp\/v2\/product\/5243\/revisions"}],"wp:featuredmedia":[{"embeddable":true,"href":"https:\/\/www.quelagrow.com\/fr\/wp-json\/wp\/v2\/media\/3460"}],"wp:attachment":[{"href":"https:\/\/www.quelagrow.com\/fr\/wp-json\/wp\/v2\/media?parent=5243"}],"wp:term":[{"taxonomy":"product_brand","embeddable":true,"href":"https:\/\/www.quelagrow.com\/fr\/wp-json\/wp\/v2\/product_brand?post=5243"},{"taxonomy":"product_cat","embeddable":true,"href":"https:\/\/www.quelagrow.com\/fr\/wp-json\/wp\/v2\/product_cat?post=5243"},{"taxonomy":"product_tag","embeddable":true,"href":"https:\/\/www.quelagrow.com\/fr\/wp-json\/wp\/v2\/product_tag?post=5243"}],"curies":[{"name":"wp","href":"https:\/\/api.w.org\/{rel}","templated":true}]}}