{"id":6738,"date":"2025-02-09T19:44:56","date_gmt":"2025-02-09T18:44:56","guid":{"rendered":"https:\/\/www.quelagrow.com\/?post_type=product&#038;p=6738"},"modified":"2025-04-15T22:04:30","modified_gmt":"2025-04-15T20:04:30","slug":"quelafert-dhiveno","status":"publish","type":"product","link":"https:\/\/www.quelagrow.com\/fr\/bioprotecteurs\/desinfectants-du-sol\/quelafert-dhiveno\/","title":{"rendered":"QUELAFERT\u00ae DHIVENO"},"content":{"rendered":"<p><b>Le DHIVENO<\/b> est une formule \u00e0 base d&rsquo;acides carboxyliques issus de la fermentation de compos\u00e9s d&rsquo;origine organique. Le produit agit sur la membrane cellulaire des n\u00e9matodes pr\u00e9sents dans le sol, en alt\u00e9rant sa perm\u00e9abilit\u00e9 et en modifiant le fonctionnement des enzymes associ\u00e9es \u00e0 cette membrane, ce qui entra\u00eene la rupture de cette membrane et l&rsquo;\u00e9limination cons\u00e9quente de l&rsquo;agent pathog\u00e8ne.<\/p>\n<p><b>DHIVENO<\/b> se pr\u00e9sente comme une alternative naturelle aux d\u00e9sinfectants chimiques traditionnels, avec les avantages suivants :<\/p>\n<ul>\n<li>Il est enti\u00e8rement biod\u00e9gradable, 100 % naturel<\/li>\n<li>Il ne laisse aucun r\u00e9sidu, et il est recommand\u00e9 de l&rsquo;utiliser avec solarisation en laissant un d\u00e9lai de 14 jours sous plastique pour assurer l&rsquo;efficacit\u00e9 du traitement.<\/li>\n<\/ul>\n<p>Avec<b> DHIVENO,<\/b> nous \u00e9liminons les n\u00e9matodes pr\u00e9sents dans les sols agricoles, en garantissant que les racines ne sont pas attaqu\u00e9es par ce parasite, en particulier dans les premi\u00e8res phases de la culture o\u00f9 la plante est plus fragile.<\/p>\n","protected":false},"excerpt":{"rendered":"<p>Le DHIVENO est une formule \u00e0 base d&rsquo;acides carboxyliques issus de la fermentation de compos\u00e9s d&rsquo;origine organique. Le produit agit sur la membrane cellulaire des n\u00e9matodes pr\u00e9sents dans le sol, en alt\u00e9rant sa perm\u00e9abilit\u00e9 et en modifiant le fonctionnement des enzymes associ\u00e9es \u00e0 cette membrane, ce qui entra\u00eene la rupture de cette membrane et l&rsquo;\u00e9limination [&hellip;]<\/p>\n","protected":false},"featured_media":0,"comment_status":"closed","ping_status":"closed","template":"","meta":{"_acf_changed":false},"product_brand":[],"product_cat":[164,168],"product_tag":[],"class_list":{"0":"post-6738","1":"product","2":"type-product","3":"status-publish","5":"product_cat-bioprotecteurs","6":"product_cat-desinfectants-du-sol","8":"first","9":"instock","10":"taxable","11":"shipping-taxable","12":"product-type-simple"},"acf":[],"_links":{"self":[{"href":"https:\/\/www.quelagrow.com\/fr\/wp-json\/wp\/v2\/product\/6738","targetHints":{"allow":["GET"]}}],"collection":[{"href":"https:\/\/www.quelagrow.com\/fr\/wp-json\/wp\/v2\/product"}],"about":[{"href":"https:\/\/www.quelagrow.com\/fr\/wp-json\/wp\/v2\/types\/product"}],"replies":[{"embeddable":true,"href":"https:\/\/www.quelagrow.com\/fr\/wp-json\/wp\/v2\/comments?post=6738"}],"version-history":[{"count":2,"href":"https:\/\/www.quelagrow.com\/fr\/wp-json\/wp\/v2\/product\/6738\/revisions"}],"predecessor-version":[{"id":7254,"href":"https:\/\/www.quelagrow.com\/fr\/wp-json\/wp\/v2\/product\/6738\/revisions\/7254"}],"wp:attachment":[{"href":"https:\/\/www.quelagrow.com\/fr\/wp-json\/wp\/v2\/media?parent=6738"}],"wp:term":[{"taxonomy":"product_brand","embeddable":true,"href":"https:\/\/www.quelagrow.com\/fr\/wp-json\/wp\/v2\/product_brand?post=6738"},{"taxonomy":"product_cat","embeddable":true,"href":"https:\/\/www.quelagrow.com\/fr\/wp-json\/wp\/v2\/product_cat?post=6738"},{"taxonomy":"product_tag","embeddable":true,"href":"https:\/\/www.quelagrow.com\/fr\/wp-json\/wp\/v2\/product_tag?post=6738"}],"curies":[{"name":"wp","href":"https:\/\/api.w.org\/{rel}","templated":true}]}}