{"id":6767,"date":"2025-02-09T20:36:53","date_gmt":"2025-02-09T19:36:53","guid":{"rendered":"https:\/\/www.quelagrow.com\/?post_type=product&#038;p=6767"},"modified":"2025-04-14T22:09:37","modified_gmt":"2025-04-14T20:09:37","slug":"quelafert-regenerator","status":"publish","type":"product","link":"https:\/\/www.quelagrow.com\/fr\/engrais\/ameliorations-du-sol\/quelafert-regenerator\/","title":{"rendered":"QUELAFERT\u00ae REGENERATOR"},"content":{"rendered":"<p><b>Le REGENERATOR<\/b> (produit appartenant \u00e0 la gamme <b>RE de<\/b> QUELAGROW) est un complexe de micro-organismes compos\u00e9 de B. megaterium, Pseudomona fluorescens et Azotobacter sp. qui se sont r\u00e9v\u00e9l\u00e9s efficaces pour capter l&rsquo;azote atmosph\u00e9rique et fixer le phosphore et le potassium, ce qui permet d&rsquo;utiliser plus efficacement les engrais chimiques traditionnels et ainsi :<\/p>\n<ul>\n<li>Nous r\u00e9duisons l&rsquo;apport d&rsquo;engrais chimiques, ce qui permet de r\u00e9aliser des \u00e9conomies.<\/li>\n<li>Nous diminuons l&rsquo;impact environnemental de l&rsquo;utilisation d&rsquo;engrais conventionnels.<\/li>\n<\/ul>\n<p><b>Le REGENERATOR<\/b> pr\u00e9sente \u00e9galement d&rsquo;autres avantages pour la plante :<\/p>\n<ul>\n<li>Production de m\u00e9tabolites secondaires et de phytohormones naturelles.<\/li>\n<li>Stimulation de la production de racines secondaires.<\/li>\n<li>Favorise l&rsquo;interaction entre les racines et le sol, am\u00e9liorant la symbiose naturelle entre la plante et le sol.<\/li>\n<li>Augmente la population de micro-organismes b\u00e9n\u00e9fiques dans la rhizosph\u00e8re.<\/li>\n<\/ul>\n<p>En d\u00e9finitive, REGENATOR est un produit qui r\u00e9g\u00e9n\u00e8re les sols agricoles endommag\u00e9s par l&rsquo;utilisation continue de produits agrochimiques.<\/p>\n","protected":false},"excerpt":{"rendered":"<p>Le REGENERATOR (produit appartenant \u00e0 la gamme RE de QUELAGROW) est un complexe de micro-organismes compos\u00e9 de B. megaterium, Pseudomona fluorescens et Azotobacter sp. qui se sont r\u00e9v\u00e9l\u00e9s efficaces pour capter l&rsquo;azote atmosph\u00e9rique et fixer le phosphore et le potassium, ce qui permet d&rsquo;utiliser plus efficacement les engrais chimiques traditionnels et ainsi : Nous r\u00e9duisons [&hellip;]<\/p>\n","protected":false},"featured_media":6772,"comment_status":"closed","ping_status":"closed","template":"","meta":{"_acf_changed":false},"product_brand":[],"product_cat":[163,157],"product_tag":[],"class_list":{"0":"post-6767","1":"product","2":"type-product","3":"status-publish","4":"has-post-thumbnail","6":"product_cat-ameliorations-du-sol","7":"product_cat-engrais","9":"first","10":"instock","11":"taxable","12":"shipping-taxable","13":"product-type-simple"},"acf":[],"_links":{"self":[{"href":"https:\/\/www.quelagrow.com\/fr\/wp-json\/wp\/v2\/product\/6767","targetHints":{"allow":["GET"]}}],"collection":[{"href":"https:\/\/www.quelagrow.com\/fr\/wp-json\/wp\/v2\/product"}],"about":[{"href":"https:\/\/www.quelagrow.com\/fr\/wp-json\/wp\/v2\/types\/product"}],"replies":[{"embeddable":true,"href":"https:\/\/www.quelagrow.com\/fr\/wp-json\/wp\/v2\/comments?post=6767"}],"version-history":[{"count":2,"href":"https:\/\/www.quelagrow.com\/fr\/wp-json\/wp\/v2\/product\/6767\/revisions"}],"predecessor-version":[{"id":7256,"href":"https:\/\/www.quelagrow.com\/fr\/wp-json\/wp\/v2\/product\/6767\/revisions\/7256"}],"wp:featuredmedia":[{"embeddable":true,"href":"https:\/\/www.quelagrow.com\/fr\/wp-json\/wp\/v2\/media\/6772"}],"wp:attachment":[{"href":"https:\/\/www.quelagrow.com\/fr\/wp-json\/wp\/v2\/media?parent=6767"}],"wp:term":[{"taxonomy":"product_brand","embeddable":true,"href":"https:\/\/www.quelagrow.com\/fr\/wp-json\/wp\/v2\/product_brand?post=6767"},{"taxonomy":"product_cat","embeddable":true,"href":"https:\/\/www.quelagrow.com\/fr\/wp-json\/wp\/v2\/product_cat?post=6767"},{"taxonomy":"product_tag","embeddable":true,"href":"https:\/\/www.quelagrow.com\/fr\/wp-json\/wp\/v2\/product_tag?post=6767"}],"curies":[{"name":"wp","href":"https:\/\/api.w.org\/{rel}","templated":true}]}}