{"id":6871,"date":"2025-02-10T21:10:51","date_gmt":"2025-02-10T20:10:51","guid":{"rendered":"https:\/\/www.quelagrow.com\/?post_type=product&#038;p=6871"},"modified":"2025-04-06T16:09:36","modified_gmt":"2025-04-06T14:09:36","slug":"quelafert-booster","status":"publish","type":"product","link":"https:\/\/www.quelagrow.com\/fr\/bioprotecteurs\/insecticides-agricoles\/quelafert-booster\/","title":{"rendered":"QUELAFERT\u00ae BOOSTER"},"content":{"rendered":"<p><strong>BOOSTER<\/strong> a un effet booster sur les produits phytosanitaires.<br \/>\nEn raison de sa capacit\u00e9 \u00e0 dissoudre la m\u00e9lasse, il augmente la sensibilit\u00e9 des insectes \u00e0 tout autre produit agrochimique et peut m\u00eame les d\u00e9shydrater, provoquant leur mort.<\/p>\n<p>Son utilisation est recommand\u00e9e comme hydratant car, m\u00e9lang\u00e9 \u00e0 d&rsquo;autres produits, il agit comme un activateur de l&rsquo;effet insecticide.<\/p>\n","protected":false},"excerpt":{"rendered":"<p>BOOSTER a un effet booster sur les produits phytosanitaires. En raison de sa capacit\u00e9 \u00e0 dissoudre la m\u00e9lasse, il augmente la sensibilit\u00e9 des insectes \u00e0 tout autre produit agrochimique et peut m\u00eame les d\u00e9shydrater, provoquant leur mort. Son utilisation est recommand\u00e9e comme hydratant car, m\u00e9lang\u00e9 \u00e0 d&rsquo;autres produits, il agit comme un activateur de l&rsquo;effet [&hellip;]<\/p>\n","protected":false},"featured_media":6876,"comment_status":"closed","ping_status":"closed","template":"","meta":{"_acf_changed":false},"product_brand":[],"product_cat":[164,165],"product_tag":[],"class_list":{"0":"post-6871","1":"product","2":"type-product","3":"status-publish","4":"has-post-thumbnail","6":"product_cat-bioprotecteurs","7":"product_cat-insecticides-agricoles","9":"first","10":"instock","11":"taxable","12":"shipping-taxable","13":"product-type-simple"},"acf":[],"_links":{"self":[{"href":"https:\/\/www.quelagrow.com\/fr\/wp-json\/wp\/v2\/product\/6871","targetHints":{"allow":["GET"]}}],"collection":[{"href":"https:\/\/www.quelagrow.com\/fr\/wp-json\/wp\/v2\/product"}],"about":[{"href":"https:\/\/www.quelagrow.com\/fr\/wp-json\/wp\/v2\/types\/product"}],"replies":[{"embeddable":true,"href":"https:\/\/www.quelagrow.com\/fr\/wp-json\/wp\/v2\/comments?post=6871"}],"version-history":[{"count":4,"href":"https:\/\/www.quelagrow.com\/fr\/wp-json\/wp\/v2\/product\/6871\/revisions"}],"predecessor-version":[{"id":6889,"href":"https:\/\/www.quelagrow.com\/fr\/wp-json\/wp\/v2\/product\/6871\/revisions\/6889"}],"wp:featuredmedia":[{"embeddable":true,"href":"https:\/\/www.quelagrow.com\/fr\/wp-json\/wp\/v2\/media\/6876"}],"wp:attachment":[{"href":"https:\/\/www.quelagrow.com\/fr\/wp-json\/wp\/v2\/media?parent=6871"}],"wp:term":[{"taxonomy":"product_brand","embeddable":true,"href":"https:\/\/www.quelagrow.com\/fr\/wp-json\/wp\/v2\/product_brand?post=6871"},{"taxonomy":"product_cat","embeddable":true,"href":"https:\/\/www.quelagrow.com\/fr\/wp-json\/wp\/v2\/product_cat?post=6871"},{"taxonomy":"product_tag","embeddable":true,"href":"https:\/\/www.quelagrow.com\/fr\/wp-json\/wp\/v2\/product_tag?post=6871"}],"curies":[{"name":"wp","href":"https:\/\/api.w.org\/{rel}","templated":true}]}}