{"id":7478,"date":"2025-06-24T21:29:59","date_gmt":"2025-06-24T19:29:59","guid":{"rendered":"https:\/\/www.quelagrow.com\/non class\u00e9\/quelafert-solarblock-m\/"},"modified":"2025-06-24T21:29:59","modified_gmt":"2025-06-24T19:29:59","slug":"quelafert-solarblock-m","status":"publish","type":"product","link":"https:\/\/www.quelagrow.com\/fr\/bioprotecteurs\/autres\/quelafert-solarblock-m\/","title":{"rendered":"QUELAFERT\u00ae SOLARBLOCK-M"},"content":{"rendered":"<p>Formule riche en calcium sous forme de suspension concentr\u00e9e, con\u00e7ue pour \u00e9viter les d\u00e9s\u00e9quilibres nutritionnels dans les cultures fruiti\u00e8res et mara\u00eech\u00e8res. Le calcium, sous forme de carbonate de calcium, est lib\u00e9r\u00e9 progressivement dans le sol, ce qui aide \u00e0 pr\u00e9venir les carences nutritionnelles. Son utilisation am\u00e9liore la taille des fruits, prolonge leur conservation et augmente leur r\u00e9sistance aux chocs et aux meurtrissures. Appliqu\u00e9 \u00e0 fortes doses, il forme une couche protectrice qui pr\u00e9serve la r\u00e9colte des dommages caus\u00e9s par l&rsquo;exposition au soleil.<\/p>\n","protected":false},"excerpt":{"rendered":"<p>Formule riche en calcium sous forme de suspension concentr\u00e9e, con\u00e7ue pour \u00e9viter les d\u00e9s\u00e9quilibres nutritionnels dans les cultures fruiti\u00e8res et mara\u00eech\u00e8res. Le calcium, sous forme de carbonate de calcium, est lib\u00e9r\u00e9 progressivement dans le sol, ce qui aide \u00e0 pr\u00e9venir les carences nutritionnelles. Son utilisation am\u00e9liore la taille des fruits, prolonge leur conservation et augmente [&hellip;]<\/p>\n","protected":false},"featured_media":7466,"comment_status":"closed","ping_status":"closed","template":"","meta":{"_acf_changed":false},"product_brand":[],"product_cat":[243],"product_tag":[],"class_list":{"0":"post-7478","1":"product","2":"type-product","3":"status-publish","4":"has-post-thumbnail","6":"product_cat-autres","8":"first","9":"instock","10":"taxable","11":"shipping-taxable","12":"product-type-simple"},"acf":[],"_links":{"self":[{"href":"https:\/\/www.quelagrow.com\/fr\/wp-json\/wp\/v2\/product\/7478","targetHints":{"allow":["GET"]}}],"collection":[{"href":"https:\/\/www.quelagrow.com\/fr\/wp-json\/wp\/v2\/product"}],"about":[{"href":"https:\/\/www.quelagrow.com\/fr\/wp-json\/wp\/v2\/types\/product"}],"replies":[{"embeddable":true,"href":"https:\/\/www.quelagrow.com\/fr\/wp-json\/wp\/v2\/comments?post=7478"}],"version-history":[{"count":0,"href":"https:\/\/www.quelagrow.com\/fr\/wp-json\/wp\/v2\/product\/7478\/revisions"}],"wp:featuredmedia":[{"embeddable":true,"href":"https:\/\/www.quelagrow.com\/fr\/wp-json\/wp\/v2\/media\/7466"}],"wp:attachment":[{"href":"https:\/\/www.quelagrow.com\/fr\/wp-json\/wp\/v2\/media?parent=7478"}],"wp:term":[{"taxonomy":"product_brand","embeddable":true,"href":"https:\/\/www.quelagrow.com\/fr\/wp-json\/wp\/v2\/product_brand?post=7478"},{"taxonomy":"product_cat","embeddable":true,"href":"https:\/\/www.quelagrow.com\/fr\/wp-json\/wp\/v2\/product_cat?post=7478"},{"taxonomy":"product_tag","embeddable":true,"href":"https:\/\/www.quelagrow.com\/fr\/wp-json\/wp\/v2\/product_tag?post=7478"}],"curies":[{"name":"wp","href":"https:\/\/api.w.org\/{rel}","templated":true}]}}