{"id":7548,"date":"2025-07-29T11:56:33","date_gmt":"2025-07-29T09:56:33","guid":{"rendered":"https:\/\/www.quelagrow.com\/?post_type=product&#038;p=7548"},"modified":"2026-03-16T14:38:35","modified_gmt":"2026-03-16T13:38:35","slug":"quelafert-poseidon","status":"publish","type":"product","link":"https:\/\/www.quelagrow.com\/fr\/bioprotecteurs\/nematicides-agricoles\/quelafert-poseidon\/","title":{"rendered":"QUELAFERT\u00ae POSEIDON"},"content":{"rendered":"<p>QUELAFERT\u00ae POSEIDON est une formulation liquide soluble compos\u00e9e d&rsquo;huiles essentielles et d&rsquo;acides organiques \u00e0 action n\u00e9maticide. Son application par fertirrigation permet de r\u00e9duire efficacement les populations de n\u00e9matodes dans les cultures mara\u00eech\u00e8res, sans laisser de r\u00e9sidus ni n\u00e9cessiter de d\u00e9lai de s\u00e9curit\u00e9. Gr\u00e2ce \u00e0 son origine naturelle, il est compatible avec les programmes d&rsquo;agriculture biologique et peut \u00eatre appliqu\u00e9 \u00e0 n&rsquo;importe quelle phase de la culture, sans risque de phytotoxicit\u00e9.<\/p>\n","protected":false},"excerpt":{"rendered":"<p>QUELAFERT\u00ae POSEIDON est une formulation liquide soluble compos\u00e9e d&rsquo;huiles essentielles et d&rsquo;acides organiques \u00e0 action n\u00e9maticide. Son application par fertirrigation permet de r\u00e9duire efficacement les populations de n\u00e9matodes dans les cultures mara\u00eech\u00e8res, sans laisser de r\u00e9sidus ni n\u00e9cessiter de d\u00e9lai de s\u00e9curit\u00e9. Gr\u00e2ce \u00e0 son origine naturelle, il est compatible avec les programmes d&rsquo;agriculture biologique [&hellip;]<\/p>\n","protected":false},"featured_media":7684,"comment_status":"closed","ping_status":"closed","template":"","meta":{"_acf_changed":false},"product_brand":[],"product_cat":[164,167],"product_tag":[],"class_list":{"0":"post-7548","1":"product","2":"type-product","3":"status-publish","4":"has-post-thumbnail","6":"product_cat-bioprotecteurs","7":"product_cat-nematicides-agricoles","9":"first","10":"instock","11":"taxable","12":"shipping-taxable","13":"product-type-simple"},"acf":[],"_links":{"self":[{"href":"https:\/\/www.quelagrow.com\/fr\/wp-json\/wp\/v2\/product\/7548","targetHints":{"allow":["GET"]}}],"collection":[{"href":"https:\/\/www.quelagrow.com\/fr\/wp-json\/wp\/v2\/product"}],"about":[{"href":"https:\/\/www.quelagrow.com\/fr\/wp-json\/wp\/v2\/types\/product"}],"replies":[{"embeddable":true,"href":"https:\/\/www.quelagrow.com\/fr\/wp-json\/wp\/v2\/comments?post=7548"}],"version-history":[{"count":2,"href":"https:\/\/www.quelagrow.com\/fr\/wp-json\/wp\/v2\/product\/7548\/revisions"}],"predecessor-version":[{"id":7986,"href":"https:\/\/www.quelagrow.com\/fr\/wp-json\/wp\/v2\/product\/7548\/revisions\/7986"}],"wp:featuredmedia":[{"embeddable":true,"href":"https:\/\/www.quelagrow.com\/fr\/wp-json\/wp\/v2\/media\/7684"}],"wp:attachment":[{"href":"https:\/\/www.quelagrow.com\/fr\/wp-json\/wp\/v2\/media?parent=7548"}],"wp:term":[{"taxonomy":"product_brand","embeddable":true,"href":"https:\/\/www.quelagrow.com\/fr\/wp-json\/wp\/v2\/product_brand?post=7548"},{"taxonomy":"product_cat","embeddable":true,"href":"https:\/\/www.quelagrow.com\/fr\/wp-json\/wp\/v2\/product_cat?post=7548"},{"taxonomy":"product_tag","embeddable":true,"href":"https:\/\/www.quelagrow.com\/fr\/wp-json\/wp\/v2\/product_tag?post=7548"}],"curies":[{"name":"wp","href":"https:\/\/api.w.org\/{rel}","templated":true}]}}