{"id":5306,"date":"2024-10-22T22:50:48","date_gmt":"2024-10-22T20:50:48","guid":{"rendered":"https:\/\/webmuestra.com\/quelagrow\/blog\/"},"modified":"2025-01-22T10:54:51","modified_gmt":"2025-01-22T09:54:51","slug":"blog","status":"publish","type":"page","link":"https:\/\/www.quelagrow.com\/mx\/blog\/","title":{"rendered":"Blog"},"content":{"rendered":"\t\t<div data-elementor-type=\"wp-page\" data-elementor-id=\"5306\" class=\"elementor elementor-5306 elementor-3375\" data-elementor-post-type=\"page\">\n\t\t\t\t<div class=\"elementor-element elementor-element-6b2e3be e-flex e-con-boxed e-con e-parent\" data-id=\"6b2e3be\" data-element_type=\"container\" data-e-type=\"container\" data-settings=\"{&quot;background_background&quot;:&quot;classic&quot;}\">\n\t\t\t\t\t<div class=\"e-con-inner\">\n\t\t\t\t<div class=\"elementor-element elementor-element-bee698e elementor-widget elementor-widget-heading\" data-id=\"bee698e\" data-element_type=\"widget\" data-e-type=\"widget\" data-widget_type=\"heading.default\">\n\t\t\t\t<div class=\"elementor-widget-container\">\n\t\t\t\t\t<h1 class=\"elementor-heading-title elementor-size-default\">Blog de Quelagrow: Innovaci\u00f3n, sostenibilidad y agricultura moderna<\/h1>\t\t\t\t<\/div>\n\t\t\t\t<\/div>\n\t\t\t\t\t<\/div>\n\t\t\t\t<\/div>\n\t\t<div class=\"elementor-element elementor-element-b70ecec e-flex e-con-boxed e-con e-parent\" data-id=\"b70ecec\" data-element_type=\"container\" data-e-type=\"container\">\n\t\t\t\t\t<div class=\"e-con-inner\">\n\t\t\t\t<div class=\"elementor-element elementor-element-a78b8a9 elementor-widget elementor-widget-heading\" data-id=\"a78b8a9\" data-element_type=\"widget\" data-e-type=\"widget\" data-widget_type=\"heading.default\">\n\t\t\t\t<div class=\"elementor-widget-container\">\n\t\t\t\t\t<h2 class=\"elementor-heading-title elementor-size-default\">Categor\u00edas<\/h2>\t\t\t\t<\/div>\n\t\t\t\t<\/div>\n\t\t\t\t<div class=\"elementor-element elementor-element-03bb04b elementor-widget elementor-widget-text-editor\" data-id=\"03bb04b\" data-element_type=\"widget\" data-e-type=\"widget\" data-widget_type=\"text-editor.default\">\n\t\t\t\t<div class=\"elementor-widget-container\">\n\t\t\t\t\t\t\t\t\t<a href=\"https:\/\/www.quelagrow.com\/mx\/blog\/category\/bioproteccion\/\">Bioprotecci\u00f3n<\/a> | <a href=\"https:\/\/www.quelagrow.com\/mx\/blog\/category\/fertilizantes\/\">Fertilizantes<\/a>\n\t\t\t\t\t\t\t\t<\/div>\n\t\t\t\t<\/div>\n\t\t\t\t\t<\/div>\n\t\t\t\t<\/div>\n\t\t<div class=\"elementor-element elementor-element-8759594 e-flex e-con-boxed e-con e-parent\" data-id=\"8759594\" data-element_type=\"container\" data-e-type=\"container\">\n\t\t\t\t\t<div class=\"e-con-inner\">\n\t\t\t\t<div class=\"elementor-element elementor-element-10f4596 elementor-grid-3 elementor-grid-tablet-2 elementor-grid-mobile-1 elementor-posts--thumbnail-top elementor-widget elementor-widget-posts\" data-id=\"10f4596\" data-element_type=\"widget\" data-e-type=\"widget\" data-settings=\"{&quot;pagination_type&quot;:&quot;numbers_and_prev_next&quot;,&quot;classic_columns&quot;:&quot;3&quot;,&quot;classic_columns_tablet&quot;:&quot;2&quot;,&quot;classic_columns_mobile&quot;:&quot;1&quot;,&quot;classic_row_gap&quot;:{&quot;unit&quot;:&quot;px&quot;,&quot;size&quot;:35,&quot;sizes&quot;:[]},&quot;classic_row_gap_tablet&quot;:{&quot;unit&quot;:&quot;px&quot;,&quot;size&quot;:&quot;&quot;,&quot;sizes&quot;:[]},&quot;classic_row_gap_mobile&quot;:{&quot;unit&quot;:&quot;px&quot;,&quot;size&quot;:&quot;&quot;,&quot;sizes&quot;:[]}}\" data-widget_type=\"posts.classic\">\n\t\t\t\t<div class=\"elementor-widget-container\">\n\t\t\t\t\t\t\t<div class=\"elementor-posts-container elementor-posts elementor-posts--skin-classic elementor-grid\" role=\"list\">\n\t\t\t\t<article class=\"elementor-post elementor-grid-item post-8144 post type-post status-publish format-standard has-post-thumbnail hentry category-bioproteccion\" role=\"listitem\">\n\t\t\t\t<a class=\"elementor-post__thumbnail__link\" href=\"https:\/\/www.quelagrow.com\/mx\/blog\/mejor-insecticida-pulgones-control-biologico\/\" tabindex=\"-1\" >\n\t\t\t<div class=\"elementor-post__thumbnail\"><img fetchpriority=\"high\" decoding=\"async\" width=\"1376\" height=\"768\" src=\"https:\/\/www.quelagrow.com\/wp-content\/uploads\/mejor-insecticida-contra-pulgones-1.jpg\" class=\"attachment-full size-full wp-image-8132\" alt=\"mejor insecticida combatir pulgones\" srcset=\"https:\/\/www.quelagrow.com\/wp-content\/uploads\/mejor-insecticida-contra-pulgones-1.jpg 1376w, https:\/\/www.quelagrow.com\/wp-content\/uploads\/mejor-insecticida-contra-pulgones-1-300x167.jpg 300w, https:\/\/www.quelagrow.com\/wp-content\/uploads\/mejor-insecticida-contra-pulgones-1-1024x572.jpg 1024w, https:\/\/www.quelagrow.com\/wp-content\/uploads\/mejor-insecticida-contra-pulgones-1-768x429.jpg 768w, https:\/\/www.quelagrow.com\/wp-content\/uploads\/mejor-insecticida-contra-pulgones-1-1000x558.jpg 1000w\" sizes=\"(max-width: 1376px) 100vw, 1376px\" \/><\/div>\n\t\t<\/a>\n\t\t\t\t<div class=\"elementor-post__text\">\n\t\t\t\t<h3 class=\"elementor-post__title\">\n\t\t\t<a href=\"https:\/\/www.quelagrow.com\/mx\/blog\/mejor-insecticida-pulgones-control-biologico\/\" >\n\t\t\t\tEl mejor insecticida para pulgones: Control ecol\u00f3gico y eficaz\t\t\t<\/a>\n\t\t<\/h3>\n\t\t\t\t<div class=\"elementor-post__meta-data\">\n\t\t\t\t\t<span class=\"elementor-post-date\">\n\t\t\t18 de April de 2026\t\t<\/span>\n\t\t\t\t<\/div>\n\t\t\t\t\t<div class=\"elementor-post__read-more-wrapper\">\n\t\t\n\t\t<a class=\"elementor-post__read-more\" href=\"https:\/\/www.quelagrow.com\/mx\/blog\/mejor-insecticida-pulgones-control-biologico\/\" aria-label=\"Read more about El mejor insecticida para pulgones: Control ecol\u00f3gico y eficaz\" tabindex=\"-1\" >\n\t\t\tLeer m\u00e1s \u00bb\t\t<\/a>\n\n\t\t\t\t\t<\/div>\n\t\t\t\t<\/div>\n\t\t\t\t<\/article>\n\t\t\t\t<article class=\"elementor-post elementor-grid-item post-8108 post type-post status-publish format-standard has-post-thumbnail hentry category-bioproteccion\" role=\"listitem\">\n\t\t\t\t<a class=\"elementor-post__thumbnail__link\" href=\"https:\/\/www.quelagrow.com\/mx\/blog\/desinfeccion-suelo-cultivo-sin-danar-la-microbiota\/\" tabindex=\"-1\" >\n\t\t\t<div class=\"elementor-post__thumbnail\"><img decoding=\"async\" width=\"1376\" height=\"768\" src=\"https:\/\/www.quelagrow.com\/wp-content\/uploads\/desinfeccion-suelo-agricola-1.jpg\" class=\"attachment-full size-full wp-image-8113\" alt=\"agricultor regenerando la microbiota de un cultivo con desinfectantes de suelo\" srcset=\"https:\/\/www.quelagrow.com\/wp-content\/uploads\/desinfeccion-suelo-agricola-1.jpg 1376w, https:\/\/www.quelagrow.com\/wp-content\/uploads\/desinfeccion-suelo-agricola-1-300x167.jpg 300w, https:\/\/www.quelagrow.com\/wp-content\/uploads\/desinfeccion-suelo-agricola-1-1024x572.jpg 1024w, https:\/\/www.quelagrow.com\/wp-content\/uploads\/desinfeccion-suelo-agricola-1-768x429.jpg 768w, https:\/\/www.quelagrow.com\/wp-content\/uploads\/desinfeccion-suelo-agricola-1-1000x558.jpg 1000w\" sizes=\"(max-width: 1376px) 100vw, 1376px\" \/><\/div>\n\t\t<\/a>\n\t\t\t\t<div class=\"elementor-post__text\">\n\t\t\t\t<h3 class=\"elementor-post__title\">\n\t\t\t<a href=\"https:\/\/www.quelagrow.com\/mx\/blog\/desinfeccion-suelo-cultivo-sin-danar-la-microbiota\/\" >\n\t\t\t\tDesinfecci\u00f3n de cultivo agr\u00edcola sin da\u00f1ar la microbiota: M\u00e9todos sostenibles y regeneraci\u00f3n\t\t\t<\/a>\n\t\t<\/h3>\n\t\t\t\t<div class=\"elementor-post__meta-data\">\n\t\t\t\t\t<span class=\"elementor-post-date\">\n\t\t\t17 de April de 2026\t\t<\/span>\n\t\t\t\t<\/div>\n\t\t\t\t\t<div class=\"elementor-post__read-more-wrapper\">\n\t\t\n\t\t<a class=\"elementor-post__read-more\" href=\"https:\/\/www.quelagrow.com\/mx\/blog\/desinfeccion-suelo-cultivo-sin-danar-la-microbiota\/\" aria-label=\"Read more about Desinfecci\u00f3n de cultivo agr\u00edcola sin da\u00f1ar la microbiota: M\u00e9todos sostenibles y regeneraci\u00f3n\" tabindex=\"-1\" >\n\t\t\tLeer m\u00e1s \u00bb\t\t<\/a>\n\n\t\t\t\t\t<\/div>\n\t\t\t\t<\/div>\n\t\t\t\t<\/article>\n\t\t\t\t<article class=\"elementor-post elementor-grid-item post-8157 post type-post status-publish format-standard has-post-thumbnail hentry category-fertilizantes\" role=\"listitem\">\n\t\t\t\t<a class=\"elementor-post__thumbnail__link\" href=\"https:\/\/www.quelagrow.com\/mx\/blog\/fertilizantes-alta-eficiencia-maximiza-rendimiento\/\" tabindex=\"-1\" >\n\t\t\t<div class=\"elementor-post__thumbnail\"><img decoding=\"async\" width=\"1376\" height=\"768\" src=\"https:\/\/www.quelagrow.com\/wp-content\/uploads\/fertilizacion-alta-eficacia-1.jpg\" class=\"attachment-full size-full wp-image-7957\" alt=\"fertilizacion\" srcset=\"https:\/\/www.quelagrow.com\/wp-content\/uploads\/fertilizacion-alta-eficacia-1.jpg 1376w, https:\/\/www.quelagrow.com\/wp-content\/uploads\/fertilizacion-alta-eficacia-1-300x167.jpg 300w, https:\/\/www.quelagrow.com\/wp-content\/uploads\/fertilizacion-alta-eficacia-1-1024x572.jpg 1024w, https:\/\/www.quelagrow.com\/wp-content\/uploads\/fertilizacion-alta-eficacia-1-768x429.jpg 768w, https:\/\/www.quelagrow.com\/wp-content\/uploads\/fertilizacion-alta-eficacia-1-1000x558.jpg 1000w\" sizes=\"(max-width: 1376px) 100vw, 1376px\" \/><\/div>\n\t\t<\/a>\n\t\t\t\t<div class=\"elementor-post__text\">\n\t\t\t\t<h3 class=\"elementor-post__title\">\n\t\t\t<a href=\"https:\/\/www.quelagrow.com\/mx\/blog\/fertilizantes-alta-eficiencia-maximiza-rendimiento\/\" >\n\t\t\t\tFertilizantes de alta eficiencia: gu\u00eda t\u00e9cnica para maximizar el rendimiento de tus cultivos\t\t\t<\/a>\n\t\t<\/h3>\n\t\t\t\t<div class=\"elementor-post__meta-data\">\n\t\t\t\t\t<span class=\"elementor-post-date\">\n\t\t\t16 de February de 2026\t\t<\/span>\n\t\t\t\t<\/div>\n\t\t\t\t\t<div class=\"elementor-post__read-more-wrapper\">\n\t\t\n\t\t<a class=\"elementor-post__read-more\" href=\"https:\/\/www.quelagrow.com\/mx\/blog\/fertilizantes-alta-eficiencia-maximiza-rendimiento\/\" aria-label=\"Read more about Fertilizantes de alta eficiencia: gu\u00eda t\u00e9cnica para maximizar el rendimiento de tus cultivos\" tabindex=\"-1\" >\n\t\t\tLeer m\u00e1s \u00bb\t\t<\/a>\n\n\t\t\t\t\t<\/div>\n\t\t\t\t<\/div>\n\t\t\t\t<\/article>\n\t\t\t\t<article class=\"elementor-post elementor-grid-item post-8152 post type-post status-publish format-standard has-post-thumbnail hentry category-fertilizantes\" role=\"listitem\">\n\t\t\t\t<a class=\"elementor-post__thumbnail__link\" href=\"https:\/\/www.quelagrow.com\/mx\/blog\/fertilizacion-ecologica-agricultura-sostenible\/\" tabindex=\"-1\" >\n\t\t\t<div class=\"elementor-post__thumbnail\"><img loading=\"lazy\" decoding=\"async\" width=\"1376\" height=\"768\" src=\"https:\/\/www.quelagrow.com\/wp-content\/uploads\/fertilizacion-ecologica-1.jpg\" class=\"attachment-full size-full wp-image-7926\" alt=\"fertilizacion ecologica\" srcset=\"https:\/\/www.quelagrow.com\/wp-content\/uploads\/fertilizacion-ecologica-1.jpg 1376w, https:\/\/www.quelagrow.com\/wp-content\/uploads\/fertilizacion-ecologica-1-300x167.jpg 300w, https:\/\/www.quelagrow.com\/wp-content\/uploads\/fertilizacion-ecologica-1-1024x572.jpg 1024w, https:\/\/www.quelagrow.com\/wp-content\/uploads\/fertilizacion-ecologica-1-768x429.jpg 768w, https:\/\/www.quelagrow.com\/wp-content\/uploads\/fertilizacion-ecologica-1-1000x558.jpg 1000w\" sizes=\"(max-width: 1376px) 100vw, 1376px\" \/><\/div>\n\t\t<\/a>\n\t\t\t\t<div class=\"elementor-post__text\">\n\t\t\t\t<h3 class=\"elementor-post__title\">\n\t\t\t<a href=\"https:\/\/www.quelagrow.com\/mx\/blog\/fertilizacion-ecologica-agricultura-sostenible\/\" >\n\t\t\t\tFertilizaci\u00f3n ecol\u00f3gica: gu\u00eda completa para una agricultura sostenible y productiva\t\t\t<\/a>\n\t\t<\/h3>\n\t\t\t\t<div class=\"elementor-post__meta-data\">\n\t\t\t\t\t<span class=\"elementor-post-date\">\n\t\t\t16 de February de 2026\t\t<\/span>\n\t\t\t\t<\/div>\n\t\t\t\t\t<div class=\"elementor-post__read-more-wrapper\">\n\t\t\n\t\t<a class=\"elementor-post__read-more\" href=\"https:\/\/www.quelagrow.com\/mx\/blog\/fertilizacion-ecologica-agricultura-sostenible\/\" aria-label=\"Read more about Fertilizaci\u00f3n ecol\u00f3gica: gu\u00eda completa para una agricultura sostenible y productiva\" tabindex=\"-1\" >\n\t\t\tLeer m\u00e1s \u00bb\t\t<\/a>\n\n\t\t\t\t\t<\/div>\n\t\t\t\t<\/div>\n\t\t\t\t<\/article>\n\t\t\t\t<article class=\"elementor-post elementor-grid-item post-8148 post type-post status-publish format-standard has-post-thumbnail hentry category-bioproteccion\" role=\"listitem\">\n\t\t\t\t<a class=\"elementor-post__thumbnail__link\" href=\"https:\/\/www.quelagrow.com\/mx\/blog\/mejor-insecticida-tomate-guia-completa-proteccion\/\" tabindex=\"-1\" >\n\t\t\t<div class=\"elementor-post__thumbnail\"><img loading=\"lazy\" decoding=\"async\" width=\"1376\" height=\"768\" src=\"https:\/\/www.quelagrow.com\/wp-content\/uploads\/plaga-en-planta-tomatera-1.jpg\" class=\"attachment-full size-full wp-image-7870\" alt=\"az3000 mejor insecticida para tomate\" srcset=\"https:\/\/www.quelagrow.com\/wp-content\/uploads\/plaga-en-planta-tomatera-1.jpg 1376w, https:\/\/www.quelagrow.com\/wp-content\/uploads\/plaga-en-planta-tomatera-1-300x167.jpg 300w, https:\/\/www.quelagrow.com\/wp-content\/uploads\/plaga-en-planta-tomatera-1-1024x572.jpg 1024w, https:\/\/www.quelagrow.com\/wp-content\/uploads\/plaga-en-planta-tomatera-1-768x429.jpg 768w, https:\/\/www.quelagrow.com\/wp-content\/uploads\/plaga-en-planta-tomatera-1-1000x558.jpg 1000w\" sizes=\"(max-width: 1376px) 100vw, 1376px\" \/><\/div>\n\t\t<\/a>\n\t\t\t\t<div class=\"elementor-post__text\">\n\t\t\t\t<h3 class=\"elementor-post__title\">\n\t\t\t<a href=\"https:\/\/www.quelagrow.com\/mx\/blog\/mejor-insecticida-tomate-guia-completa-proteccion\/\" >\n\t\t\t\t\u00bfCu\u00e1l es el Mejor Insecticida para el Tomate? Gu\u00eda Completa de Protecci\u00f3n\t\t\t<\/a>\n\t\t<\/h3>\n\t\t\t\t<div class=\"elementor-post__meta-data\">\n\t\t\t\t\t<span class=\"elementor-post-date\">\n\t\t\t20 de January de 2026\t\t<\/span>\n\t\t\t\t<\/div>\n\t\t\t\t\t<div class=\"elementor-post__read-more-wrapper\">\n\t\t\n\t\t<a class=\"elementor-post__read-more\" href=\"https:\/\/www.quelagrow.com\/mx\/blog\/mejor-insecticida-tomate-guia-completa-proteccion\/\" aria-label=\"Read more about \u00bfCu\u00e1l es el Mejor Insecticida para el Tomate? Gu\u00eda Completa de Protecci\u00f3n\" tabindex=\"-1\" >\n\t\t\tLeer m\u00e1s \u00bb\t\t<\/a>\n\n\t\t\t\t\t<\/div>\n\t\t\t\t<\/div>\n\t\t\t\t<\/article>\n\t\t\t\t<article class=\"elementor-post elementor-grid-item post-7996 post type-post status-publish format-standard has-post-thumbnail hentry category-bioproteccion\" role=\"listitem\">\n\t\t\t\t<a class=\"elementor-post__thumbnail__link\" href=\"https:\/\/www.quelagrow.com\/mx\/blog\/mejor-insecticida-trips\/\" tabindex=\"-1\" >\n\t\t\t<div class=\"elementor-post__thumbnail\"><img loading=\"lazy\" decoding=\"async\" width=\"1376\" height=\"768\" src=\"https:\/\/www.quelagrow.com\/wp-content\/uploads\/trip-1.jpg\" class=\"attachment-full size-full wp-image-7847\" alt=\"trip en planta\" srcset=\"https:\/\/www.quelagrow.com\/wp-content\/uploads\/trip-1.jpg 1376w, https:\/\/www.quelagrow.com\/wp-content\/uploads\/trip-1-300x167.jpg 300w, https:\/\/www.quelagrow.com\/wp-content\/uploads\/trip-1-1024x572.jpg 1024w, https:\/\/www.quelagrow.com\/wp-content\/uploads\/trip-1-768x429.jpg 768w, https:\/\/www.quelagrow.com\/wp-content\/uploads\/trip-1-1000x558.jpg 1000w\" sizes=\"(max-width: 1376px) 100vw, 1376px\" \/><\/div>\n\t\t<\/a>\n\t\t\t\t<div class=\"elementor-post__text\">\n\t\t\t\t<h3 class=\"elementor-post__title\">\n\t\t\t<a href=\"https:\/\/www.quelagrow.com\/mx\/blog\/mejor-insecticida-trips\/\" >\n\t\t\t\t\u00bfCu\u00e1l es el mejor insecticida para trips? Gu\u00eda completa\t\t\t<\/a>\n\t\t<\/h3>\n\t\t\t\t<div class=\"elementor-post__meta-data\">\n\t\t\t\t\t<span class=\"elementor-post-date\">\n\t\t\t19 de January de 2026\t\t<\/span>\n\t\t\t\t<\/div>\n\t\t\t\t\t<div class=\"elementor-post__read-more-wrapper\">\n\t\t\n\t\t<a class=\"elementor-post__read-more\" href=\"https:\/\/www.quelagrow.com\/mx\/blog\/mejor-insecticida-trips\/\" aria-label=\"Read more about \u00bfCu\u00e1l es el mejor insecticida para trips? Gu\u00eda completa\" tabindex=\"-1\" >\n\t\t\tLeer m\u00e1s \u00bb\t\t<\/a>\n\n\t\t\t\t\t<\/div>\n\t\t\t\t<\/div>\n\t\t\t\t<\/article>\n\t\t\t\t<article class=\"elementor-post elementor-grid-item post-8005 post type-post status-publish format-standard has-post-thumbnail hentry category-bioproteccion\" role=\"listitem\">\n\t\t\t\t<a class=\"elementor-post__thumbnail__link\" href=\"https:\/\/www.quelagrow.com\/mx\/blog\/mejor-insecticida-mosca-blanca\/\" tabindex=\"-1\" >\n\t\t\t<div class=\"elementor-post__thumbnail\"><img loading=\"lazy\" decoding=\"async\" width=\"1376\" height=\"768\" src=\"https:\/\/www.quelagrow.com\/wp-content\/uploads\/mosca-blanca-1.jpg\" class=\"attachment-full size-full wp-image-7791\" alt=\"mejor insecticida combatir mosca blanca\" srcset=\"https:\/\/www.quelagrow.com\/wp-content\/uploads\/mosca-blanca-1.jpg 1376w, https:\/\/www.quelagrow.com\/wp-content\/uploads\/mosca-blanca-1-300x167.jpg 300w, https:\/\/www.quelagrow.com\/wp-content\/uploads\/mosca-blanca-1-1024x572.jpg 1024w, https:\/\/www.quelagrow.com\/wp-content\/uploads\/mosca-blanca-1-768x429.jpg 768w, https:\/\/www.quelagrow.com\/wp-content\/uploads\/mosca-blanca-1-1000x558.jpg 1000w\" sizes=\"(max-width: 1376px) 100vw, 1376px\" \/><\/div>\n\t\t<\/a>\n\t\t\t\t<div class=\"elementor-post__text\">\n\t\t\t\t<h3 class=\"elementor-post__title\">\n\t\t\t<a href=\"https:\/\/www.quelagrow.com\/mx\/blog\/mejor-insecticida-mosca-blanca\/\" >\n\t\t\t\tGu\u00eda definitiva: El mejor insecticida para la mosca blanca en tus cultivos\t\t\t<\/a>\n\t\t<\/h3>\n\t\t\t\t<div class=\"elementor-post__meta-data\">\n\t\t\t\t\t<span class=\"elementor-post-date\">\n\t\t\t26 de December de 2025\t\t<\/span>\n\t\t\t\t<\/div>\n\t\t\t\t\t<div class=\"elementor-post__read-more-wrapper\">\n\t\t\n\t\t<a class=\"elementor-post__read-more\" href=\"https:\/\/www.quelagrow.com\/mx\/blog\/mejor-insecticida-mosca-blanca\/\" aria-label=\"Read more about Gu\u00eda definitiva: El mejor insecticida para la mosca blanca en tus cultivos\" tabindex=\"-1\" >\n\t\t\tLeer m\u00e1s \u00bb\t\t<\/a>\n\n\t\t\t\t\t<\/div>\n\t\t\t\t<\/div>\n\t\t\t\t<\/article>\n\t\t\t\t<article class=\"elementor-post elementor-grid-item post-8001 post type-post status-publish format-standard has-post-thumbnail hentry category-bioproteccion\" role=\"listitem\">\n\t\t\t\t<a class=\"elementor-post__thumbnail__link\" href=\"https:\/\/www.quelagrow.com\/mx\/blog\/mejor-insecticida-tuta-absoluta-guia-completa\/\" tabindex=\"-1\" >\n\t\t\t<div class=\"elementor-post__thumbnail\"><img loading=\"lazy\" decoding=\"async\" width=\"575\" height=\"400\" src=\"https:\/\/www.quelagrow.com\/wp-content\/uploads\/insecticida-contra-tuta.jpg\" class=\"attachment-full size-full wp-image-7758\" alt=\"insecticida para tuta tomate\" srcset=\"https:\/\/www.quelagrow.com\/wp-content\/uploads\/insecticida-contra-tuta.jpg 575w, https:\/\/www.quelagrow.com\/wp-content\/uploads\/insecticida-contra-tuta-300x209.jpg 300w\" sizes=\"(max-width: 575px) 100vw, 575px\" \/><\/div>\n\t\t<\/a>\n\t\t\t\t<div class=\"elementor-post__text\">\n\t\t\t\t<h3 class=\"elementor-post__title\">\n\t\t\t<a href=\"https:\/\/www.quelagrow.com\/mx\/blog\/mejor-insecticida-tuta-absoluta-guia-completa\/\" >\n\t\t\t\tGu\u00eda definitiva: El mejor insecticida para la tuta absoluta\t\t\t<\/a>\n\t\t<\/h3>\n\t\t\t\t<div class=\"elementor-post__meta-data\">\n\t\t\t\t\t<span class=\"elementor-post-date\">\n\t\t\t22 de November de 2025\t\t<\/span>\n\t\t\t\t<\/div>\n\t\t\t\t\t<div class=\"elementor-post__read-more-wrapper\">\n\t\t\n\t\t<a class=\"elementor-post__read-more\" href=\"https:\/\/www.quelagrow.com\/mx\/blog\/mejor-insecticida-tuta-absoluta-guia-completa\/\" aria-label=\"Read more about Gu\u00eda definitiva: El mejor insecticida para la tuta absoluta\" tabindex=\"-1\" >\n\t\t\tLeer m\u00e1s \u00bb\t\t<\/a>\n\n\t\t\t\t\t<\/div>\n\t\t\t\t<\/div>\n\t\t\t\t<\/article>\n\t\t\t\t<article class=\"elementor-post elementor-grid-item post-7991 post type-post status-publish format-standard has-post-thumbnail hentry category-bioproteccion\" role=\"listitem\">\n\t\t\t\t<a class=\"elementor-post__thumbnail__link\" href=\"https:\/\/www.quelagrow.com\/mx\/blog\/mejor-insecticida-arana-roja\/\" tabindex=\"-1\" >\n\t\t\t<div class=\"elementor-post__thumbnail\"><img loading=\"lazy\" decoding=\"async\" width=\"575\" height=\"400\" src=\"https:\/\/www.quelagrow.com\/wp-content\/uploads\/arana-roja.jpg\" class=\"attachment-full size-full wp-image-7728\" alt=\"eliminar ara\u00f1a roja\" srcset=\"https:\/\/www.quelagrow.com\/wp-content\/uploads\/arana-roja.jpg 575w, https:\/\/www.quelagrow.com\/wp-content\/uploads\/arana-roja-300x209.jpg 300w\" sizes=\"(max-width: 575px) 100vw, 575px\" \/><\/div>\n\t\t<\/a>\n\t\t\t\t<div class=\"elementor-post__text\">\n\t\t\t\t<h3 class=\"elementor-post__title\">\n\t\t\t<a href=\"https:\/\/www.quelagrow.com\/mx\/blog\/mejor-insecticida-arana-roja\/\" >\n\t\t\t\tC\u00f3mo elegir el mejor insecticida para ara\u00f1a roja\t\t\t<\/a>\n\t\t<\/h3>\n\t\t\t\t<div class=\"elementor-post__meta-data\">\n\t\t\t\t\t<span class=\"elementor-post-date\">\n\t\t\t2 de November de 2025\t\t<\/span>\n\t\t\t\t<\/div>\n\t\t\t\t\t<div class=\"elementor-post__read-more-wrapper\">\n\t\t\n\t\t<a class=\"elementor-post__read-more\" href=\"https:\/\/www.quelagrow.com\/mx\/blog\/mejor-insecticida-arana-roja\/\" aria-label=\"Read more about C\u00f3mo elegir el mejor insecticida para ara\u00f1a roja\" tabindex=\"-1\" >\n\t\t\tLeer m\u00e1s \u00bb\t\t<\/a>\n\n\t\t\t\t\t<\/div>\n\t\t\t\t<\/div>\n\t\t\t\t<\/article>\n\t\t\t\t<\/div>\n\t\t\n\t\t\t\t\t\t<\/div>\n\t\t\t\t<\/div>\n\t\t\t\t\t<\/div>\n\t\t\t\t<\/div>\n\t\t\t\t<\/div>\n\t\t","protected":false},"excerpt":{"rendered":"<p>Blog de Quelagrow: Innovaci\u00f3n, sostenibilidad y agricultura moderna Categor\u00edas<\/p>\n","protected":false},"author":1,"featured_media":0,"parent":0,"menu_order":0,"comment_status":"closed","ping_status":"closed","template":"","meta":{"_acf_changed":false,"footnotes":""},"class_list":["post-5306","page","type-page","status-publish","hentry"],"acf":[],"_links":{"self":[{"href":"https:\/\/www.quelagrow.com\/mx\/wp-json\/wp\/v2\/pages\/5306","targetHints":{"allow":["GET"]}}],"collection":[{"href":"https:\/\/www.quelagrow.com\/mx\/wp-json\/wp\/v2\/pages"}],"about":[{"href":"https:\/\/www.quelagrow.com\/mx\/wp-json\/wp\/v2\/types\/page"}],"author":[{"embeddable":true,"href":"https:\/\/www.quelagrow.com\/mx\/wp-json\/wp\/v2\/users\/1"}],"replies":[{"embeddable":true,"href":"https:\/\/www.quelagrow.com\/mx\/wp-json\/wp\/v2\/comments?post=5306"}],"version-history":[{"count":2,"href":"https:\/\/www.quelagrow.com\/mx\/wp-json\/wp\/v2\/pages\/5306\/revisions"}],"predecessor-version":[{"id":6218,"href":"https:\/\/www.quelagrow.com\/mx\/wp-json\/wp\/v2\/pages\/5306\/revisions\/6218"}],"wp:attachment":[{"href":"https:\/\/www.quelagrow.com\/mx\/wp-json\/wp\/v2\/media?parent=5306"}],"curies":[{"name":"wp","href":"https:\/\/api.w.org\/{rel}","templated":true}]}}