{"id":5246,"date":"2024-10-24T14:09:05","date_gmt":"2024-10-24T12:09:05","guid":{"rendered":"https:\/\/webmuestra.com\/quelagrow\/uncategorized\/quelafert-nemax\/"},"modified":"2026-03-16T14:12:15","modified_gmt":"2026-03-16T13:12:15","slug":"quelafert-nemax","status":"publish","type":"product","link":"https:\/\/www.quelagrow.com\/mx\/bioprotectores-agricultura\/nematicidas-agricultura\/quelafert-nemax\/","title":{"rendered":"QUELAFERT\u00ae NEMAX"},"content":{"rendered":"<p><strong>QUELAFERT\u00ae NEMAX<\/strong> es un formulado biol\u00f3gico de hongos mitosp\u00f3ricos que act\u00faa como <strong>nematicida<\/strong> contra nem\u00e1todos del tipo meloidogyne sp., radopholus sp., helicotilenchus sp., pratylenchus sp. y globodera sp., que infectan en especial las ra\u00edces de los cultivos hort\u00edcolas.<\/p>\n<p>Estos hongos act\u00faan en los 3 estados de la plaga: parasitan nem\u00e1todos formadores de agallas, formando apresorios, desarrollados a partir de la hifa indiferenciada que permite la colonizaci\u00f3n de la superficie de los huevos de los nem\u00e1todos, las larvas y los adultos.<\/p>\n<p>Con <strong>QUELAFERT\u00ae NEMAX<\/strong> conseguimos:<\/p>\n<ul>\n<li>Reducci\u00f3n de la infestaci\u00f3n de nem\u00e1todos r\u00e1pida y efectiva, ya que act\u00faa sobre los 3 estados del par\u00e1sito.<\/li>\n<li>Mejor acondicionamiento del suelo para el crecimiento de las ra\u00edces, favoreciendo el desarrollo de nuevas ra\u00edces que sustituir\u00e1n las atacadas por el nem\u00e1todo.<\/li>\n<\/ul>\n<p><strong>QUELAFERT\u00ae NEMAX<\/strong> es un nematicida biol\u00f3gico a base de microorganismos no modificados gen\u00e9ticamente, no prestan productos qu\u00edmicos y el plazo de seguridad es cero, pudi\u00e9ndose incorporar en cualquier fase del cultivo, aunque los mejores resultados se producir\u00e1n cuando se aplica de forma preventiva.<\/p>\n","protected":false},"excerpt":{"rendered":"<p>QUELAFERT\u00ae NEMAX es un formulado biol\u00f3gico de hongos mitosp\u00f3ricos que act\u00faa como nematicida contra nem\u00e1todos del tipo meloidogyne sp., radopholus sp., helicotilenchus sp., pratylenchus sp. y globodera sp., que infectan en especial las ra\u00edces de los cultivos hort\u00edcolas. Estos hongos act\u00faan en los 3 estados de la plaga: parasitan nem\u00e1todos formadores de agallas, formando apresorios, [&hellip;]<\/p>\n","protected":false},"featured_media":6450,"comment_status":"closed","ping_status":"closed","template":"","meta":{"_acf_changed":false},"product_brand":[],"product_cat":[169,171],"product_tag":[],"class_list":{"0":"post-5246","1":"product","2":"type-product","3":"status-publish","4":"has-post-thumbnail","6":"product_cat-bioprotectores-agricultura","7":"product_cat-nematicidas-agricultura","9":"first","10":"instock","11":"taxable","12":"shipping-taxable","13":"product-type-simple"},"acf":[],"_links":{"self":[{"href":"https:\/\/www.quelagrow.com\/mx\/wp-json\/wp\/v2\/product\/5246","targetHints":{"allow":["GET"]}}],"collection":[{"href":"https:\/\/www.quelagrow.com\/mx\/wp-json\/wp\/v2\/product"}],"about":[{"href":"https:\/\/www.quelagrow.com\/mx\/wp-json\/wp\/v2\/types\/product"}],"replies":[{"embeddable":true,"href":"https:\/\/www.quelagrow.com\/mx\/wp-json\/wp\/v2\/comments?post=5246"}],"version-history":[{"count":1,"href":"https:\/\/www.quelagrow.com\/mx\/wp-json\/wp\/v2\/product\/5246\/revisions"}],"predecessor-version":[{"id":7982,"href":"https:\/\/www.quelagrow.com\/mx\/wp-json\/wp\/v2\/product\/5246\/revisions\/7982"}],"wp:featuredmedia":[{"embeddable":true,"href":"https:\/\/www.quelagrow.com\/mx\/wp-json\/wp\/v2\/media\/6450"}],"wp:attachment":[{"href":"https:\/\/www.quelagrow.com\/mx\/wp-json\/wp\/v2\/media?parent=5246"}],"wp:term":[{"taxonomy":"product_brand","embeddable":true,"href":"https:\/\/www.quelagrow.com\/mx\/wp-json\/wp\/v2\/product_brand?post=5246"},{"taxonomy":"product_cat","embeddable":true,"href":"https:\/\/www.quelagrow.com\/mx\/wp-json\/wp\/v2\/product_cat?post=5246"},{"taxonomy":"product_tag","embeddable":true,"href":"https:\/\/www.quelagrow.com\/mx\/wp-json\/wp\/v2\/product_tag?post=5246"}],"curies":[{"name":"wp","href":"https:\/\/api.w.org\/{rel}","templated":true}]}}