{"id":5247,"date":"2024-10-24T12:49:35","date_gmt":"2024-10-24T10:49:35","guid":{"rendered":"https:\/\/webmuestra.com\/quelagrow\/uncategorized\/bioprotector-hongos-suelo\/"},"modified":"2024-10-24T12:49:35","modified_gmt":"2024-10-24T10:49:35","slug":"bioprotector-hongos-suelo","status":"publish","type":"product","link":"https:\/\/www.quelagrow.com\/mx\/bioprotectores-agricultura\/fungicidas-agricultura\/bioprotector-hongos-suelo\/","title":{"rendered":"QUELAFERT\u00ae REFUN"},"content":{"rendered":"<p>QUELAFERT\u00ae REFUN<\/p>\n<div>\n<p><strong>REFUN<\/strong> (producto perteneciente a la l\u00ednea <strong>RE<\/strong> de QUELAGROW) es un producto a base de microorganismos que controlan pat\u00f3genos tipo fusarium, verticylium, openicilum, phytophtora c. nicotinae y citr\u00edcola que atacan la ra\u00edz de la planta, adem\u00e1s posee un efecto bioestimulante del sistema radicular lo cual redunda en un mayor vigor en el crecimiento y desarrollo de la planta. Los beneficios que reporta REFUN a los cultivos son:<\/p>\n<ul>\n<li>Incremento de la flora microbiana eda\u0301fica<\/li>\n<li>Regenerador de suelos y mayor fertilidad de los cultivos<\/li>\n<li>Aumento de la captacio\u0301n de nutrientes por parte de la planta<\/li>\n<li>Mayor crecimiento y vigor<\/li>\n<li>Incremento de la tolerancia a condiciones abio\u0301ticas adversas<\/li>\n<\/ul>\n<p>Inductor de las defensas de la planta frente a diferentes hongos pato\u0301genos. Rizoctonia, Phythophtora, Fusarium, Verticilium, Pitium, Macrophomina f. Biofungicida de amplio aspectro.  <\/p>\n<\/div>\n","protected":false},"excerpt":{"rendered":"<p>QUELAFERT\u00ae REFUN REFUN (producto perteneciente a la l\u00ednea RE de QUELAGROW) es un producto a base de microorganismos que controlan pat\u00f3genos tipo fusarium, verticylium, openicilum, phytophtora c. nicotinae y citr\u00edcola que atacan la ra\u00edz de la planta, adem\u00e1s posee un efecto bioestimulante del sistema radicular lo cual redunda en un mayor vigor en el crecimiento [&hellip;]<\/p>\n","protected":false},"featured_media":6343,"comment_status":"closed","ping_status":"closed","template":"","meta":{"_acf_changed":false},"product_brand":[],"product_cat":[169,172],"product_tag":[],"class_list":{"0":"post-5247","1":"product","2":"type-product","3":"status-publish","4":"has-post-thumbnail","6":"product_cat-bioprotectores-agricultura","7":"product_cat-fungicidas-agricultura","9":"first","10":"instock","11":"taxable","12":"shipping-taxable","13":"product-type-simple"},"acf":[],"_links":{"self":[{"href":"https:\/\/www.quelagrow.com\/mx\/wp-json\/wp\/v2\/product\/5247","targetHints":{"allow":["GET"]}}],"collection":[{"href":"https:\/\/www.quelagrow.com\/mx\/wp-json\/wp\/v2\/product"}],"about":[{"href":"https:\/\/www.quelagrow.com\/mx\/wp-json\/wp\/v2\/types\/product"}],"replies":[{"embeddable":true,"href":"https:\/\/www.quelagrow.com\/mx\/wp-json\/wp\/v2\/comments?post=5247"}],"version-history":[{"count":0,"href":"https:\/\/www.quelagrow.com\/mx\/wp-json\/wp\/v2\/product\/5247\/revisions"}],"wp:featuredmedia":[{"embeddable":true,"href":"https:\/\/www.quelagrow.com\/mx\/wp-json\/wp\/v2\/media\/6343"}],"wp:attachment":[{"href":"https:\/\/www.quelagrow.com\/mx\/wp-json\/wp\/v2\/media?parent=5247"}],"wp:term":[{"taxonomy":"product_brand","embeddable":true,"href":"https:\/\/www.quelagrow.com\/mx\/wp-json\/wp\/v2\/product_brand?post=5247"},{"taxonomy":"product_cat","embeddable":true,"href":"https:\/\/www.quelagrow.com\/mx\/wp-json\/wp\/v2\/product_cat?post=5247"},{"taxonomy":"product_tag","embeddable":true,"href":"https:\/\/www.quelagrow.com\/mx\/wp-json\/wp\/v2\/product_tag?post=5247"}],"curies":[{"name":"wp","href":"https:\/\/api.w.org\/{rel}","templated":true}]}}