{"id":5253,"date":"2024-10-24T11:35:32","date_gmt":"2024-10-24T09:35:32","guid":{"rendered":"https:\/\/webmuestra.com\/quelagrow\/uncategorized\/sulfato-cobre\/"},"modified":"2024-10-24T11:35:32","modified_gmt":"2024-10-24T09:35:32","slug":"sulfato-cobre","status":"publish","type":"product","link":"https:\/\/www.quelagrow.com\/mx\/bioprotectores-agricultura\/fungicidas-agricultura\/sulfato-cobre\/","title":{"rendered":"QUELAFERT\u00ae GLUCOBRE"},"content":{"rendered":"<p>Soluci\u00f3n de cobre a base de \u00e1cidos gluc\u00f3nicos, az\u00facares reductores y \u00e1cidos polihidroxicarbox\u00edlicos, que se caracteriza por ser bien absorbida tanto por v\u00eda foliar como radicular. Se utiliza como fuente de cobre en la prevenci\u00f3n y correcci\u00f3n de carencias debidas a deficiencias o desequilibrios en la asimilaci\u00f3n de este elemento. Aplicando <strong>QUELAFERT\u00ae GLUCOBRE<\/strong> obtenemos los siguientes beneficios:<\/p>\n<ul>\n<li>Prevenci\u00f3n de enfermedades f\u00fangicas con baja dosis de aplicaci\u00f3n lo que limita los residuos.<\/li>\n<li>Posibilidad de aplicaci\u00f3n foliar o radicular, reduciendo la aparici\u00f3n de resistencias.<\/li>\n<li>Cultivos con mayor vigor, resistencia a estr\u00e9s y mejores producciones.<\/li>\n<\/ul>\n","protected":false},"excerpt":{"rendered":"<p>Soluci\u00f3n de cobre a base de \u00e1cidos gluc\u00f3nicos, az\u00facares reductores y \u00e1cidos polihidroxicarbox\u00edlicos, que se caracteriza por ser bien absorbida tanto por v\u00eda foliar como radicular. Se utiliza como fuente de cobre en la prevenci\u00f3n y correcci\u00f3n de carencias debidas a deficiencias o desequilibrios en la asimilaci\u00f3n de este elemento. Aplicando QUELAFERT\u00ae GLUCOBRE obtenemos los [&hellip;]<\/p>\n","protected":false},"featured_media":6661,"comment_status":"closed","ping_status":"closed","template":"","meta":{"_acf_changed":false},"product_brand":[],"product_cat":[169,172],"product_tag":[230],"class_list":{"0":"post-5253","1":"product","2":"type-product","3":"status-publish","4":"has-post-thumbnail","6":"product_cat-bioprotectores-agricultura","7":"product_cat-fungicidas-agricultura","8":"product_tag-fungicidas-agricolas-cultivos","10":"first","11":"instock","12":"taxable","13":"shipping-taxable","14":"product-type-simple"},"acf":[],"_links":{"self":[{"href":"https:\/\/www.quelagrow.com\/mx\/wp-json\/wp\/v2\/product\/5253","targetHints":{"allow":["GET"]}}],"collection":[{"href":"https:\/\/www.quelagrow.com\/mx\/wp-json\/wp\/v2\/product"}],"about":[{"href":"https:\/\/www.quelagrow.com\/mx\/wp-json\/wp\/v2\/types\/product"}],"replies":[{"embeddable":true,"href":"https:\/\/www.quelagrow.com\/mx\/wp-json\/wp\/v2\/comments?post=5253"}],"version-history":[{"count":0,"href":"https:\/\/www.quelagrow.com\/mx\/wp-json\/wp\/v2\/product\/5253\/revisions"}],"wp:featuredmedia":[{"embeddable":true,"href":"https:\/\/www.quelagrow.com\/mx\/wp-json\/wp\/v2\/media\/6661"}],"wp:attachment":[{"href":"https:\/\/www.quelagrow.com\/mx\/wp-json\/wp\/v2\/media?parent=5253"}],"wp:term":[{"taxonomy":"product_brand","embeddable":true,"href":"https:\/\/www.quelagrow.com\/mx\/wp-json\/wp\/v2\/product_brand?post=5253"},{"taxonomy":"product_cat","embeddable":true,"href":"https:\/\/www.quelagrow.com\/mx\/wp-json\/wp\/v2\/product_cat?post=5253"},{"taxonomy":"product_tag","embeddable":true,"href":"https:\/\/www.quelagrow.com\/mx\/wp-json\/wp\/v2\/product_tag?post=5253"}],"curies":[{"name":"wp","href":"https:\/\/api.w.org\/{rel}","templated":true}]}}