{"id":5254,"date":"2024-10-24T11:30:22","date_gmt":"2024-10-24T09:30:22","guid":{"rendered":"https:\/\/webmuestra.com\/quelagrow\/uncategorized\/fitofortificante-contra-hongos\/"},"modified":"2024-10-24T11:30:22","modified_gmt":"2024-10-24T09:30:22","slug":"fitofortificante-contra-hongos","status":"publish","type":"product","link":"https:\/\/www.quelagrow.com\/mx\/bioprotectores-agricultura\/fungicidas-agricultura\/fitofortificante-contra-hongos\/","title":{"rendered":"QUELAFERT\u00ae LECICAL"},"content":{"rendered":"<p>Formulado de extracto de plantas leguminosas que contiene elementos nutritivos adicionales complejados con \u00e1cidos policarbox\u00edlicos, presentando una doble funci\u00f3n:<\/p>\n<ol>\n<li>Aportamos a la planta elementos nutritivos de alto valor biol\u00f3gico, que son f\u00e1cilmente asimilables por la planta tanto por v\u00eda radicular como foliar.<\/li>\n<li>Tiene un efecto natural profil\u00e1ctico sobre los hongos pat\u00f3genos tipo Mildiu ya que ayuda a reforzar las paredes celulares y dificulta la penetraci\u00f3n del par\u00e1sito favoreciendo la s\u00edntesis de fenoles y fitoalexinas (sustancias naturales de defensa).<\/li>\n<\/ol>\n<p>El Mildiu es una enfermedad criptog\u00e1mica producida por hongos que tiene como resultado el crecimiento de hifas f\u00fangicas en los tejidos vegetales, madera, cuero, papel, etc. El Mildiu se adentra en los tejidos de hojas, tallos y frutos. En agricultura suele da\u00f1ar cultivos de patata, vid, tabaco y cucurbit\u00e1ceas.<\/p>\n<p>  <span id=\"more-17429\"><\/span>Necesita unas condiciones clim\u00e1ticas determinadas para su reproducci\u00f3n, aunque puede permanecer latente durante un largo periodo de tiempo antes de activarse. La principal fuente de infecci\u00f3n suelen ser restos vegetales donde la enfermedad puede alojarse para ser diseminada m\u00e1s tarde por agentes externos como el viento, animales o el propio hombre.<\/p>\n","protected":false},"excerpt":{"rendered":"<p>Formulado de extracto de plantas leguminosas que contiene elementos nutritivos adicionales complejados con \u00e1cidos policarbox\u00edlicos, presentando una doble funci\u00f3n: Aportamos a la planta elementos nutritivos de alto valor biol\u00f3gico, que son f\u00e1cilmente asimilables por la planta tanto por v\u00eda radicular como foliar. Tiene un efecto natural profil\u00e1ctico sobre los hongos pat\u00f3genos tipo Mildiu ya que [&hellip;]<\/p>\n","protected":false},"featured_media":6823,"comment_status":"closed","ping_status":"closed","template":"","meta":{"_acf_changed":false},"product_brand":[],"product_cat":[169,172],"product_tag":[],"class_list":{"0":"post-5254","1":"product","2":"type-product","3":"status-publish","4":"has-post-thumbnail","6":"product_cat-bioprotectores-agricultura","7":"product_cat-fungicidas-agricultura","9":"first","10":"instock","11":"taxable","12":"shipping-taxable","13":"product-type-simple"},"acf":[],"_links":{"self":[{"href":"https:\/\/www.quelagrow.com\/mx\/wp-json\/wp\/v2\/product\/5254","targetHints":{"allow":["GET"]}}],"collection":[{"href":"https:\/\/www.quelagrow.com\/mx\/wp-json\/wp\/v2\/product"}],"about":[{"href":"https:\/\/www.quelagrow.com\/mx\/wp-json\/wp\/v2\/types\/product"}],"replies":[{"embeddable":true,"href":"https:\/\/www.quelagrow.com\/mx\/wp-json\/wp\/v2\/comments?post=5254"}],"version-history":[{"count":0,"href":"https:\/\/www.quelagrow.com\/mx\/wp-json\/wp\/v2\/product\/5254\/revisions"}],"wp:featuredmedia":[{"embeddable":true,"href":"https:\/\/www.quelagrow.com\/mx\/wp-json\/wp\/v2\/media\/6823"}],"wp:attachment":[{"href":"https:\/\/www.quelagrow.com\/mx\/wp-json\/wp\/v2\/media?parent=5254"}],"wp:term":[{"taxonomy":"product_brand","embeddable":true,"href":"https:\/\/www.quelagrow.com\/mx\/wp-json\/wp\/v2\/product_brand?post=5254"},{"taxonomy":"product_cat","embeddable":true,"href":"https:\/\/www.quelagrow.com\/mx\/wp-json\/wp\/v2\/product_cat?post=5254"},{"taxonomy":"product_tag","embeddable":true,"href":"https:\/\/www.quelagrow.com\/mx\/wp-json\/wp\/v2\/product_tag?post=5254"}],"curies":[{"name":"wp","href":"https:\/\/api.w.org\/{rel}","templated":true}]}}