{"id":5255,"date":"2024-10-24T11:26:48","date_gmt":"2024-10-24T09:26:48","guid":{"rendered":"https:\/\/webmuestra.com\/quelagrow\/uncategorized\/fosfito-magnesio\/"},"modified":"2024-10-24T11:26:48","modified_gmt":"2024-10-24T09:26:48","slug":"fosfito-magnesio","status":"publish","type":"product","link":"https:\/\/www.quelagrow.com\/mx\/bioprotectores-agricultura\/fungicidas-agricultura\/fosfito-magnesio\/","title":{"rendered":"QUELAFERT\u00ae FOS-Mg"},"content":{"rendered":"<p>El i\u00f3n potasio unido al i\u00f3n magnesio est\u00e1n ampliamente reconocidos por su poder fungiest\u00e1tico. Producto libre de cloruros. <strong>QUELAFERT\u00ae FOS-Mg<\/strong> incrementa las defensas frente a ataques de origen f\u00fangico en especial Oomicetes (mildium) y tiene tambi\u00e9n efecto sobre Phytophthora y Ph paras\u00edtica que son responsables de las podredumbres de cuello, aguados, gomosis, etc. <\/p>\n","protected":false},"excerpt":{"rendered":"<p>El i\u00f3n potasio unido al i\u00f3n magnesio est\u00e1n ampliamente reconocidos por su poder fungiest\u00e1tico. Producto libre de cloruros. QUELAFERT\u00ae FOS-Mg incrementa las defensas frente a ataques de origen f\u00fangico en especial Oomicetes (mildium) y tiene tambi\u00e9n efecto sobre Phytophthora y Ph paras\u00edtica que son responsables de las podredumbres de cuello, aguados, gomosis, etc.<\/p>\n","protected":false},"featured_media":3474,"comment_status":"closed","ping_status":"closed","template":"","meta":{"_acf_changed":false},"product_brand":[],"product_cat":[169,172],"product_tag":[],"class_list":{"0":"post-5255","1":"product","2":"type-product","3":"status-publish","4":"has-post-thumbnail","6":"product_cat-bioprotectores-agricultura","7":"product_cat-fungicidas-agricultura","9":"first","10":"instock","11":"taxable","12":"shipping-taxable","13":"product-type-simple"},"acf":[],"_links":{"self":[{"href":"https:\/\/www.quelagrow.com\/mx\/wp-json\/wp\/v2\/product\/5255","targetHints":{"allow":["GET"]}}],"collection":[{"href":"https:\/\/www.quelagrow.com\/mx\/wp-json\/wp\/v2\/product"}],"about":[{"href":"https:\/\/www.quelagrow.com\/mx\/wp-json\/wp\/v2\/types\/product"}],"replies":[{"embeddable":true,"href":"https:\/\/www.quelagrow.com\/mx\/wp-json\/wp\/v2\/comments?post=5255"}],"version-history":[{"count":0,"href":"https:\/\/www.quelagrow.com\/mx\/wp-json\/wp\/v2\/product\/5255\/revisions"}],"wp:featuredmedia":[{"embeddable":true,"href":"https:\/\/www.quelagrow.com\/mx\/wp-json\/wp\/v2\/media\/3474"}],"wp:attachment":[{"href":"https:\/\/www.quelagrow.com\/mx\/wp-json\/wp\/v2\/media?parent=5255"}],"wp:term":[{"taxonomy":"product_brand","embeddable":true,"href":"https:\/\/www.quelagrow.com\/mx\/wp-json\/wp\/v2\/product_brand?post=5255"},{"taxonomy":"product_cat","embeddable":true,"href":"https:\/\/www.quelagrow.com\/mx\/wp-json\/wp\/v2\/product_cat?post=5255"},{"taxonomy":"product_tag","embeddable":true,"href":"https:\/\/www.quelagrow.com\/mx\/wp-json\/wp\/v2\/product_tag?post=5255"}],"curies":[{"name":"wp","href":"https:\/\/api.w.org\/{rel}","templated":true}]}}