{"id":5258,"date":"2024-10-24T11:12:52","date_gmt":"2024-10-24T09:12:52","guid":{"rendered":"https:\/\/webmuestra.com\/quelagrow\/uncategorized\/botrytis\/"},"modified":"2024-10-24T11:12:52","modified_gmt":"2024-10-24T09:12:52","slug":"botrytis","status":"publish","type":"product","link":"https:\/\/www.quelagrow.com\/mx\/bioprotectores-agricultura\/fungicidas-agricultura\/botrytis\/","title":{"rendered":"QUELAFERT\u00ae OREGON"},"content":{"rendered":"<p>Formulado a base de extractos pot\u00e1sicos con efecto natural preventivo y curativo contra la botrytis. Su aplicaci\u00f3n ataca el micelio del hongo produciendo la desecaci\u00f3n del mismo. Producto libre de qu\u00edmicos, residuo cero. El factor m\u00e1s importante para la aparici\u00f3n de la botrytis es la humedad<strong>,<\/strong> ya que es indispensable para su desarrollo<strong>. <\/strong>Cuanto m\u00e1s alto sea el grado de humedad en el ambiente, m\u00e1s posibilidades tendr\u00e1n las plantas de contraer una infecci\u00f3n por hongos.  <\/p>\n<p><strong><br \/>\n<\/strong><\/p>\n<p>La temperatura ideal para la aparici\u00f3n de la <em>botrytis<\/em> es de 17\u00b0 a 25\u00b0C, pero tambi\u00e9n puede aparecer con temperaturas m\u00e1s elevadas. La <em>Botrytis Cin\u00e9rea<\/em> es un hongo que ataca los tejidos vegetales sanos de las plantas (parasitismo), los ya infectados (oportunismo), y tambi\u00e9n los tejidos muertos (saprofitismo). Las esporas de este hongo, diseminadas por el viento, son capaces de perdurar en estado de latencia durante varios a\u00f1os en el suelo o el entorno, hasta que las condiciones sean favorables para su desarrollo. Todas las partes de la planta pueden ser atacadas: ra\u00edces, hojas, tallos, flores, frutas\u2026 <\/p>\n","protected":false},"excerpt":{"rendered":"<p>Formulado a base de extractos pot\u00e1sicos con efecto natural preventivo y curativo contra la botrytis. Su aplicaci\u00f3n ataca el micelio del hongo produciendo la desecaci\u00f3n del mismo. Producto libre de qu\u00edmicos, residuo cero. El factor m\u00e1s importante para la aparici\u00f3n de la botrytis es la humedad, ya que es indispensable para su desarrollo. Cuanto m\u00e1s [&hellip;]<\/p>\n","protected":false},"featured_media":6361,"comment_status":"closed","ping_status":"closed","template":"","meta":{"_acf_changed":false},"product_brand":[],"product_cat":[169,172],"product_tag":[],"class_list":{"0":"post-5258","1":"product","2":"type-product","3":"status-publish","4":"has-post-thumbnail","6":"product_cat-bioprotectores-agricultura","7":"product_cat-fungicidas-agricultura","9":"first","10":"instock","11":"taxable","12":"shipping-taxable","13":"product-type-simple"},"acf":[],"_links":{"self":[{"href":"https:\/\/www.quelagrow.com\/mx\/wp-json\/wp\/v2\/product\/5258","targetHints":{"allow":["GET"]}}],"collection":[{"href":"https:\/\/www.quelagrow.com\/mx\/wp-json\/wp\/v2\/product"}],"about":[{"href":"https:\/\/www.quelagrow.com\/mx\/wp-json\/wp\/v2\/types\/product"}],"replies":[{"embeddable":true,"href":"https:\/\/www.quelagrow.com\/mx\/wp-json\/wp\/v2\/comments?post=5258"}],"version-history":[{"count":0,"href":"https:\/\/www.quelagrow.com\/mx\/wp-json\/wp\/v2\/product\/5258\/revisions"}],"wp:featuredmedia":[{"embeddable":true,"href":"https:\/\/www.quelagrow.com\/mx\/wp-json\/wp\/v2\/media\/6361"}],"wp:attachment":[{"href":"https:\/\/www.quelagrow.com\/mx\/wp-json\/wp\/v2\/media?parent=5258"}],"wp:term":[{"taxonomy":"product_brand","embeddable":true,"href":"https:\/\/www.quelagrow.com\/mx\/wp-json\/wp\/v2\/product_brand?post=5258"},{"taxonomy":"product_cat","embeddable":true,"href":"https:\/\/www.quelagrow.com\/mx\/wp-json\/wp\/v2\/product_cat?post=5258"},{"taxonomy":"product_tag","embeddable":true,"href":"https:\/\/www.quelagrow.com\/mx\/wp-json\/wp\/v2\/product_tag?post=5258"}],"curies":[{"name":"wp","href":"https:\/\/api.w.org\/{rel}","templated":true}]}}