{"id":5261,"date":"2024-10-23T11:47:18","date_gmt":"2024-10-23T09:47:18","guid":{"rendered":"https:\/\/webmuestra.com\/quelagrow\/uncategorized\/acaricida\/"},"modified":"2025-04-06T16:18:31","modified_gmt":"2025-04-06T14:18:31","slug":"acaricida","status":"publish","type":"product","link":"https:\/\/www.quelagrow.com\/mx\/bioprotectores-agricultura\/insecticidas-agricultura\/acaricida\/","title":{"rendered":"QUELAFERT\u00ae HACKER"},"content":{"rendered":"<p>Producto con base jabonosa especialmente dise\u00f1ado para el control de ara\u00f1a roja y \u00e1caros en general. Controla dichas plagas con residuo cero. Act\u00faa por ingesti\u00f3n y contacto. <\/p>\n","protected":false},"excerpt":{"rendered":"<p>Producto con base jabonosa especialmente dise\u00f1ado para el control de ara\u00f1a roja y \u00e1caros en general. Controla dichas plagas con residuo cero. Act\u00faa por ingesti\u00f3n y contacto.<\/p>\n","protected":false},"featured_media":8048,"comment_status":"closed","ping_status":"closed","template":"","meta":{"_acf_changed":false},"product_brand":[],"product_cat":[169,173],"product_tag":[],"class_list":{"0":"post-5261","1":"product","2":"type-product","3":"status-publish","4":"has-post-thumbnail","6":"product_cat-bioprotectores-agricultura","7":"product_cat-insecticidas-agricultura","9":"first","10":"instock","11":"taxable","12":"shipping-taxable","13":"product-type-simple"},"acf":[],"_links":{"self":[{"href":"https:\/\/www.quelagrow.com\/mx\/wp-json\/wp\/v2\/product\/5261","targetHints":{"allow":["GET"]}}],"collection":[{"href":"https:\/\/www.quelagrow.com\/mx\/wp-json\/wp\/v2\/product"}],"about":[{"href":"https:\/\/www.quelagrow.com\/mx\/wp-json\/wp\/v2\/types\/product"}],"replies":[{"embeddable":true,"href":"https:\/\/www.quelagrow.com\/mx\/wp-json\/wp\/v2\/comments?post=5261"}],"version-history":[{"count":1,"href":"https:\/\/www.quelagrow.com\/mx\/wp-json\/wp\/v2\/product\/5261\/revisions"}],"predecessor-version":[{"id":7232,"href":"https:\/\/www.quelagrow.com\/mx\/wp-json\/wp\/v2\/product\/5261\/revisions\/7232"}],"wp:featuredmedia":[{"embeddable":true,"href":"https:\/\/www.quelagrow.com\/mx\/wp-json\/wp\/v2\/media\/8048"}],"wp:attachment":[{"href":"https:\/\/www.quelagrow.com\/mx\/wp-json\/wp\/v2\/media?parent=5261"}],"wp:term":[{"taxonomy":"product_brand","embeddable":true,"href":"https:\/\/www.quelagrow.com\/mx\/wp-json\/wp\/v2\/product_brand?post=5261"},{"taxonomy":"product_cat","embeddable":true,"href":"https:\/\/www.quelagrow.com\/mx\/wp-json\/wp\/v2\/product_cat?post=5261"},{"taxonomy":"product_tag","embeddable":true,"href":"https:\/\/www.quelagrow.com\/mx\/wp-json\/wp\/v2\/product_tag?post=5261"}],"curies":[{"name":"wp","href":"https:\/\/api.w.org\/{rel}","templated":true}]}}